{"id":937,"date":"2020-09-21T11:19:23","date_gmt":"2020-09-21T09:19:23","guid":{"rendered":"https:\/\/www.komtu.org\/sobre-komtu\/"},"modified":"2025-02-06T13:25:08","modified_gmt":"2025-02-06T12:25:08","slug":"sobre-komtu","status":"publish","type":"page","link":"https:\/\/www.komtu.org\/es\/sobre-komtu\/","title":{"rendered":"SOBRE EL PROGRAMA"},"content":{"rendered":"<div class=\"wpb-content-wrapper\"><p>[vc_row unlock_row_content=\u00bbyes\u00bb row_height_percent=\u00bb100&#8243; override_padding=\u00bbyes\u00bb h_padding=\u00bb0&#8243; top_padding=\u00bb3&#8243; bottom_padding=\u00bb2&#8243; overlay_alpha=\u00bb50&#8243; gutter_size=\u00bb1&#8243; column_width_percent=\u00bb100&#8243; shift_y=\u00bb0&#8243; z_index=\u00bb0&#8243; el_class=\u00bbinverted-device-order\u00bb uncode_shortcode_id=\u00bb612645&#8243;][vc_column column_width_use_pixel=\u00bbyes\u00bb position_vertical=\u00bbmiddle\u00bb gutter_size=\u00bb2&#8243; override_padding=\u00bbyes\u00bb column_padding=\u00bb4&#8243; overlay_alpha=\u00bb50&#8243; shift_x=\u00bb0&#8243; shift_y=\u00bb0&#8243; shift_y_down=\u00bb0&#8243; z_index=\u00bb0&#8243; medium_width=\u00bb0&#8243; mobile_width=\u00bb0&#8243; width=\u00bb1\/2&#8243; column_width_pixel=\u00bb528&#8243; uncode_shortcode_id=\u00bb105188&#8243;][vc_custom_heading text_size=\u00bbh4&#8243; uncode_shortcode_id=\u00bb153362&#8243;]<span style=\"color: #000000;\"><strong>EDUCACI\u00d3N EMOCIONAL Y APRENDIZAJE<\/strong><\/span>[\/vc_custom_heading][vc_column_text uncode_shortcode_id=\u00bb366190&#8243;]<span style=\"color: #000000;\">KOMT\u00dc considera la educaci\u00f3n emocional y el bienestar de los ni\u00f1os como vitales para su aprendizaje. La salud emocional y relacional es la capacidad de los ni\u00f1os y ni\u00f1as de experimentar, regular y expresar sus emociones.<\/span><\/p>\n<p><span style=\"color: #000000;\">A partir de esta, construyen relaciones de manera segura y satisfactoria y descubren el mundo que los rodea. Y es que, mediante la educaci\u00f3n y el bienestar emocional, se potencian sus capacidades de aprender y avanzar en la escuela y en la vida.<\/span>[\/vc_column_text][\/vc_column][vc_column column_width_percent=\u00bb100&#8243; gutter_size=\u00bb3&#8243; override_padding=\u00bbyes\u00bb column_padding=\u00bb0&#8243; overlay_alpha=\u00bb50&#8243; shift_x=\u00bb0&#8243; shift_y=\u00bb0&#8243; shift_y_down=\u00bb0&#8243; z_index=\u00bb0&#8243; medium_width=\u00bb0&#8243; mobile_width=\u00bb0&#8243; width=\u00bb1\/2&#8243; mobile_height=\u00bb340&#8243; uncode_shortcode_id=\u00bb975044&#8243;][vc_single_image media=\u00bb3132&#8243; media_width_use_pixel=\u00bbyes\u00bb alignment=\u00bbright\u00bb uncode_shortcode_id=\u00bb194069&#8243;][\/vc_column][\/vc_row][vc_row unlock_row=\u00bb\u00bb row_height_percent=\u00bb70&#8243; override_padding=\u00bbyes\u00bb h_padding=\u00bb0&#8243; top_padding=\u00bb0&#8243; bottom_padding=\u00bb1&#8243; overlay_alpha=\u00bb50&#8243; equal_height=\u00bbyes\u00bb gutter_size=\u00bb0&#8243; column_width_percent=\u00bb0&#8243; shift_y=\u00bb0&#8243; z_index=\u00bb0&#8243; uncode_shortcode_id=\u00bb138370&#8243; css=\u00bb.vc_custom_1696328361440{border-left-width: 4px !important;}\u00bb][vc_column column_width_percent=\u00bb100&#8243; position_vertical=\u00bbmiddle\u00bb gutter_size=\u00bb0&#8243; override_padding=\u00bbyes\u00bb column_padding=\u00bb0&#8243; overlay_alpha=\u00bb50&#8243; shift_x=\u00bb0&#8243; shift_y=\u00bb0&#8243; shift_y_down=\u00bb0&#8243; z_index=\u00bb0&#8243; medium_width=\u00bb0&#8243; mobile_width=\u00bb0&#8243; width=\u00bb1\/2&#8243; uncode_shortcode_id=\u00bb160408&#8243; back_color_type=\u00bbuncode-solid\u00bb][vc_single_image media=\u00bb3210&#8243; media_width_percent=\u00bb100&#8243; alignment=\u00bbright\u00bb uncode_shortcode_id=\u00bb532273&#8243;][\/vc_column][vc_column column_width_percent=\u00bb100&#8243; position_vertical=\u00bbmiddle\u00bb gutter_size=\u00bb6&#8243; overlay_alpha=\u00bb50&#8243; shift_x=\u00bb0&#8243; shift_y=\u00bb0&#8243; shift_y_down=\u00bb0&#8243; z_index=\u00bb0&#8243; medium_width=\u00bb0&#8243; mobile_width=\u00bb0&#8243; width=\u00bb1\/2&#8243; uncode_shortcode_id=\u00bb129282&#8243; back_color_type=\u00bbuncode-solid\u00bb back_color_solid=\u00bb#ee7140&#8243;][vc_row_inner row_inner_height_percent=\u00bb0&#8243; overlay_alpha=\u00bb50&#8243; gutter_size=\u00bb3&#8243; shift_y=\u00bb0&#8243; z_index=\u00bb0&#8243; limit_content=\u00bb\u00bb uncode_shortcode_id=\u00bb195651&#8243; back_color_type=\u00bbuncode-solid\u00bb][vc_column_inner column_width_percent=\u00bb100&#8243; position_vertical=\u00bbmiddle\u00bb gutter_size=\u00bb0&#8243; overlay_alpha=\u00bb50&#8243; shift_x=\u00bb0&#8243; shift_y=\u00bb0&#8243; shift_y_down=\u00bb0&#8243; z_index=\u00bb0&#8243; medium_width=\u00bb0&#8243; mobile_width=\u00bb0&#8243; width=\u00bb1\/1&#8243; uncode_shortcode_id=\u00bb143181&#8243; back_color_type=\u00bbuncode-solid\u00bb][vc_custom_heading heading_semantic=\u00bbh4&#8243; text_size=\u00bbh4&#8243; uncode_shortcode_id=\u00bb135102&#8243;]<strong><span style=\"color: #ffffff;\">METODOLOG\u00cdA<\/span><\/strong>[\/vc_custom_heading][vc_empty_space empty_h=\u00bb1&#8243;][vc_column_text text_color=\u00bbcolor-xsdn\u00bb uncode_shortcode_id=\u00bb192682&#8243; text_color_type=\u00bbuncode-palette\u00bb]<span style=\"color: #ffffff;\">KOMT\u00dc es un programa de promoci\u00f3n y prevenci\u00f3n que parte de la evidencia cient\u00edfica que se\u00f1ala que las propuestas que funcionan son aquellas que abordan la salud mental desde un punto de vista sist\u00e9mico, integral y universal.<\/span><\/p>\n<p><span style=\"color: #ffffff;\">El programa cumple los ocho principios b\u00e1sicos que establecen la Agencia de Salud P\u00fablica de Inglaterra y la Coalici\u00f3n de Salud Mental Infantil y Juvenil para promover la salud y el bienestar emocional en las escuelas. Tambi\u00e9n sigue las principales recomendaciones de organismos internacionales (OMS, UNESCO, Naciones Unidas o Comisi\u00f3n Europea) en relaci\u00f3n con la promoci\u00f3n de la educaci\u00f3n y el bienestar emocional en los centros educativos.<\/span>[\/vc_column_text][\/vc_column_inner][\/vc_row_inner][\/vc_column][\/vc_row][vc_row][vc_column width=\u00bb1\/1&#8243;][vc_empty_space empty_h=\u00bb1&#8243;][\/vc_column][\/vc_row]<\/p>\n<\/div>","protected":false},"excerpt":{"rendered":"[vc_row unlock_row_content=\"yes\" row_height_percent=\"100\" override_padding=\"yes\" h_padding=\"0\" top_padding=\"3\" bottom_padding=\"2\" overlay_alpha=\"50\" gutter_size=\"1\" column_width_percent=\"100\" shift_y=\"0\" z_index=\"0\" el_class=\"inverted-device-order\" uncode_shortcode_id=\"612645\"][vc_column column_width_use_pixel=\"yes\" position_vertical=\"middle\" gutter_size=\"2\" override_padding=\"yes\" column_padding=\"4\" overlay_alpha=\"50\" [...]","protected":false},"author":1,"featured_media":3360,"parent":0,"menu_order":0,"comment_status":"closed","ping_status":"closed","template":"","meta":{"footnotes":""},"class_list":["post-937","page","type-page","status-publish","has-post-thumbnail","hentry"],"yoast_head":"<!-- This site is optimized with the Yoast SEO plugin v27.4 - https:\/\/yoast.com\/product\/yoast-seo-wordpress\/ -->\n<title>SOBRE EL PROGRAMA - Komtu<\/title>\n<meta name=\"robots\" content=\"index, follow, max-snippet:-1, max-image-preview:large, max-video-preview:-1\" \/>\n<link rel=\"canonical\" href=\"https:\/\/www.komtu.org\/es\/sobre-komtu\/\" \/>\n<meta property=\"og:locale\" content=\"es_ES\" \/>\n<meta property=\"og:type\" content=\"article\" \/>\n<meta property=\"og:title\" content=\"SOBRE EL PROGRAMA - Komtu\" \/>\n<meta property=\"og:url\" content=\"https:\/\/www.komtu.org\/es\/sobre-komtu\/\" \/>\n<meta property=\"og:site_name\" content=\"Komtu\" \/>\n<meta property=\"article:modified_time\" content=\"2025-02-06T12:25:08+00:00\" \/>\n<meta property=\"og:image\" content=\"https:\/\/www.komtu.org\/wp-content\/uploads\/sites\/3\/2023\/09\/IMG_6104-scaled.jpg\" \/>\n\t<meta property=\"og:image:width\" content=\"2560\" \/>\n\t<meta property=\"og:image:height\" content=\"1707\" \/>\n\t<meta property=\"og:image:type\" content=\"image\/jpeg\" \/>\n<meta name=\"twitter:card\" content=\"summary_large_image\" \/>\n<meta name=\"twitter:label1\" content=\"Tiempo de lectura\" \/>\n\t<meta name=\"twitter:data1\" content=\"2 minutos\" \/>\n<script type=\"application\/ld+json\" class=\"yoast-schema-graph\">{\"@context\":\"https:\\\/\\\/schema.org\",\"@graph\":[{\"@type\":\"WebPage\",\"@id\":\"https:\\\/\\\/www.komtu.org\\\/es\\\/sobre-komtu\\\/\",\"url\":\"https:\\\/\\\/www.komtu.org\\\/es\\\/sobre-komtu\\\/\",\"name\":\"SOBRE EL PROGRAMA - Komtu\",\"isPartOf\":{\"@id\":\"https:\\\/\\\/www.komtu.org\\\/es\\\/#website\"},\"primaryImageOfPage\":{\"@id\":\"https:\\\/\\\/www.komtu.org\\\/es\\\/sobre-komtu\\\/#primaryimage\"},\"image\":{\"@id\":\"https:\\\/\\\/www.komtu.org\\\/es\\\/sobre-komtu\\\/#primaryimage\"},\"thumbnailUrl\":\"https:\\\/\\\/www.komtu.org\\\/wp-content\\\/uploads\\\/sites\\\/3\\\/2023\\\/09\\\/IMG_6104-scaled.jpg\",\"datePublished\":\"2020-09-21T09:19:23+00:00\",\"dateModified\":\"2025-02-06T12:25:08+00:00\",\"breadcrumb\":{\"@id\":\"https:\\\/\\\/www.komtu.org\\\/es\\\/sobre-komtu\\\/#breadcrumb\"},\"inLanguage\":\"es\",\"potentialAction\":[{\"@type\":\"ReadAction\",\"target\":[\"https:\\\/\\\/www.komtu.org\\\/es\\\/sobre-komtu\\\/\"]}]},{\"@type\":\"ImageObject\",\"inLanguage\":\"es\",\"@id\":\"https:\\\/\\\/www.komtu.org\\\/es\\\/sobre-komtu\\\/#primaryimage\",\"url\":\"https:\\\/\\\/www.komtu.org\\\/wp-content\\\/uploads\\\/sites\\\/3\\\/2023\\\/09\\\/IMG_6104-scaled.jpg\",\"contentUrl\":\"https:\\\/\\\/www.komtu.org\\\/wp-content\\\/uploads\\\/sites\\\/3\\\/2023\\\/09\\\/IMG_6104-scaled.jpg\",\"width\":2560,\"height\":1707},{\"@type\":\"BreadcrumbList\",\"@id\":\"https:\\\/\\\/www.komtu.org\\\/es\\\/sobre-komtu\\\/#breadcrumb\",\"itemListElement\":[{\"@type\":\"ListItem\",\"position\":1,\"name\":\"Portada\",\"item\":\"https:\\\/\\\/www.komtu.org\\\/es\\\/\"},{\"@type\":\"ListItem\",\"position\":2,\"name\":\"SOBRE EL PROGRAMA\"}]},{\"@type\":\"WebSite\",\"@id\":\"https:\\\/\\\/www.komtu.org\\\/es\\\/#website\",\"url\":\"https:\\\/\\\/www.komtu.org\\\/es\\\/\",\"name\":\"Komtu\",\"description\":\"Otro sitio m\u00e1s de Nous Cims sitios\",\"potentialAction\":[{\"@type\":\"SearchAction\",\"target\":{\"@type\":\"EntryPoint\",\"urlTemplate\":\"https:\\\/\\\/www.komtu.org\\\/es\\\/?s={search_term_string}\"},\"query-input\":{\"@type\":\"PropertyValueSpecification\",\"valueRequired\":true,\"valueName\":\"search_term_string\"}}],\"inLanguage\":\"es\"}]}<\/script>\n<!-- \/ Yoast SEO plugin. -->","yoast_head_json":{"title":"SOBRE EL PROGRAMA - Komtu","robots":{"index":"index","follow":"follow","max-snippet":"max-snippet:-1","max-image-preview":"max-image-preview:large","max-video-preview":"max-video-preview:-1"},"canonical":"https:\/\/www.komtu.org\/es\/sobre-komtu\/","og_locale":"es_ES","og_type":"article","og_title":"SOBRE EL PROGRAMA - Komtu","og_url":"https:\/\/www.komtu.org\/es\/sobre-komtu\/","og_site_name":"Komtu","article_modified_time":"2025-02-06T12:25:08+00:00","og_image":[{"width":2560,"height":1707,"url":"https:\/\/www.komtu.org\/wp-content\/uploads\/sites\/3\/2023\/09\/IMG_6104-scaled.jpg","type":"image\/jpeg"}],"twitter_card":"summary_large_image","twitter_misc":{"Tiempo de lectura":"2 minutos"},"schema":{"@context":"https:\/\/schema.org","@graph":[{"@type":"WebPage","@id":"https:\/\/www.komtu.org\/es\/sobre-komtu\/","url":"https:\/\/www.komtu.org\/es\/sobre-komtu\/","name":"SOBRE EL PROGRAMA - Komtu","isPartOf":{"@id":"https:\/\/www.komtu.org\/es\/#website"},"primaryImageOfPage":{"@id":"https:\/\/www.komtu.org\/es\/sobre-komtu\/#primaryimage"},"image":{"@id":"https:\/\/www.komtu.org\/es\/sobre-komtu\/#primaryimage"},"thumbnailUrl":"https:\/\/www.komtu.org\/wp-content\/uploads\/sites\/3\/2023\/09\/IMG_6104-scaled.jpg","datePublished":"2020-09-21T09:19:23+00:00","dateModified":"2025-02-06T12:25:08+00:00","breadcrumb":{"@id":"https:\/\/www.komtu.org\/es\/sobre-komtu\/#breadcrumb"},"inLanguage":"es","potentialAction":[{"@type":"ReadAction","target":["https:\/\/www.komtu.org\/es\/sobre-komtu\/"]}]},{"@type":"ImageObject","inLanguage":"es","@id":"https:\/\/www.komtu.org\/es\/sobre-komtu\/#primaryimage","url":"https:\/\/www.komtu.org\/wp-content\/uploads\/sites\/3\/2023\/09\/IMG_6104-scaled.jpg","contentUrl":"https:\/\/www.komtu.org\/wp-content\/uploads\/sites\/3\/2023\/09\/IMG_6104-scaled.jpg","width":2560,"height":1707},{"@type":"BreadcrumbList","@id":"https:\/\/www.komtu.org\/es\/sobre-komtu\/#breadcrumb","itemListElement":[{"@type":"ListItem","position":1,"name":"Portada","item":"https:\/\/www.komtu.org\/es\/"},{"@type":"ListItem","position":2,"name":"SOBRE EL PROGRAMA"}]},{"@type":"WebSite","@id":"https:\/\/www.komtu.org\/es\/#website","url":"https:\/\/www.komtu.org\/es\/","name":"Komtu","description":"Otro sitio m\u00e1s de Nous Cims sitios","potentialAction":[{"@type":"SearchAction","target":{"@type":"EntryPoint","urlTemplate":"https:\/\/www.komtu.org\/es\/?s={search_term_string}"},"query-input":{"@type":"PropertyValueSpecification","valueRequired":true,"valueName":"search_term_string"}}],"inLanguage":"es"}]}},"_links":{"self":[{"href":"https:\/\/www.komtu.org\/es\/wp-json\/wp\/v2\/pages\/937","targetHints":{"allow":["GET"]}}],"collection":[{"href":"https:\/\/www.komtu.org\/es\/wp-json\/wp\/v2\/pages"}],"about":[{"href":"https:\/\/www.komtu.org\/es\/wp-json\/wp\/v2\/types\/page"}],"author":[{"embeddable":true,"href":"https:\/\/www.komtu.org\/es\/wp-json\/wp\/v2\/users\/1"}],"replies":[{"embeddable":true,"href":"https:\/\/www.komtu.org\/es\/wp-json\/wp\/v2\/comments?post=937"}],"version-history":[{"count":11,"href":"https:\/\/www.komtu.org\/es\/wp-json\/wp\/v2\/pages\/937\/revisions"}],"predecessor-version":[{"id":4706,"href":"https:\/\/www.komtu.org\/es\/wp-json\/wp\/v2\/pages\/937\/revisions\/4706"}],"wp:featuredmedia":[{"embeddable":true,"href":"https:\/\/www.komtu.org\/es\/wp-json\/wp\/v2\/media\/3360"}],"wp:attachment":[{"href":"https:\/\/www.komtu.org\/es\/wp-json\/wp\/v2\/media?parent=937"}],"curies":[{"name":"wp","href":"https:\/\/api.w.org\/{rel}","templated":true}]}}