{"id":929,"date":"2020-09-21T11:10:08","date_gmt":"2020-09-21T09:10:08","guid":{"rendered":"https:\/\/www.komtu.org\/como-lo-hacemos\/"},"modified":"2025-10-16T17:11:47","modified_gmt":"2025-10-16T15:11:47","slug":"como-lo-hacemos","status":"publish","type":"page","link":"https:\/\/www.komtu.org\/es\/como-lo-hacemos\/","title":{"rendered":"C\u00d3MO LO HACEMOS"},"content":{"rendered":"<div class=\"wpb-content-wrapper\"><p>[vc_row unlock_row_content=\u00bbyes\u00bb row_height_percent=\u00bb60&#8243; override_padding=\u00bbyes\u00bb h_padding=\u00bb0&#8243; top_padding=\u00bb2&#8243; bottom_padding=\u00bb0&#8243; overlay_alpha=\u00bb50&#8243; gutter_size=\u00bb1&#8243; column_width_percent=\u00bb100&#8243; shift_y=\u00bb0&#8243; z_index=\u00bb0&#8243; el_class=\u00bbinverted-device-order\u00bb uncode_shortcode_id=\u00bb942109&#8243;][vc_column column_width_use_pixel=\u00bbyes\u00bb position_vertical=\u00bbmiddle\u00bb gutter_size=\u00bb2&#8243; override_padding=\u00bbyes\u00bb column_padding=\u00bb4&#8243; overlay_alpha=\u00bb50&#8243; shift_x=\u00bb0&#8243; shift_y=\u00bb0&#8243; shift_y_down=\u00bb0&#8243; z_index=\u00bb0&#8243; medium_width=\u00bb0&#8243; mobile_width=\u00bb0&#8243; width=\u00bb1\/2&#8243; column_width_pixel=\u00bb528&#8243; uncode_shortcode_id=\u00bb149335&#8243;][vc_custom_heading text_size=\u00bbh4&#8243; uncode_shortcode_id=\u00bb202593&#8243;]<span style=\"color: #000000\"><strong>FORMACI\u00d3N TE\u00d3RICA<\/strong><\/span>[\/vc_custom_heading][vc_column_text uncode_shortcode_id=\u00bb931055&#8243;]<span style=\"color: #000000\">La formaci\u00f3n te\u00f3rica se estructura en 8 bloques que abordan tem\u00e1ticas esenciales para el acompa\u00f1amiento emocional. Las sesiones se llevan a cabo de forma quincenal, son vivenciales, participativas y van acompa\u00f1adas de un dosier te\u00f3rico.<\/span><\/p>\n<p><span style=\"color: #000000\">Los <strong>8 bloques<\/strong> son:<\/span><\/p>\n<p><span style=\"color: #000000\">0. Promoci\u00f3n &#8211; Prevenci\u00f3n &#8211; Detecci\u00f3n &#8211; Actuaci\u00f3n<\/span><br \/>\n<span style=\"color: #000000\">1. Encuentro, observaci\u00f3n y escucha<\/span><br \/>\n<span style=\"color: #000000\">2. Neurociencia y educaci\u00f3n<\/span><br \/>\n<span style=\"color: #000000\">3. Gesti\u00f3n de conflictos y l\u00edmites<\/span><br \/>\n<span style=\"color: #000000\">4. Pr\u00e1cticas restaurativas<\/span><br \/>\n<span style=\"color: #000000\">5. Relaciones de calidad y acompa\u00f1amiento emocional<\/span><br \/>\n<span style=\"color: #000000\">6. Personalidad, autoestima e identidad<\/span><br \/>\n<span style=\"color: #000000\">7. La sist\u00e9mica aplicada en la educaci\u00f3n<\/span><br \/>\n<span style=\"color: #000000\">8. Auto-observaci\u00f3n y estilos de acompa\u00f1amiento<\/span>[\/vc_column_text][\/vc_column][vc_column column_width_percent=\u00bb100&#8243; gutter_size=\u00bb0&#8243; override_padding=\u00bbyes\u00bb column_padding=\u00bb0&#8243; overlay_alpha=\u00bb50&#8243; shift_x=\u00bb0&#8243; shift_y=\u00bb0&#8243; shift_y_down=\u00bb0&#8243; z_index=\u00bb0&#8243; medium_width=\u00bb0&#8243; mobile_width=\u00bb0&#8243; width=\u00bb1\/2&#8243; mobile_height=\u00bb340&#8243; uncode_shortcode_id=\u00bb257683&#8243;][vc_single_image media=\u00bb3241&#8243; media_width_use_pixel=\u00bbyes\u00bb alignment=\u00bbright\u00bb uncode_shortcode_id=\u00bb133836&#8243;][\/vc_column][\/vc_row][vc_row unlock_row_content=\u00bbyes\u00bb row_height_percent=\u00bb85&#8243; override_padding=\u00bbyes\u00bb h_padding=\u00bb0&#8243; top_padding=\u00bb0&#8243; bottom_padding=\u00bb0&#8243; overlay_alpha=\u00bb50&#8243; equal_height=\u00bbyes\u00bb gutter_size=\u00bb2&#8243; column_width_percent=\u00bb100&#8243; shift_y=\u00bb0&#8243; z_index=\u00bb0&#8243; uncode_shortcode_id=\u00bb944944&#8243;][vc_column column_width_percent=\u00bb100&#8243; position_vertical=\u00bbmiddle\u00bb gutter_size=\u00bb0&#8243; override_padding=\u00bbyes\u00bb column_padding=\u00bb0&#8243; overlay_alpha=\u00bb50&#8243; shift_x=\u00bb0&#8243; shift_y=\u00bb0&#8243; shift_y_down=\u00bb0&#8243; z_index=\u00bb0&#8243; medium_width=\u00bb0&#8243; mobile_width=\u00bb0&#8243; width=\u00bb1\/2&#8243; uncode_shortcode_id=\u00bb188255&#8243;][vc_single_image media=\u00bb3244&#8243; media_width_percent=\u00bb90&#8243; uncode_shortcode_id=\u00bb207721&#8243;][\/vc_column][vc_column column_width_percent=\u00bb100&#8243; position_vertical=\u00bbmiddle\u00bb gutter_size=\u00bb2&#8243; override_padding=\u00bbyes\u00bb column_padding=\u00bb4&#8243; overlay_alpha=\u00bb50&#8243; shift_x=\u00bb0&#8243; shift_y=\u00bb0&#8243; shift_y_down=\u00bb0&#8243; z_index=\u00bb0&#8243; medium_width=\u00bb0&#8243; mobile_width=\u00bb0&#8243; width=\u00bb1\/2&#8243; mobile_height=\u00bb340&#8243; uncode_shortcode_id=\u00bb155939&#8243;][vc_custom_heading text_size=\u00bbh4&#8243; uncode_shortcode_id=\u00bb172659&#8243;]<span style=\"color: #000000\"><strong>PR\u00c1CTICA REFLEXIVA<\/strong><\/span>[\/vc_custom_heading][vc_column_text uncode_shortcode_id=\u00bb155966&#8243;]<span style=\"color: #000000\">Un espacio en que, a partir de la experiencia, la reflexi\u00f3n sobre esta y la conexi\u00f3n con la parte te\u00f3rica, se pretende avanzar en la adquisici\u00f3n de conocimientos y competencias y la mejora continua por parte de los docentes.<\/span>[\/vc_column_text][\/vc_column][\/vc_row][vc_row unlock_row=\u00bb\u00bb row_height_percent=\u00bb0&#8243; override_padding=\u00bbyes\u00bb h_padding=\u00bb3&#8243; top_padding=\u00bb2&#8243; bottom_padding=\u00bb2&#8243; overlay_alpha=\u00bb50&#8243; gutter_size=\u00bb4&#8243; column_width_percent=\u00bb100&#8243; shift_y=\u00bb0&#8243; z_index=\u00bb0&#8243; uncode_shortcode_id=\u00bb137207&#8243; back_color_type=\u00bbuncode-solid\u00bb back_color_solid=\u00bb#ee7140&#8243;][vc_column column_width_percent=\u00bb100&#8243; position_vertical=\u00bbmiddle\u00bb gutter_size=\u00bb2&#8243; overlay_alpha=\u00bb50&#8243; shift_x=\u00bb0&#8243; shift_y=\u00bb0&#8243; shift_y_down=\u00bb0&#8243; z_index=\u00bb0&#8243; medium_width=\u00bb0&#8243; mobile_width=\u00bb0&#8243; width=\u00bb1\/2&#8243; uncode_shortcode_id=\u00bb140376&#8243;][vc_custom_heading text_color=\u00bbcolor-xsdn\u00bb text_size=\u00bbh4&#8243; uncode_shortcode_id=\u00bb923745&#8243; text_color_type=\u00bbuncode-palette\u00bb]SESIONES INDIVIDUALES[\/vc_custom_heading][vc_column_text text_color=\u00bbcolor-xsdn\u00bb uncode_shortcode_id=\u00bb111535&#8243; text_color_type=\u00bbuncode-palette\u00bb]Sesiones de formaci\u00f3n y acompa\u00f1amiento individual a los maestros para conocer sus propias habilidades relacionales en el \u00e1mbito del grupo de aula y tutorial. Un espacio que se basa en la escucha, la observaci\u00f3n, la orientaci\u00f3n y la revisi\u00f3n de cada caso.[\/vc_column_text][vc_empty_space empty_h=\u00bb2&#8243;][vc_custom_heading text_color=\u00bbcolor-xsdn\u00bb text_size=\u00bbh4&#8243; uncode_shortcode_id=\u00bb335053&#8243; text_color_type=\u00bbuncode-palette\u00bb]SESIONES DE AUTOCUIDADO[\/vc_custom_heading][vc_column_text text_color=\u00bbcolor-xsdn\u00bb uncode_shortcode_id=\u00bb152255&#8243; text_color_type=\u00bbuncode-palette\u00bb]Espacios que tienen por objetivo generar una experiencia reparadora colectiva y se ofrecen herramientas que faciliten la gesti\u00f3n emocional\u00a0en el proceso de adaptaci\u00f3n\u00a0en el d\u00eda a d\u00eda, donde las demandas pueden superar los recursos disponibles.[\/vc_column_text][\/vc_column][vc_column column_width_percent=\u00bb100&#8243; gutter_size=\u00bb2&#8243; overlay_alpha=\u00bb50&#8243; shift_x=\u00bb0&#8243; shift_y=\u00bb0&#8243; shift_y_down=\u00bb0&#8243; z_index=\u00bb0&#8243; medium_width=\u00bb0&#8243; mobile_width=\u00bb0&#8243; width=\u00bb1\/2&#8243; uncode_shortcode_id=\u00bb153263&#8243;][vc_custom_heading text_color=\u00bbcolor-xsdn\u00bb text_size=\u00bbh4&#8243; uncode_shortcode_id=\u00bb159851&#8243; text_color_type=\u00bbuncode-palette\u00bb]SUPERVISIONES RELACIONALES[\/vc_custom_heading][vc_column_text text_color=\u00bbcolor-xsdn\u00bb uncode_shortcode_id=\u00bb183198&#8243; text_color_type=\u00bbuncode-palette\u00bb]En caso de que sea necesario, se implementan encuentros que tienen por objetivo ofrecer una mirada externa de las relaciones, sin juicio, planteando un espacio compartido para avanzar en la mejora de la salud emocional y bienestar de los profesionales.[\/vc_column_text][vc_empty_space empty_h=\u00bb2&#8243;][vc_custom_heading text_color=\u00bbcolor-xsdn\u00bb text_size=\u00bbh4&#8243; uncode_shortcode_id=\u00bb151661&#8243; text_color_type=\u00bbuncode-palette\u00bb]SESIONES DE COACHING[\/vc_custom_heading][vc_column_text text_color=\u00bbcolor-xsdn\u00bb uncode_shortcode_id=\u00bb129060&#8243; text_color_type=\u00bbuncode-palette\u00bb]Si el centro lo solicita o se detecta la necesidad, el programa ofrece encuentros de acompa\u00f1amiento y apoyo para que los y las profesionales puedan desarrollar su m\u00e1ximo potencial, estableciendo algunos objetivos conjuntamente y ofreciendo los recursos y herramientas necesarias para que los puedan lograr con \u00e9xito.[\/vc_column_text][\/vc_column][\/vc_row][vc_row unlock_row_content=\u00bbyes\u00bb row_height_percent=\u00bb70&#8243; override_padding=\u00bbyes\u00bb h_padding=\u00bb0&#8243; top_padding=\u00bb2&#8243; bottom_padding=\u00bb2&#8243; overlay_alpha=\u00bb50&#8243; gutter_size=\u00bb1&#8243; column_width_percent=\u00bb100&#8243; shift_y=\u00bb0&#8243; z_index=\u00bb0&#8243; el_class=\u00bbinverted-device-order\u00bb uncode_shortcode_id=\u00bb928236&#8243;][vc_column column_width_use_pixel=\u00bbyes\u00bb position_vertical=\u00bbmiddle\u00bb gutter_size=\u00bb2&#8243; override_padding=\u00bbyes\u00bb column_padding=\u00bb4&#8243; overlay_alpha=\u00bb50&#8243; shift_x=\u00bb0&#8243; shift_y=\u00bb0&#8243; shift_y_down=\u00bb0&#8243; z_index=\u00bb0&#8243; medium_width=\u00bb0&#8243; mobile_width=\u00bb0&#8243; width=\u00bb1\/2&#8243; column_width_pixel=\u00bb528&#8243; uncode_shortcode_id=\u00bb119873&#8243;][vc_custom_heading text_size=\u00bbh4&#8243; uncode_shortcode_id=\u00bb171039&#8243;]<span style=\"color: #000000\"><strong>EQUIPOS DE MEDIOD\u00cdA Y PAS<\/strong><\/span>[\/vc_custom_heading][vc_column_text uncode_shortcode_id=\u00bb100010&#8243;]<span style=\"color: #000000\">En cuanto a los equipos de mediod\u00eda y PAS, y con el objetivo de garantizar una coherencia en el trabajo de todos los adultos que acompa\u00f1an a los ni\u00f1os, KOMT\u00dc ofrece tambi\u00e9n una formaci\u00f3n, en este caso menos intensa y con una adaptaci\u00f3n de los bloques.<\/span>[\/vc_column_text][vc_custom_heading text_size=\u00bbh4&#8243; uncode_shortcode_id=\u00bb168628&#8243;]<span style=\"color: #000000\"><strong>FAMILIAS<\/strong><\/span>[\/vc_custom_heading][vc_column_text uncode_shortcode_id=\u00bb732594&#8243;]<span style=\"color: #000000\">Con las familias tambi\u00e9n se realizan peri\u00f3dicamente talleres de parentalidad positiva, abiertos y gratuitos. Son sesiones que se adaptan a las necesidades y caracter\u00edsticas de las familias en las cuales se comparten cuestiones fundamentales para el acompa\u00f1amiento y el bienestar emocional de sus hijos e hijas.<\/span>[\/vc_column_text][\/vc_column][vc_column column_width_percent=\u00bb100&#8243; position_vertical=\u00bbmiddle\u00bb gutter_size=\u00bb0&#8243; override_padding=\u00bbyes\u00bb column_padding=\u00bb0&#8243; overlay_alpha=\u00bb50&#8243; shift_x=\u00bb0&#8243; shift_y=\u00bb0&#8243; shift_y_down=\u00bb0&#8243; z_index=\u00bb0&#8243; medium_width=\u00bb0&#8243; mobile_width=\u00bb0&#8243; width=\u00bb1\/2&#8243; mobile_height=\u00bb340&#8243; uncode_shortcode_id=\u00bb134930&#8243;][vc_single_image media=\u00bb3250&#8243; media_width_percent=\u00bb90&#8243; alignment=\u00bbright\u00bb uncode_shortcode_id=\u00bb133710&#8243;][\/vc_column][\/vc_row][vc_row unlock_row_content=\u00bbyes\u00bb row_height_percent=\u00bb0&#8243; override_padding=\u00bbyes\u00bb h_padding=\u00bb3&#8243; top_padding=\u00bb4&#8243; bottom_padding=\u00bb5&#8243; back_image=\u00bb2974&#8243; overlay_alpha=\u00bb50&#8243; gutter_size=\u00bb4&#8243; column_width_percent=\u00bb100&#8243; shift_y=\u00bb0&#8243; z_index=\u00bb0&#8243; uncode_shortcode_id=\u00bb148335&#8243; back_color_type=\u00bbuncode-solid\u00bb back_color_solid=\u00bb#ff0000&#8243;][vc_column column_width_percent=\u00bb100&#8243; position_vertical=\u00bbmiddle\u00bb gutter_size=\u00bb2&#8243; override_padding=\u00bbyes\u00bb column_padding=\u00bb2&#8243; overlay_alpha=\u00bb50&#8243; shift_x=\u00bb0&#8243; shift_y=\u00bb0&#8243; shift_y_down=\u00bb0&#8243; z_index=\u00bb0&#8243; medium_width=\u00bb0&#8243; mobile_width=\u00bb0&#8243; width=\u00bb1\/1&#8243; uncode_shortcode_id=\u00bb181764&#8243;][vc_custom_heading text_color=\u00bbcolor-xsdn\u00bb text_size=\u00bbh4&#8243; uncode_shortcode_id=\u00bb590092&#8243; text_color_type=\u00bbuncode-palette\u00bb]<strong>CONTINUIDAD Y SOSTENIBILIDAD<\/strong>[\/vc_custom_heading][vc_column_text text_color=\u00bbcolor-xsdn\u00bb uncode_shortcode_id=\u00bb813057&#8243; text_color_type=\u00bbuncode-palette\u00bb]El objetivo del programa KOMT\u00dc es que las personas que participan se apoderen y puedan continuar aut\u00f3nomamente con el trabajo emocional en el centro. As\u00ed, para garantizar la continuidad y sostenibilidad del programa, se constituye un equipo impulsor, formado por un miembro del equipo directivo y dos o tres miembros del claustro.<\/p>\n<p>Este equipo, con el apoyo y seguimiento del t\u00e9cnico de red del programa, liderar\u00e1 una vez finalizados los tres cursos del Komt\u00fc, din\u00e1micas de debate y reflexi\u00f3n pedag\u00f3gica para la implementaci\u00f3n y consolidaci\u00f3n de propuestas en el centro que trabajen para el bienestar y la educaci\u00f3n emocional de los y las alumnas.[\/vc_column_text][\/vc_column][\/vc_row][vc_row][vc_column width=\u00bb1\/1&#8243;][vc_empty_space empty_h=\u00bb0&#8243;][\/vc_column][\/vc_row]<\/p>\n<\/div>","protected":false},"excerpt":{"rendered":"[vc_row unlock_row_content=\"yes\" row_height_percent=\"60\" override_padding=\"yes\" h_padding=\"0\" top_padding=\"2\" bottom_padding=\"0\" overlay_alpha=\"50\" gutter_size=\"1\" column_width_percent=\"100\" shift_y=\"0\" z_index=\"0\" el_class=\"inverted-device-order\" uncode_shortcode_id=\"942109\"][vc_column column_width_use_pixel=\"yes\" position_vertical=\"middle\" gutter_size=\"2\" override_padding=\"yes\" column_padding=\"4\" overlay_alpha=\"50\" [...]","protected":false},"author":1,"featured_media":3380,"parent":0,"menu_order":0,"comment_status":"closed","ping_status":"closed","template":"","meta":{"footnotes":""},"class_list":["post-929","page","type-page","status-publish","has-post-thumbnail","hentry"],"yoast_head":"<!-- This site is optimized with the Yoast SEO plugin v27.4 - https:\/\/yoast.com\/product\/yoast-seo-wordpress\/ -->\n<title>C\u00d3MO LO HACEMOS - Komtu<\/title>\n<meta name=\"robots\" content=\"index, follow, max-snippet:-1, max-image-preview:large, max-video-preview:-1\" \/>\n<link rel=\"canonical\" href=\"https:\/\/www.komtu.org\/es\/como-lo-hacemos\/\" \/>\n<meta property=\"og:locale\" content=\"es_ES\" \/>\n<meta property=\"og:type\" content=\"article\" \/>\n<meta property=\"og:title\" content=\"C\u00d3MO LO HACEMOS - Komtu\" \/>\n<meta property=\"og:url\" content=\"https:\/\/www.komtu.org\/es\/como-lo-hacemos\/\" \/>\n<meta property=\"og:site_name\" content=\"Komtu\" \/>\n<meta property=\"article:modified_time\" content=\"2025-10-16T15:11:47+00:00\" \/>\n<meta property=\"og:image\" content=\"https:\/\/www.komtu.org\/wp-content\/uploads\/sites\/3\/2023\/09\/IMG_6651-scaled.jpg\" \/>\n\t<meta property=\"og:image:width\" content=\"2560\" \/>\n\t<meta property=\"og:image:height\" content=\"1706\" \/>\n\t<meta property=\"og:image:type\" content=\"image\/jpeg\" \/>\n<meta name=\"twitter:card\" content=\"summary_large_image\" \/>\n<meta name=\"twitter:label1\" content=\"Tiempo de lectura\" \/>\n\t<meta name=\"twitter:data1\" content=\"4 minutos\" \/>\n<script type=\"application\/ld+json\" class=\"yoast-schema-graph\">{\"@context\":\"https:\\\/\\\/schema.org\",\"@graph\":[{\"@type\":\"WebPage\",\"@id\":\"https:\\\/\\\/www.komtu.org\\\/es\\\/como-lo-hacemos\\\/\",\"url\":\"https:\\\/\\\/www.komtu.org\\\/es\\\/como-lo-hacemos\\\/\",\"name\":\"C\u00d3MO LO HACEMOS - Komtu\",\"isPartOf\":{\"@id\":\"https:\\\/\\\/www.komtu.org\\\/es\\\/#website\"},\"primaryImageOfPage\":{\"@id\":\"https:\\\/\\\/www.komtu.org\\\/es\\\/como-lo-hacemos\\\/#primaryimage\"},\"image\":{\"@id\":\"https:\\\/\\\/www.komtu.org\\\/es\\\/como-lo-hacemos\\\/#primaryimage\"},\"thumbnailUrl\":\"https:\\\/\\\/www.komtu.org\\\/wp-content\\\/uploads\\\/sites\\\/3\\\/2023\\\/09\\\/IMG_6651-scaled.jpg\",\"datePublished\":\"2020-09-21T09:10:08+00:00\",\"dateModified\":\"2025-10-16T15:11:47+00:00\",\"breadcrumb\":{\"@id\":\"https:\\\/\\\/www.komtu.org\\\/es\\\/como-lo-hacemos\\\/#breadcrumb\"},\"inLanguage\":\"es\",\"potentialAction\":[{\"@type\":\"ReadAction\",\"target\":[\"https:\\\/\\\/www.komtu.org\\\/es\\\/como-lo-hacemos\\\/\"]}]},{\"@type\":\"ImageObject\",\"inLanguage\":\"es\",\"@id\":\"https:\\\/\\\/www.komtu.org\\\/es\\\/como-lo-hacemos\\\/#primaryimage\",\"url\":\"https:\\\/\\\/www.komtu.org\\\/wp-content\\\/uploads\\\/sites\\\/3\\\/2023\\\/09\\\/IMG_6651-scaled.jpg\",\"contentUrl\":\"https:\\\/\\\/www.komtu.org\\\/wp-content\\\/uploads\\\/sites\\\/3\\\/2023\\\/09\\\/IMG_6651-scaled.jpg\",\"width\":2560,\"height\":1706},{\"@type\":\"BreadcrumbList\",\"@id\":\"https:\\\/\\\/www.komtu.org\\\/es\\\/como-lo-hacemos\\\/#breadcrumb\",\"itemListElement\":[{\"@type\":\"ListItem\",\"position\":1,\"name\":\"Portada\",\"item\":\"https:\\\/\\\/www.komtu.org\\\/es\\\/\"},{\"@type\":\"ListItem\",\"position\":2,\"name\":\"C\u00d3MO LO HACEMOS\"}]},{\"@type\":\"WebSite\",\"@id\":\"https:\\\/\\\/www.komtu.org\\\/es\\\/#website\",\"url\":\"https:\\\/\\\/www.komtu.org\\\/es\\\/\",\"name\":\"Komtu\",\"description\":\"Otro sitio m\u00e1s de Nous Cims sitios\",\"potentialAction\":[{\"@type\":\"SearchAction\",\"target\":{\"@type\":\"EntryPoint\",\"urlTemplate\":\"https:\\\/\\\/www.komtu.org\\\/es\\\/?s={search_term_string}\"},\"query-input\":{\"@type\":\"PropertyValueSpecification\",\"valueRequired\":true,\"valueName\":\"search_term_string\"}}],\"inLanguage\":\"es\"}]}<\/script>\n<!-- \/ Yoast SEO plugin. -->","yoast_head_json":{"title":"C\u00d3MO LO HACEMOS - Komtu","robots":{"index":"index","follow":"follow","max-snippet":"max-snippet:-1","max-image-preview":"max-image-preview:large","max-video-preview":"max-video-preview:-1"},"canonical":"https:\/\/www.komtu.org\/es\/como-lo-hacemos\/","og_locale":"es_ES","og_type":"article","og_title":"C\u00d3MO LO HACEMOS - Komtu","og_url":"https:\/\/www.komtu.org\/es\/como-lo-hacemos\/","og_site_name":"Komtu","article_modified_time":"2025-10-16T15:11:47+00:00","og_image":[{"width":2560,"height":1706,"url":"https:\/\/www.komtu.org\/wp-content\/uploads\/sites\/3\/2023\/09\/IMG_6651-scaled.jpg","type":"image\/jpeg"}],"twitter_card":"summary_large_image","twitter_misc":{"Tiempo de lectura":"4 minutos"},"schema":{"@context":"https:\/\/schema.org","@graph":[{"@type":"WebPage","@id":"https:\/\/www.komtu.org\/es\/como-lo-hacemos\/","url":"https:\/\/www.komtu.org\/es\/como-lo-hacemos\/","name":"C\u00d3MO LO HACEMOS - Komtu","isPartOf":{"@id":"https:\/\/www.komtu.org\/es\/#website"},"primaryImageOfPage":{"@id":"https:\/\/www.komtu.org\/es\/como-lo-hacemos\/#primaryimage"},"image":{"@id":"https:\/\/www.komtu.org\/es\/como-lo-hacemos\/#primaryimage"},"thumbnailUrl":"https:\/\/www.komtu.org\/wp-content\/uploads\/sites\/3\/2023\/09\/IMG_6651-scaled.jpg","datePublished":"2020-09-21T09:10:08+00:00","dateModified":"2025-10-16T15:11:47+00:00","breadcrumb":{"@id":"https:\/\/www.komtu.org\/es\/como-lo-hacemos\/#breadcrumb"},"inLanguage":"es","potentialAction":[{"@type":"ReadAction","target":["https:\/\/www.komtu.org\/es\/como-lo-hacemos\/"]}]},{"@type":"ImageObject","inLanguage":"es","@id":"https:\/\/www.komtu.org\/es\/como-lo-hacemos\/#primaryimage","url":"https:\/\/www.komtu.org\/wp-content\/uploads\/sites\/3\/2023\/09\/IMG_6651-scaled.jpg","contentUrl":"https:\/\/www.komtu.org\/wp-content\/uploads\/sites\/3\/2023\/09\/IMG_6651-scaled.jpg","width":2560,"height":1706},{"@type":"BreadcrumbList","@id":"https:\/\/www.komtu.org\/es\/como-lo-hacemos\/#breadcrumb","itemListElement":[{"@type":"ListItem","position":1,"name":"Portada","item":"https:\/\/www.komtu.org\/es\/"},{"@type":"ListItem","position":2,"name":"C\u00d3MO LO HACEMOS"}]},{"@type":"WebSite","@id":"https:\/\/www.komtu.org\/es\/#website","url":"https:\/\/www.komtu.org\/es\/","name":"Komtu","description":"Otro sitio m\u00e1s de Nous Cims sitios","potentialAction":[{"@type":"SearchAction","target":{"@type":"EntryPoint","urlTemplate":"https:\/\/www.komtu.org\/es\/?s={search_term_string}"},"query-input":{"@type":"PropertyValueSpecification","valueRequired":true,"valueName":"search_term_string"}}],"inLanguage":"es"}]}},"_links":{"self":[{"href":"https:\/\/www.komtu.org\/es\/wp-json\/wp\/v2\/pages\/929","targetHints":{"allow":["GET"]}}],"collection":[{"href":"https:\/\/www.komtu.org\/es\/wp-json\/wp\/v2\/pages"}],"about":[{"href":"https:\/\/www.komtu.org\/es\/wp-json\/wp\/v2\/types\/page"}],"author":[{"embeddable":true,"href":"https:\/\/www.komtu.org\/es\/wp-json\/wp\/v2\/users\/1"}],"replies":[{"embeddable":true,"href":"https:\/\/www.komtu.org\/es\/wp-json\/wp\/v2\/comments?post=929"}],"version-history":[{"count":20,"href":"https:\/\/www.komtu.org\/es\/wp-json\/wp\/v2\/pages\/929\/revisions"}],"predecessor-version":[{"id":5054,"href":"https:\/\/www.komtu.org\/es\/wp-json\/wp\/v2\/pages\/929\/revisions\/5054"}],"wp:featuredmedia":[{"embeddable":true,"href":"https:\/\/www.komtu.org\/es\/wp-json\/wp\/v2\/media\/3380"}],"wp:attachment":[{"href":"https:\/\/www.komtu.org\/es\/wp-json\/wp\/v2\/media?parent=929"}],"curies":[{"name":"wp","href":"https:\/\/api.w.org\/{rel}","templated":true}]}}