{"id":5513,"date":"2026-04-07T10:53:23","date_gmt":"2026-04-07T08:53:23","guid":{"rendered":"https:\/\/www.komtu.org\/guia-practica-para-acompanar-la-preadolescencia\/"},"modified":"2026-04-07T11:00:26","modified_gmt":"2026-04-07T09:00:26","slug":"guia-practica-para-acompanar-la-preadolescencia","status":"publish","type":"page","link":"https:\/\/www.komtu.org\/es\/guia-practica-para-acompanar-la-preadolescencia\/","title":{"rendered":"Gu\u00eda pr\u00e1ctica para acompa\u00f1ar la preadolescencia"},"content":{"rendered":"<div class=\"wpb-content-wrapper\"><p>[vc_row row_height_percent=\u00bb0&#8243; override_padding=\u00bbyes\u00bb h_padding=\u00bb3&#8243; top_padding=\u00bb3&#8243; bottom_padding=\u00bb3&#8243; overlay_alpha=\u00bb50&#8243; gutter_size=\u00bb4&#8243; column_width_percent=\u00bb100&#8243; shift_y=\u00bb0&#8243; z_index=\u00bb0&#8243; content_parallax=\u00bb0&#8243; uncode_shortcode_id=\u00bb851877&#8243;][vc_column width=\u00bb1\/2&#8243;][vc_gallery el_id=\u00bbgallery-114020&#8243; type=\u00bbcarousel\u00bb medias=\u00bb5491,5493,5495&#8243; carousel_lg=\u00bb1&#8243; carousel_md=\u00bb1&#8243; carousel_sm=\u00bb1&#8243; gutter_size=\u00bb3&#8243; media_items=\u00bbmedia|nolink|original,icon\u00bb carousel_height=\u00bbequal\u00bb carousel_autoh=\u00bbyes\u00bb carousel_interval=\u00bb0&#8243; carousel_navspeed=\u00bb400&#8243; carousel_loop=\u00bbyes\u00bb carousel_nav=\u00bbyes\u00bb carousel_nav_mobile=\u00bbyes\u00bb carousel_nav_skin=\u00bbdark\u00bb stage_padding=\u00bb0&#8243; single_text=\u00bbunder\u00bb single_overlay_opacity=\u00bb50&#8243; single_padding=\u00bb2&#8243; uncode_shortcode_id=\u00bb180884&#8243;][\/vc_column][vc_column width=\u00bb1\/2&#8243;][vc_custom_heading heading_semantic=\u00bbh1&#8243; text_size=\u00bbh5&#8243; uncode_shortcode_id=\u00bb164943&#8243;]<\/p>\n<h2><span style=\"color: #000000\">GU\u00cdA PR\u00c1CTICA PARA ACOMPA\u00d1AR LA PREADOLESCENCIA<\/span><\/h2>\n<p>[\/vc_custom_heading][vc_column_text uncode_shortcode_id=\u00bb176666&#8243;]<\/p>\n<p data-prosemirror-content-type=\"node\" data-prosemirror-node-name=\"paragraph\" data-prosemirror-node-block=\"true\" data-pm-slice=\"1 1 []\"><span style=\"color: #000000\">La preadolescencia es un periodo de transici\u00f3n que suele darse entre los 8 y los 12 a\u00f1os, aunque su inicio y duraci\u00f3n pueden variar en funci\u00f3n de cada ni\u00f1o. Se trata de una etapa marcada por profundas transformaciones f\u00edsicas, emocionales, sociales y cognitivas que preparan el camino hacia la adolescencia.<\/span><\/p>\n<p>[\/vc_column_text][vc_raw_html]W25zX2Rvd25sb2FkX2J1dHRvbiBmaWxlPSJndWlhcHJlYWRvbGVzY2VuY2lhIiBsYWJlbD0iRGVzY2FyZ2FyIEd1aWEiXTxicj48YnI+W25zX2Rvd25sb2FkX21vZGFsIGZvcm1faWQ9IjUxOTkiXQ==[\/vc_raw_html][vc_column_text text_color=\u00bbcolor-jevc\u00bb uncode_shortcode_id=\u00bb206089&#8243; text_color_type=\u00bbuncode-palette\u00bb]<\/p>\n<h4 class=\"h4 text-color-xsdn-color\"><span style=\"color: #000000\">Esta gu\u00eda te ayudar\u00e1 a: <\/span><\/h4>\n<ul>\n<li><span style=\"color: #000000\">Entender las respuestas emocionales intensas como la impulsividad.<\/span><\/li>\n<li><span style=\"color: #000000\">Establecer actividades din\u00e1micas como: ejercicios para trabajar la autoestima y la confianza; o en el aula, para fomentar la cohesi\u00f3n y el respeto hacia el grupo.<\/span><\/li>\n<li><span style=\"color: #000000\">Gesti\u00f3n de tensiones con figuras de autoridad al promover una comunicaci\u00f3n abierta, validaci\u00f3n emocional y la creaci\u00f3n de un espacio seguro.<\/span><\/li>\n<li><span style=\"color: #000000\"><strong>Recursos<\/strong>: libros y pel\u00edculas relacionados con la preadolescencia y la adolescencia.<\/span><\/li>\n<\/ul>\n<p>[\/vc_column_text][\/vc_column][\/vc_row]<\/p>\n<\/div>","protected":false},"excerpt":{"rendered":"[vc_row row_height_percent=\"0\" override_padding=\"yes\" h_padding=\"3\" top_padding=\"3\" bottom_padding=\"3\" overlay_alpha=\"50\" gutter_size=\"4\" column_width_percent=\"100\" shift_y=\"0\" z_index=\"0\" content_parallax=\"0\" uncode_shortcode_id=\"851877\"][vc_column width=\"1\/2\"][vc_gallery el_id=\"gallery-114020\" type=\"carousel\" medias=\"5491,5493,5495\" carousel_lg=\"1\" carousel_md=\"1\" carousel_sm=\"1\" [...]","protected":false},"author":2,"featured_media":5488,"parent":0,"menu_order":0,"comment_status":"closed","ping_status":"closed","template":"","meta":{"footnotes":""},"class_list":["post-5513","page","type-page","status-publish","has-post-thumbnail","hentry"],"yoast_head":"<!-- This site is optimized with the Yoast SEO plugin v27.4 - https:\/\/yoast.com\/product\/yoast-seo-wordpress\/ -->\n<title>Gu\u00eda pr\u00e1ctica para acompa\u00f1ar la preadolescencia - Komtu<\/title>\n<meta name=\"description\" content=\"Una etapa marcada por profundas transformaciones f\u00edsicas, emocionales, sociales y cognitivas que preparan el camino hacia la adolescencia.\" \/>\n<meta name=\"robots\" content=\"index, follow, max-snippet:-1, max-image-preview:large, max-video-preview:-1\" \/>\n<link rel=\"canonical\" href=\"https:\/\/www.komtu.org\/es\/guia-practica-para-acompanar-la-preadolescencia\/\" \/>\n<meta property=\"og:locale\" content=\"es_ES\" \/>\n<meta property=\"og:type\" content=\"article\" \/>\n<meta property=\"og:title\" content=\"Gu\u00eda pr\u00e1ctica para acompa\u00f1ar la preadolescencia - Komtu\" \/>\n<meta property=\"og:description\" content=\"Una etapa marcada por profundas transformaciones f\u00edsicas, emocionales, sociales y cognitivas que preparan el camino hacia la adolescencia.\" \/>\n<meta property=\"og:url\" content=\"https:\/\/www.komtu.org\/es\/guia-practica-para-acompanar-la-preadolescencia\/\" \/>\n<meta property=\"og:site_name\" content=\"Komtu\" \/>\n<meta property=\"article:modified_time\" content=\"2026-04-07T09:00:26+00:00\" \/>\n<meta property=\"og:image\" content=\"https:\/\/www.komtu.org\/wp-content\/uploads\/sites\/3\/2026\/04\/IMG_6599-scaled-e1775550707587.jpg\" \/>\n\t<meta property=\"og:image:width\" content=\"1707\" \/>\n\t<meta property=\"og:image:height\" content=\"1967\" \/>\n\t<meta property=\"og:image:type\" content=\"image\/jpeg\" \/>\n<meta name=\"twitter:card\" content=\"summary_large_image\" \/>\n<meta name=\"twitter:label1\" content=\"Tiempo de lectura\" \/>\n\t<meta name=\"twitter:data1\" content=\"2 minutos\" \/>\n<script type=\"application\/ld+json\" class=\"yoast-schema-graph\">{\"@context\":\"https:\\\/\\\/schema.org\",\"@graph\":[{\"@type\":\"WebPage\",\"@id\":\"https:\\\/\\\/www.komtu.org\\\/es\\\/guia-practica-para-acompanar-la-preadolescencia\\\/\",\"url\":\"https:\\\/\\\/www.komtu.org\\\/es\\\/guia-practica-para-acompanar-la-preadolescencia\\\/\",\"name\":\"Gu\u00eda pr\u00e1ctica para acompa\u00f1ar la preadolescencia - Komtu\",\"isPartOf\":{\"@id\":\"https:\\\/\\\/www.komtu.org\\\/es\\\/#website\"},\"primaryImageOfPage\":{\"@id\":\"https:\\\/\\\/www.komtu.org\\\/es\\\/guia-practica-para-acompanar-la-preadolescencia\\\/#primaryimage\"},\"image\":{\"@id\":\"https:\\\/\\\/www.komtu.org\\\/es\\\/guia-practica-para-acompanar-la-preadolescencia\\\/#primaryimage\"},\"thumbnailUrl\":\"https:\\\/\\\/www.komtu.org\\\/wp-content\\\/uploads\\\/sites\\\/3\\\/2026\\\/04\\\/IMG_6599-scaled-e1775550707587.jpg\",\"datePublished\":\"2026-04-07T08:53:23+00:00\",\"dateModified\":\"2026-04-07T09:00:26+00:00\",\"description\":\"Una etapa marcada por profundas transformaciones f\u00edsicas, emocionales, sociales y cognitivas que preparan el camino hacia la adolescencia.\",\"breadcrumb\":{\"@id\":\"https:\\\/\\\/www.komtu.org\\\/es\\\/guia-practica-para-acompanar-la-preadolescencia\\\/#breadcrumb\"},\"inLanguage\":\"es\",\"potentialAction\":[{\"@type\":\"ReadAction\",\"target\":[\"https:\\\/\\\/www.komtu.org\\\/es\\\/guia-practica-para-acompanar-la-preadolescencia\\\/\"]}]},{\"@type\":\"ImageObject\",\"inLanguage\":\"es\",\"@id\":\"https:\\\/\\\/www.komtu.org\\\/es\\\/guia-practica-para-acompanar-la-preadolescencia\\\/#primaryimage\",\"url\":\"https:\\\/\\\/www.komtu.org\\\/wp-content\\\/uploads\\\/sites\\\/3\\\/2026\\\/04\\\/IMG_6599-scaled-e1775550707587.jpg\",\"contentUrl\":\"https:\\\/\\\/www.komtu.org\\\/wp-content\\\/uploads\\\/sites\\\/3\\\/2026\\\/04\\\/IMG_6599-scaled-e1775550707587.jpg\",\"width\":1707,\"height\":1967,\"caption\":\"IMG_6599.jpg\"},{\"@type\":\"BreadcrumbList\",\"@id\":\"https:\\\/\\\/www.komtu.org\\\/es\\\/guia-practica-para-acompanar-la-preadolescencia\\\/#breadcrumb\",\"itemListElement\":[{\"@type\":\"ListItem\",\"position\":1,\"name\":\"Portada\",\"item\":\"https:\\\/\\\/www.komtu.org\\\/es\\\/\"},{\"@type\":\"ListItem\",\"position\":2,\"name\":\"Gu\u00eda pr\u00e1ctica para acompa\u00f1ar la preadolescencia\"}]},{\"@type\":\"WebSite\",\"@id\":\"https:\\\/\\\/www.komtu.org\\\/es\\\/#website\",\"url\":\"https:\\\/\\\/www.komtu.org\\\/es\\\/\",\"name\":\"Komtu\",\"description\":\"Otro sitio m\u00e1s de Nous Cims sitios\",\"potentialAction\":[{\"@type\":\"SearchAction\",\"target\":{\"@type\":\"EntryPoint\",\"urlTemplate\":\"https:\\\/\\\/www.komtu.org\\\/es\\\/?s={search_term_string}\"},\"query-input\":{\"@type\":\"PropertyValueSpecification\",\"valueRequired\":true,\"valueName\":\"search_term_string\"}}],\"inLanguage\":\"es\"}]}<\/script>\n<!-- \/ Yoast SEO plugin. -->","yoast_head_json":{"title":"Gu\u00eda pr\u00e1ctica para acompa\u00f1ar la preadolescencia - Komtu","description":"Una etapa marcada por profundas transformaciones f\u00edsicas, emocionales, sociales y cognitivas que preparan el camino hacia la adolescencia.","robots":{"index":"index","follow":"follow","max-snippet":"max-snippet:-1","max-image-preview":"max-image-preview:large","max-video-preview":"max-video-preview:-1"},"canonical":"https:\/\/www.komtu.org\/es\/guia-practica-para-acompanar-la-preadolescencia\/","og_locale":"es_ES","og_type":"article","og_title":"Gu\u00eda pr\u00e1ctica para acompa\u00f1ar la preadolescencia - Komtu","og_description":"Una etapa marcada por profundas transformaciones f\u00edsicas, emocionales, sociales y cognitivas que preparan el camino hacia la adolescencia.","og_url":"https:\/\/www.komtu.org\/es\/guia-practica-para-acompanar-la-preadolescencia\/","og_site_name":"Komtu","article_modified_time":"2026-04-07T09:00:26+00:00","og_image":[{"width":1707,"height":1967,"url":"https:\/\/www.komtu.org\/wp-content\/uploads\/sites\/3\/2026\/04\/IMG_6599-scaled-e1775550707587.jpg","type":"image\/jpeg"}],"twitter_card":"summary_large_image","twitter_misc":{"Tiempo de lectura":"2 minutos"},"schema":{"@context":"https:\/\/schema.org","@graph":[{"@type":"WebPage","@id":"https:\/\/www.komtu.org\/es\/guia-practica-para-acompanar-la-preadolescencia\/","url":"https:\/\/www.komtu.org\/es\/guia-practica-para-acompanar-la-preadolescencia\/","name":"Gu\u00eda pr\u00e1ctica para acompa\u00f1ar la preadolescencia - Komtu","isPartOf":{"@id":"https:\/\/www.komtu.org\/es\/#website"},"primaryImageOfPage":{"@id":"https:\/\/www.komtu.org\/es\/guia-practica-para-acompanar-la-preadolescencia\/#primaryimage"},"image":{"@id":"https:\/\/www.komtu.org\/es\/guia-practica-para-acompanar-la-preadolescencia\/#primaryimage"},"thumbnailUrl":"https:\/\/www.komtu.org\/wp-content\/uploads\/sites\/3\/2026\/04\/IMG_6599-scaled-e1775550707587.jpg","datePublished":"2026-04-07T08:53:23+00:00","dateModified":"2026-04-07T09:00:26+00:00","description":"Una etapa marcada por profundas transformaciones f\u00edsicas, emocionales, sociales y cognitivas que preparan el camino hacia la adolescencia.","breadcrumb":{"@id":"https:\/\/www.komtu.org\/es\/guia-practica-para-acompanar-la-preadolescencia\/#breadcrumb"},"inLanguage":"es","potentialAction":[{"@type":"ReadAction","target":["https:\/\/www.komtu.org\/es\/guia-practica-para-acompanar-la-preadolescencia\/"]}]},{"@type":"ImageObject","inLanguage":"es","@id":"https:\/\/www.komtu.org\/es\/guia-practica-para-acompanar-la-preadolescencia\/#primaryimage","url":"https:\/\/www.komtu.org\/wp-content\/uploads\/sites\/3\/2026\/04\/IMG_6599-scaled-e1775550707587.jpg","contentUrl":"https:\/\/www.komtu.org\/wp-content\/uploads\/sites\/3\/2026\/04\/IMG_6599-scaled-e1775550707587.jpg","width":1707,"height":1967,"caption":"IMG_6599.jpg"},{"@type":"BreadcrumbList","@id":"https:\/\/www.komtu.org\/es\/guia-practica-para-acompanar-la-preadolescencia\/#breadcrumb","itemListElement":[{"@type":"ListItem","position":1,"name":"Portada","item":"https:\/\/www.komtu.org\/es\/"},{"@type":"ListItem","position":2,"name":"Gu\u00eda pr\u00e1ctica para acompa\u00f1ar la preadolescencia"}]},{"@type":"WebSite","@id":"https:\/\/www.komtu.org\/es\/#website","url":"https:\/\/www.komtu.org\/es\/","name":"Komtu","description":"Otro sitio m\u00e1s de Nous Cims sitios","potentialAction":[{"@type":"SearchAction","target":{"@type":"EntryPoint","urlTemplate":"https:\/\/www.komtu.org\/es\/?s={search_term_string}"},"query-input":{"@type":"PropertyValueSpecification","valueRequired":true,"valueName":"search_term_string"}}],"inLanguage":"es"}]}},"_links":{"self":[{"href":"https:\/\/www.komtu.org\/es\/wp-json\/wp\/v2\/pages\/5513","targetHints":{"allow":["GET"]}}],"collection":[{"href":"https:\/\/www.komtu.org\/es\/wp-json\/wp\/v2\/pages"}],"about":[{"href":"https:\/\/www.komtu.org\/es\/wp-json\/wp\/v2\/types\/page"}],"author":[{"embeddable":true,"href":"https:\/\/www.komtu.org\/es\/wp-json\/wp\/v2\/users\/2"}],"replies":[{"embeddable":true,"href":"https:\/\/www.komtu.org\/es\/wp-json\/wp\/v2\/comments?post=5513"}],"version-history":[{"count":6,"href":"https:\/\/www.komtu.org\/es\/wp-json\/wp\/v2\/pages\/5513\/revisions"}],"predecessor-version":[{"id":5525,"href":"https:\/\/www.komtu.org\/es\/wp-json\/wp\/v2\/pages\/5513\/revisions\/5525"}],"wp:featuredmedia":[{"embeddable":true,"href":"https:\/\/www.komtu.org\/es\/wp-json\/wp\/v2\/media\/5488"}],"wp:attachment":[{"href":"https:\/\/www.komtu.org\/es\/wp-json\/wp\/v2\/media?parent=5513"}],"curies":[{"name":"wp","href":"https:\/\/api.w.org\/{rel}","templated":true}]}}