{"id":4975,"date":"2025-10-09T16:15:53","date_gmt":"2025-10-09T14:15:53","guid":{"rendered":"https:\/\/www.komtu.org\/?page_id=4975"},"modified":"2025-10-23T11:25:27","modified_gmt":"2025-10-23T09:25:27","slug":"escuela-la-muntanyeta","status":"publish","type":"page","link":"https:\/\/www.komtu.org\/es\/escuela-la-muntanyeta\/","title":{"rendered":"ESCUELA LA MUNTANYETA"},"content":{"rendered":"<div class=\"wpb-content-wrapper\"><p>[vc_row unlock_row_content=\u00bbyes\u00bb row_height_percent=\u00bb0&#8243; override_padding=\u00bbyes\u00bb h_padding=\u00bb0&#8243; top_padding=\u00bb2&#8243; bottom_padding=\u00bb0&#8243; overlay_alpha=\u00bb50&#8243; gutter_size=\u00bb3&#8243; column_width_percent=\u00bb40&#8243; shift_y=\u00bb0&#8243; z_index=\u00bb0&#8243; uncode_shortcode_id=\u00bb117802&#8243;][vc_column column_width_percent=\u00bb0&#8243; gutter_size=\u00bb3&#8243; overlay_alpha=\u00bb50&#8243; shift_x=\u00bb0&#8243; shift_y=\u00bb0&#8243; shift_y_down=\u00bb0&#8243; z_index=\u00bb0&#8243; medium_width=\u00bb0&#8243; mobile_width=\u00bb0&#8243; width=\u00bb1\/1&#8243; uncode_shortcode_id=\u00bb122986&#8243;][vc_empty_space empty_h=\u00bb0&#8243;][\/vc_column][\/vc_row][vc_row unlock_row=\u00bb\u00bb row_height_percent=\u00bb0&#8243; override_padding=\u00bbyes\u00bb h_padding=\u00bb2&#8243; top_padding=\u00bb1&#8243; bottom_padding=\u00bb1&#8243; overlay_alpha=\u00bb50&#8243; gutter_size=\u00bb3&#8243; column_width_percent=\u00bb100&#8243; shift_y=\u00bb0&#8243; z_index=\u00bb0&#8243; uncode_shortcode_id=\u00bb141143&#8243; back_color_type=\u00bbuncode-solid\u00bb back_color_solid=\u00bb#ee7140&#8243;][vc_column column_width_percent=\u00bb100&#8243; gutter_size=\u00bb3&#8243; override_padding=\u00bbyes\u00bb column_padding=\u00bb2&#8243; overlay_alpha=\u00bb50&#8243; shift_x=\u00bb0&#8243; shift_y=\u00bb0&#8243; shift_y_down=\u00bb0&#8243; z_index=\u00bb0&#8243; medium_width=\u00bb0&#8243; mobile_width=\u00bb0&#8243; width=\u00bb1\/1&#8243; uncode_shortcode_id=\u00bb124918&#8243;][vc_column_text text_color=\u00bbcolor-xsdn\u00bb uncode_shortcode_id=\u00bb567504&#8243; text_color_type=\u00bbuncode-palette\u00bb]Para nosotros es fundamental que los ni\u00f1os vengan a gusto y motivados a la escuela. Es importante tener cura y ser respetuosos con sus necesidades tanto a nivel emocional como nivel de aprendizajes, respetando los ritmos de cada cual. Queremos que aprendan a partir de la experimentaci\u00f3n, la participaci\u00f3n, el trabajo activo. Y ofrecerles diferentes experiencias ricas, variadas y alentadoras que les ayude a poder desarrollar sus capacidades. Tambi\u00e9n queremos ni\u00f1os capaces de pensar por s\u00ed mismos y con esp\u00edritu cr\u00edtico.[\/vc_column_text][\/vc_column][\/vc_row][vc_row unlock_row_content=\u00bbyes\u00bb row_height_percent=\u00bb0&#8243; override_padding=\u00bbyes\u00bb h_padding=\u00bb0&#8243; top_padding=\u00bb0&#8243; bottom_padding=\u00bb0&#8243; overlay_alpha=\u00bb50&#8243; gutter_size=\u00bb3&#8243; column_width_percent=\u00bb40&#8243; shift_y=\u00bb0&#8243; z_index=\u00bb0&#8243; uncode_shortcode_id=\u00bb104916&#8243;][vc_column column_width_percent=\u00bb0&#8243; gutter_size=\u00bb3&#8243; overlay_alpha=\u00bb50&#8243; shift_x=\u00bb0&#8243; shift_y=\u00bb0&#8243; shift_y_down=\u00bb0&#8243; z_index=\u00bb0&#8243; medium_width=\u00bb0&#8243; mobile_width=\u00bb0&#8243; width=\u00bb1\/1&#8243; uncode_shortcode_id=\u00bb122986&#8243;][vc_empty_space empty_h=\u00bb0&#8243;][\/vc_column][\/vc_row][vc_row row_height_percent=\u00bb0&#8243; override_padding=\u00bbyes\u00bb h_padding=\u00bb2&#8243; top_padding=\u00bb2&#8243; bottom_padding=\u00bb1&#8243; overlay_alpha=\u00bb50&#8243; gutter_size=\u00bb3&#8243; column_width_percent=\u00bb100&#8243; shift_y=\u00bb0&#8243; z_index=\u00bb0&#8243; uncode_shortcode_id=\u00bb194587&#8243;][vc_column width=\u00bb1\/1&#8243;][vc_row_inner][vc_column_inner width=\u00bb1\/4&#8243;][vc_icon position=\u00bbleft\u00bb space_reduced=\u00bbyes\u00bb icon=\u00bbfa fa-building\u00bb heading_semantic=\u00bbh6&#8243; text_size=\u00bb\u00bb text_lead=\u00bbsmall\u00bb link=\u00bb|||\u00bb title=\u00bbDirecci\u00f3n\u00bb uncode_shortcode_id=\u00bb166023&#8243; icon_color_type=\u00bbuncode-solid\u00bb icon_color_solid=\u00bb#ee7140&#8243;]<span style=\"color: #000000\"><span class=\"NormalTextRun SCXW202183347 BCX0\">C\/<\/span><span class=\"NormalTextRun SpellingErrorV2Themed SCXW202183347 BCX0\">Montfar<\/span><span class=\"NormalTextRun SCXW202183347 BCX0\"> 24<\/span>, Barcelona<\/span>[\/vc_icon][\/vc_column_inner][vc_column_inner width=\u00bb1\/4&#8243;][vc_icon position=\u00bbleft\u00bb space_reduced=\u00bbyes\u00bb icon=\u00bbfa fa-home2&#8243; heading_semantic=\u00bbh6&#8243; text_size=\u00bbh6&#8243; linked_title=\u00bbyes\u00bb text_lead=\u00bbsmall\u00bb title=\u00bbWeb\u00bb uncode_shortcode_id=\u00bb408326&#8243; icon_color_type=\u00bbuncode-solid\u00bb icon_color_solid=\u00bb#ee7140&#8243;]<a href=\"http:\/\/www.lamuntanyeta.cat\">Acceder<\/a>[\/vc_icon][\/vc_column_inner][vc_column_inner width=\u00bb1\/4&#8243;][\/vc_column_inner][vc_column_inner width=\u00bb1\/4&#8243;][\/vc_column_inner][\/vc_row_inner][\/vc_column][\/vc_row][vc_row unlock_row_content=\u00bbyes\u00bb row_height_percent=\u00bb0&#8243; override_padding=\u00bbyes\u00bb h_padding=\u00bb0&#8243; top_padding=\u00bb0&#8243; bottom_padding=\u00bb0&#8243; overlay_alpha=\u00bb50&#8243; gutter_size=\u00bb3&#8243; column_width_percent=\u00bb40&#8243; shift_y=\u00bb0&#8243; z_index=\u00bb0&#8243; uncode_shortcode_id=\u00bb104916&#8243;][vc_column column_width_percent=\u00bb0&#8243; gutter_size=\u00bb3&#8243; overlay_alpha=\u00bb50&#8243; shift_x=\u00bb0&#8243; shift_y=\u00bb0&#8243; shift_y_down=\u00bb0&#8243; z_index=\u00bb0&#8243; medium_width=\u00bb0&#8243; mobile_width=\u00bb0&#8243; width=\u00bb1\/1&#8243; uncode_shortcode_id=\u00bb122986&#8243;][vc_empty_space empty_h=\u00bb2&#8243;][\/vc_column][\/vc_row][vc_row row_height_percent=\u00bb0&#8243; override_padding=\u00bbyes\u00bb h_padding=\u00bb0&#8243; top_padding=\u00bb0&#8243; bottom_padding=\u00bb1&#8243; overlay_alpha=\u00bb50&#8243; gutter_size=\u00bb3&#8243; column_width_percent=\u00bb100&#8243; shift_y=\u00bb0&#8243; z_index=\u00bb0&#8243; uncode_shortcode_id=\u00bb172159&#8243;][vc_column width=\u00bb1\/1&#8243;][vc_row_inner][vc_column_inner column_width_percent=\u00bb100&#8243; position_vertical=\u00bbmiddle\u00bb gutter_size=\u00bb3&#8243; overlay_alpha=\u00bb50&#8243; shift_x=\u00bb0&#8243; shift_y=\u00bb0&#8243; shift_y_down=\u00bb0&#8243; z_index=\u00bb0&#8243; medium_width=\u00bb0&#8243; mobile_width=\u00bb0&#8243; width=\u00bb1\/3&#8243; uncode_shortcode_id=\u00bb181736&#8243;][vc_single_image media=\u00bb4981&#8243; media_width_percent=\u00bb100&#8243; uncode_shortcode_id=\u00bb210712&#8243;][\/vc_column_inner][vc_column_inner column_width_percent=\u00bb100&#8243; gutter_size=\u00bb3&#8243; override_padding=\u00bbyes\u00bb column_padding=\u00bb2&#8243; overlay_alpha=\u00bb50&#8243; shift_x=\u00bb0&#8243; shift_y=\u00bb0&#8243; shift_y_down=\u00bb0&#8243; z_index=\u00bb0&#8243; medium_width=\u00bb0&#8243; mobile_width=\u00bb0&#8243; width=\u00bb2\/3&#8243; uncode_shortcode_id=\u00bb127371&#8243;][vc_column_text uncode_shortcode_id=\u00bb294860&#8243;]<\/p>\n<blockquote><p><span style=\"color: #000000\"><em>\u00ab<\/em><em>Nos apuntamos al programa porque cada vez vemos m\u00e1s la necesidad de, en primer lugar, ayudar a nuestros ni\u00f1os y acompa\u00f1arlos a nivel emocional, ya que observamos que cada vez hay m\u00e1s malestar emocional entre los ni\u00f1os y hay muchas situaciones que los llevan al l\u00edmite y que no saben c\u00f3mo gestionarlas y, por otro lado, para crear una l\u00ednea de escuela que haga que todos tengamos una mirada parecida hacia este tema y encontrar puntos comunes de actuaci\u00f3n.<\/em><\/span><\/p>\n<p><span style=\"color: #000000\"><em>Hace poco que hemos empezado con el programa (estamos haciendo el DAFO) y estamos ilusionadas y con muchas ganas de empezar este reto juntos<\/em><em>\u00bb<\/em><\/span><\/p>\n<p><span style=\"color: #000000\"><strong>Equipo escuela La Muntanyeta.<\/strong><\/span><\/p><\/blockquote>\n<p>[\/vc_column_text][\/vc_column_inner][\/vc_row_inner][\/vc_column][\/vc_row][vc_row unlock_row_content=\u00bbyes\u00bb row_height_percent=\u00bb0&#8243; override_padding=\u00bbyes\u00bb h_padding=\u00bb0&#8243; top_padding=\u00bb0&#8243; bottom_padding=\u00bb0&#8243; overlay_alpha=\u00bb50&#8243; gutter_size=\u00bb3&#8243; column_width_percent=\u00bb40&#8243; shift_y=\u00bb0&#8243; z_index=\u00bb0&#8243; uncode_shortcode_id=\u00bb104916&#8243;][vc_column column_width_percent=\u00bb0&#8243; gutter_size=\u00bb3&#8243; overlay_alpha=\u00bb50&#8243; shift_x=\u00bb0&#8243; shift_y=\u00bb0&#8243; shift_y_down=\u00bb0&#8243; z_index=\u00bb0&#8243; medium_width=\u00bb0&#8243; mobile_width=\u00bb0&#8243; width=\u00bb1\/1&#8243; uncode_shortcode_id=\u00bb122986&#8243;][vc_empty_space empty_h=\u00bb2&#8243;][\/vc_column][\/vc_row]<\/p>\n<\/div>","protected":false},"excerpt":{"rendered":"[vc_row unlock_row_content=\"yes\" row_height_percent=\"0\" override_padding=\"yes\" h_padding=\"0\" top_padding=\"2\" bottom_padding=\"0\" overlay_alpha=\"50\" gutter_size=\"3\" column_width_percent=\"40\" shift_y=\"0\" z_index=\"0\" uncode_shortcode_id=\"117802\"][vc_column column_width_percent=\"0\" gutter_size=\"3\" overlay_alpha=\"50\" shift_x=\"0\" shift_y=\"0\" shift_y_down=\"0\" z_index=\"0\" [...]","protected":false},"author":2,"featured_media":4983,"parent":0,"menu_order":0,"comment_status":"closed","ping_status":"closed","template":"","meta":{"footnotes":""},"class_list":["post-4975","page","type-page","status-publish","has-post-thumbnail","hentry","page_category-escuelas-komtu"],"yoast_head":"<!-- This site is optimized with the Yoast SEO plugin v27.4 - https:\/\/yoast.com\/product\/yoast-seo-wordpress\/ -->\n<title>ESCUELA LA MUNTANYETA - Komtu<\/title>\n<meta name=\"description\" content=\"Es importante tener cura y ser respetuosos con sus necesidades tanto a nivel emocional como de aprendizajes, respetando los ritmos de cada uno.\" \/>\n<meta name=\"robots\" content=\"index, follow, max-snippet:-1, max-image-preview:large, max-video-preview:-1\" \/>\n<link rel=\"canonical\" href=\"https:\/\/www.komtu.org\/es\/escuela-la-muntanyeta\/\" \/>\n<meta property=\"og:locale\" content=\"es_ES\" \/>\n<meta property=\"og:type\" content=\"article\" \/>\n<meta property=\"og:title\" content=\"ESCUELA LA MUNTANYETA - Komtu\" \/>\n<meta property=\"og:description\" content=\"Es importante tener cura y ser respetuosos con sus necesidades tanto a nivel emocional como de aprendizajes, respetando los ritmos de cada uno.\" \/>\n<meta property=\"og:url\" content=\"https:\/\/www.komtu.org\/es\/escuela-la-muntanyeta\/\" \/>\n<meta property=\"og:site_name\" content=\"Komtu\" \/>\n<meta property=\"article:modified_time\" content=\"2025-10-23T09:25:27+00:00\" \/>\n<meta property=\"og:image\" content=\"https:\/\/www.komtu.org\/wp-content\/uploads\/sites\/3\/2025\/10\/foto-activitat-escola-La-Muntanyeta-781x1024.png\" \/>\n\t<meta property=\"og:image:width\" content=\"781\" \/>\n\t<meta property=\"og:image:height\" content=\"1024\" \/>\n\t<meta property=\"og:image:type\" content=\"image\/png\" \/>\n<meta name=\"twitter:card\" content=\"summary_large_image\" \/>\n<meta name=\"twitter:label1\" content=\"Tiempo de lectura\" \/>\n\t<meta name=\"twitter:data1\" content=\"2 minutos\" \/>\n<script type=\"application\/ld+json\" class=\"yoast-schema-graph\">{\"@context\":\"https:\\\/\\\/schema.org\",\"@graph\":[{\"@type\":\"WebPage\",\"@id\":\"https:\\\/\\\/www.komtu.org\\\/es\\\/escuela-la-muntanyeta\\\/\",\"url\":\"https:\\\/\\\/www.komtu.org\\\/es\\\/escuela-la-muntanyeta\\\/\",\"name\":\"ESCUELA LA MUNTANYETA - Komtu\",\"isPartOf\":{\"@id\":\"https:\\\/\\\/www.komtu.org\\\/es\\\/#website\"},\"primaryImageOfPage\":{\"@id\":\"https:\\\/\\\/www.komtu.org\\\/es\\\/escuela-la-muntanyeta\\\/#primaryimage\"},\"image\":{\"@id\":\"https:\\\/\\\/www.komtu.org\\\/es\\\/escuela-la-muntanyeta\\\/#primaryimage\"},\"thumbnailUrl\":\"https:\\\/\\\/www.komtu.org\\\/wp-content\\\/uploads\\\/sites\\\/3\\\/2025\\\/10\\\/foto-activitat-escola-La-Muntanyeta-e1760018989131.png\",\"datePublished\":\"2025-10-09T14:15:53+00:00\",\"dateModified\":\"2025-10-23T09:25:27+00:00\",\"description\":\"Es importante tener cura y ser respetuosos con sus necesidades tanto a nivel emocional como de aprendizajes, respetando los ritmos de cada uno.\",\"breadcrumb\":{\"@id\":\"https:\\\/\\\/www.komtu.org\\\/es\\\/escuela-la-muntanyeta\\\/#breadcrumb\"},\"inLanguage\":\"es\",\"potentialAction\":[{\"@type\":\"ReadAction\",\"target\":[\"https:\\\/\\\/www.komtu.org\\\/es\\\/escuela-la-muntanyeta\\\/\"]}]},{\"@type\":\"ImageObject\",\"inLanguage\":\"es\",\"@id\":\"https:\\\/\\\/www.komtu.org\\\/es\\\/escuela-la-muntanyeta\\\/#primaryimage\",\"url\":\"https:\\\/\\\/www.komtu.org\\\/wp-content\\\/uploads\\\/sites\\\/3\\\/2025\\\/10\\\/foto-activitat-escola-La-Muntanyeta-e1760018989131.png\",\"contentUrl\":\"https:\\\/\\\/www.komtu.org\\\/wp-content\\\/uploads\\\/sites\\\/3\\\/2025\\\/10\\\/foto-activitat-escola-La-Muntanyeta-e1760018989131.png\",\"width\":2325,\"height\":3050},{\"@type\":\"BreadcrumbList\",\"@id\":\"https:\\\/\\\/www.komtu.org\\\/es\\\/escuela-la-muntanyeta\\\/#breadcrumb\",\"itemListElement\":[{\"@type\":\"ListItem\",\"position\":1,\"name\":\"Portada\",\"item\":\"https:\\\/\\\/www.komtu.org\\\/es\\\/\"},{\"@type\":\"ListItem\",\"position\":2,\"name\":\"ESCUELA LA MUNTANYETA\"}]},{\"@type\":\"WebSite\",\"@id\":\"https:\\\/\\\/www.komtu.org\\\/es\\\/#website\",\"url\":\"https:\\\/\\\/www.komtu.org\\\/es\\\/\",\"name\":\"Komtu\",\"description\":\"Otro sitio m\u00e1s de Nous Cims sitios\",\"potentialAction\":[{\"@type\":\"SearchAction\",\"target\":{\"@type\":\"EntryPoint\",\"urlTemplate\":\"https:\\\/\\\/www.komtu.org\\\/es\\\/?s={search_term_string}\"},\"query-input\":{\"@type\":\"PropertyValueSpecification\",\"valueRequired\":true,\"valueName\":\"search_term_string\"}}],\"inLanguage\":\"es\"}]}<\/script>\n<!-- \/ Yoast SEO plugin. -->","yoast_head_json":{"title":"ESCUELA LA MUNTANYETA - Komtu","description":"Es importante tener cura y ser respetuosos con sus necesidades tanto a nivel emocional como de aprendizajes, respetando los ritmos de cada uno.","robots":{"index":"index","follow":"follow","max-snippet":"max-snippet:-1","max-image-preview":"max-image-preview:large","max-video-preview":"max-video-preview:-1"},"canonical":"https:\/\/www.komtu.org\/es\/escuela-la-muntanyeta\/","og_locale":"es_ES","og_type":"article","og_title":"ESCUELA LA MUNTANYETA - Komtu","og_description":"Es importante tener cura y ser respetuosos con sus necesidades tanto a nivel emocional como de aprendizajes, respetando los ritmos de cada uno.","og_url":"https:\/\/www.komtu.org\/es\/escuela-la-muntanyeta\/","og_site_name":"Komtu","article_modified_time":"2025-10-23T09:25:27+00:00","og_image":[{"width":781,"height":1024,"url":"https:\/\/www.komtu.org\/wp-content\/uploads\/sites\/3\/2025\/10\/foto-activitat-escola-La-Muntanyeta-781x1024.png","type":"image\/png"}],"twitter_card":"summary_large_image","twitter_misc":{"Tiempo de lectura":"2 minutos"},"schema":{"@context":"https:\/\/schema.org","@graph":[{"@type":"WebPage","@id":"https:\/\/www.komtu.org\/es\/escuela-la-muntanyeta\/","url":"https:\/\/www.komtu.org\/es\/escuela-la-muntanyeta\/","name":"ESCUELA LA MUNTANYETA - Komtu","isPartOf":{"@id":"https:\/\/www.komtu.org\/es\/#website"},"primaryImageOfPage":{"@id":"https:\/\/www.komtu.org\/es\/escuela-la-muntanyeta\/#primaryimage"},"image":{"@id":"https:\/\/www.komtu.org\/es\/escuela-la-muntanyeta\/#primaryimage"},"thumbnailUrl":"https:\/\/www.komtu.org\/wp-content\/uploads\/sites\/3\/2025\/10\/foto-activitat-escola-La-Muntanyeta-e1760018989131.png","datePublished":"2025-10-09T14:15:53+00:00","dateModified":"2025-10-23T09:25:27+00:00","description":"Es importante tener cura y ser respetuosos con sus necesidades tanto a nivel emocional como de aprendizajes, respetando los ritmos de cada uno.","breadcrumb":{"@id":"https:\/\/www.komtu.org\/es\/escuela-la-muntanyeta\/#breadcrumb"},"inLanguage":"es","potentialAction":[{"@type":"ReadAction","target":["https:\/\/www.komtu.org\/es\/escuela-la-muntanyeta\/"]}]},{"@type":"ImageObject","inLanguage":"es","@id":"https:\/\/www.komtu.org\/es\/escuela-la-muntanyeta\/#primaryimage","url":"https:\/\/www.komtu.org\/wp-content\/uploads\/sites\/3\/2025\/10\/foto-activitat-escola-La-Muntanyeta-e1760018989131.png","contentUrl":"https:\/\/www.komtu.org\/wp-content\/uploads\/sites\/3\/2025\/10\/foto-activitat-escola-La-Muntanyeta-e1760018989131.png","width":2325,"height":3050},{"@type":"BreadcrumbList","@id":"https:\/\/www.komtu.org\/es\/escuela-la-muntanyeta\/#breadcrumb","itemListElement":[{"@type":"ListItem","position":1,"name":"Portada","item":"https:\/\/www.komtu.org\/es\/"},{"@type":"ListItem","position":2,"name":"ESCUELA LA MUNTANYETA"}]},{"@type":"WebSite","@id":"https:\/\/www.komtu.org\/es\/#website","url":"https:\/\/www.komtu.org\/es\/","name":"Komtu","description":"Otro sitio m\u00e1s de Nous Cims sitios","potentialAction":[{"@type":"SearchAction","target":{"@type":"EntryPoint","urlTemplate":"https:\/\/www.komtu.org\/es\/?s={search_term_string}"},"query-input":{"@type":"PropertyValueSpecification","valueRequired":true,"valueName":"search_term_string"}}],"inLanguage":"es"}]}},"_links":{"self":[{"href":"https:\/\/www.komtu.org\/es\/wp-json\/wp\/v2\/pages\/4975","targetHints":{"allow":["GET"]}}],"collection":[{"href":"https:\/\/www.komtu.org\/es\/wp-json\/wp\/v2\/pages"}],"about":[{"href":"https:\/\/www.komtu.org\/es\/wp-json\/wp\/v2\/types\/page"}],"author":[{"embeddable":true,"href":"https:\/\/www.komtu.org\/es\/wp-json\/wp\/v2\/users\/2"}],"replies":[{"embeddable":true,"href":"https:\/\/www.komtu.org\/es\/wp-json\/wp\/v2\/comments?post=4975"}],"version-history":[{"count":10,"href":"https:\/\/www.komtu.org\/es\/wp-json\/wp\/v2\/pages\/4975\/revisions"}],"predecessor-version":[{"id":5059,"href":"https:\/\/www.komtu.org\/es\/wp-json\/wp\/v2\/pages\/4975\/revisions\/5059"}],"wp:featuredmedia":[{"embeddable":true,"href":"https:\/\/www.komtu.org\/es\/wp-json\/wp\/v2\/media\/4983"}],"wp:attachment":[{"href":"https:\/\/www.komtu.org\/es\/wp-json\/wp\/v2\/media?parent=4975"}],"curies":[{"name":"wp","href":"https:\/\/api.w.org\/{rel}","templated":true}]}}