{"id":4956,"date":"2025-10-09T16:02:09","date_gmt":"2025-10-09T14:02:09","guid":{"rendered":"https:\/\/www.komtu.org\/?page_id=4956"},"modified":"2025-10-23T11:30:45","modified_gmt":"2025-10-23T09:30:45","slug":"escuela-joan-abello","status":"publish","type":"page","link":"https:\/\/www.komtu.org\/es\/escuela-joan-abello\/","title":{"rendered":"ESCUELA JOAN ABELL\u00d3"},"content":{"rendered":"<div class=\"wpb-content-wrapper\"><p>[vc_row unlock_row_content=\u00bbyes\u00bb row_height_percent=\u00bb0&#8243; override_padding=\u00bbyes\u00bb h_padding=\u00bb0&#8243; top_padding=\u00bb2&#8243; bottom_padding=\u00bb0&#8243; overlay_alpha=\u00bb50&#8243; gutter_size=\u00bb3&#8243; column_width_percent=\u00bb40&#8243; shift_y=\u00bb0&#8243; z_index=\u00bb0&#8243; uncode_shortcode_id=\u00bb117802&#8243;][vc_column column_width_percent=\u00bb0&#8243; gutter_size=\u00bb3&#8243; overlay_alpha=\u00bb50&#8243; shift_x=\u00bb0&#8243; shift_y=\u00bb0&#8243; shift_y_down=\u00bb0&#8243; z_index=\u00bb0&#8243; medium_width=\u00bb0&#8243; mobile_width=\u00bb0&#8243; width=\u00bb1\/1&#8243; uncode_shortcode_id=\u00bb122986&#8243;][vc_empty_space empty_h=\u00bb0&#8243;][\/vc_column][\/vc_row][vc_row unlock_row=\u00bb\u00bb row_height_percent=\u00bb0&#8243; override_padding=\u00bbyes\u00bb h_padding=\u00bb2&#8243; top_padding=\u00bb1&#8243; bottom_padding=\u00bb1&#8243; overlay_alpha=\u00bb50&#8243; gutter_size=\u00bb3&#8243; column_width_percent=\u00bb100&#8243; shift_y=\u00bb0&#8243; z_index=\u00bb0&#8243; uncode_shortcode_id=\u00bb141143&#8243; back_color_type=\u00bbuncode-solid\u00bb back_color_solid=\u00bb#ee7140&#8243;][vc_column column_width_percent=\u00bb100&#8243; gutter_size=\u00bb3&#8243; override_padding=\u00bbyes\u00bb column_padding=\u00bb2&#8243; overlay_alpha=\u00bb50&#8243; shift_x=\u00bb0&#8243; shift_y=\u00bb0&#8243; shift_y_down=\u00bb0&#8243; z_index=\u00bb0&#8243; medium_width=\u00bb0&#8243; mobile_width=\u00bb0&#8243; width=\u00bb1\/1&#8243; uncode_shortcode_id=\u00bb124918&#8243;][vc_column_text text_color=\u00bbcolor-xsdn\u00bb uncode_shortcode_id=\u00bb621111&#8243; text_color_type=\u00bbuncode-palette\u00bb]Somos una escuela que quiere dar respuesta a todas las necesidades de los ni\u00f1os, teniendo en cuenta la singularidad de cada cual y respetando siempre las diferencias que nos enriquecen como comunidad.<\/p>\n<p>Deseamos que nuestra escuela sea un espacio de bienestar y aprendizaje, donde cada ni\u00f1o se sienta acogido, valorado y acompa\u00f1ado a lo largo de su proceso educativo y personal. Confiamos plenamente en sus capacidades y potencialidades, y estamos convencidas de que cada cual puede recorrer un camino propio y lleno de oportunidades.<\/p>\n<p>Por este motivo, desde el centro ofrecemos una gran diversidad de recursos y estrategias que favorecen el desarrollo global de los ni\u00f1os y garantizan una educaci\u00f3n inclusiva y de calidad.<\/p>\n<p>Adem\u00e1s, el equipo de profesionales de la escuela estamos en constante formaci\u00f3n y reflexi\u00f3n. Este compromiso con la mejora continua nos permite crecer, innovar y consolidar un proyecto educativo abierto, respetuoso y sensible a las necesidades de todo el mundo.[\/vc_column_text][\/vc_column][\/vc_row][vc_row unlock_row_content=\u00bbyes\u00bb row_height_percent=\u00bb0&#8243; override_padding=\u00bbyes\u00bb h_padding=\u00bb0&#8243; top_padding=\u00bb0&#8243; bottom_padding=\u00bb0&#8243; overlay_alpha=\u00bb50&#8243; gutter_size=\u00bb3&#8243; column_width_percent=\u00bb40&#8243; shift_y=\u00bb0&#8243; z_index=\u00bb0&#8243; uncode_shortcode_id=\u00bb104916&#8243;][vc_column column_width_percent=\u00bb0&#8243; gutter_size=\u00bb3&#8243; overlay_alpha=\u00bb50&#8243; shift_x=\u00bb0&#8243; shift_y=\u00bb0&#8243; shift_y_down=\u00bb0&#8243; z_index=\u00bb0&#8243; medium_width=\u00bb0&#8243; mobile_width=\u00bb0&#8243; width=\u00bb1\/1&#8243; uncode_shortcode_id=\u00bb122986&#8243;][vc_empty_space empty_h=\u00bb0&#8243;][\/vc_column][\/vc_row][vc_row row_height_percent=\u00bb0&#8243; override_padding=\u00bbyes\u00bb h_padding=\u00bb2&#8243; top_padding=\u00bb2&#8243; bottom_padding=\u00bb1&#8243; overlay_alpha=\u00bb50&#8243; gutter_size=\u00bb3&#8243; column_width_percent=\u00bb100&#8243; shift_y=\u00bb0&#8243; z_index=\u00bb0&#8243; uncode_shortcode_id=\u00bb194587&#8243;][vc_column width=\u00bb1\/1&#8243;][vc_row_inner][vc_column_inner width=\u00bb1\/4&#8243;][vc_icon position=\u00bbleft\u00bb space_reduced=\u00bbyes\u00bb icon=\u00bbfa fa-building\u00bb heading_semantic=\u00bbh6&#8243; text_size=\u00bb\u00bb text_lead=\u00bbsmall\u00bb link=\u00bb|||\u00bb title=\u00bbDirecci\u00f3n\u00bb uncode_shortcode_id=\u00bb835836&#8243; icon_color_type=\u00bbuncode-solid\u00bb icon_color_solid=\u00bb#ee7140&#8243;]<span style=\"color: #000000\"><span class=\"TextRun SCXW102537724 BCX0\" lang=\"CA\" xml:lang=\"CA\" data-contrast=\"auto\"><span class=\"NormalTextRun SCXW102537724 BCX0\">Avenida Parc, 25. Mollet del Vall\u00e8s<\/span><\/span><span class=\"EOP SCXW102537724 BCX0\" data-ccp-props=\"{}\">\u00a0<\/span><\/span>[\/vc_icon][\/vc_column_inner][vc_column_inner width=\u00bb1\/4&#8243;][vc_icon position=\u00bbleft\u00bb space_reduced=\u00bbyes\u00bb icon=\u00bbfa fa-home2&#8243; heading_semantic=\u00bbh6&#8243; text_size=\u00bbh6&#8243; linked_title=\u00bbyes\u00bb text_lead=\u00bbsmall\u00bb title=\u00bbWeb\u00bb uncode_shortcode_id=\u00bb173230&#8243; icon_color_type=\u00bbuncode-solid\u00bb icon_color_solid=\u00bb#ee7140&#8243;]<a href=\"https:\/\/agora.xtec.cat\/ceipjoanabello-mollet\/\">Acceder<\/a>[\/vc_icon][\/vc_column_inner][vc_column_inner width=\u00bb1\/4&#8243;][vc_icon position=\u00bbleft\u00bb space_reduced=\u00bbyes\u00bb icon=\u00bbfa fa-instagram\u00bb heading_semantic=\u00bbh6&#8243; text_size=\u00bbh6&#8243; linked_title=\u00bbyes\u00bb text_lead=\u00bbsmall\u00bb uncode_shortcode_id=\u00bb995102&#8243; icon_color_type=\u00bbuncode-solid\u00bb icon_color_solid=\u00bb#ee7140&#8243; title=\u00bbInstagram\u00bb]<a href=\"https:\/\/www.instagram.com\/escola_joan_abello\/\"><span style=\"color: #000000\">escola_joan_abello<\/span><\/a>[\/vc_icon][\/vc_column_inner][vc_column_inner width=\u00bb1\/4&#8243;][\/vc_column_inner][\/vc_row_inner][\/vc_column][\/vc_row][vc_row unlock_row_content=\u00bbyes\u00bb row_height_percent=\u00bb0&#8243; override_padding=\u00bbyes\u00bb h_padding=\u00bb0&#8243; top_padding=\u00bb0&#8243; bottom_padding=\u00bb0&#8243; overlay_alpha=\u00bb50&#8243; gutter_size=\u00bb3&#8243; column_width_percent=\u00bb40&#8243; shift_y=\u00bb0&#8243; z_index=\u00bb0&#8243; uncode_shortcode_id=\u00bb104916&#8243;][vc_column column_width_percent=\u00bb0&#8243; gutter_size=\u00bb3&#8243; overlay_alpha=\u00bb50&#8243; shift_x=\u00bb0&#8243; shift_y=\u00bb0&#8243; shift_y_down=\u00bb0&#8243; z_index=\u00bb0&#8243; medium_width=\u00bb0&#8243; mobile_width=\u00bb0&#8243; width=\u00bb1\/1&#8243; uncode_shortcode_id=\u00bb122986&#8243;][vc_empty_space empty_h=\u00bb2&#8243;][\/vc_column][\/vc_row][vc_row row_height_percent=\u00bb0&#8243; override_padding=\u00bbyes\u00bb h_padding=\u00bb0&#8243; top_padding=\u00bb0&#8243; bottom_padding=\u00bb1&#8243; overlay_alpha=\u00bb50&#8243; gutter_size=\u00bb3&#8243; column_width_percent=\u00bb100&#8243; shift_y=\u00bb0&#8243; z_index=\u00bb0&#8243; uncode_shortcode_id=\u00bb172159&#8243;][vc_column width=\u00bb1\/1&#8243;][vc_row_inner][vc_column_inner column_width_percent=\u00bb100&#8243; position_vertical=\u00bbmiddle\u00bb gutter_size=\u00bb3&#8243; overlay_alpha=\u00bb50&#8243; shift_x=\u00bb0&#8243; shift_y=\u00bb0&#8243; shift_y_down=\u00bb0&#8243; z_index=\u00bb0&#8243; medium_width=\u00bb0&#8243; mobile_width=\u00bb0&#8243; width=\u00bb1\/3&#8243; uncode_shortcode_id=\u00bb181736&#8243;][vc_single_image media=\u00bb4962&#8243; media_width_percent=\u00bb100&#8243; uncode_shortcode_id=\u00bb177360&#8243;][\/vc_column_inner][vc_column_inner column_width_percent=\u00bb100&#8243; gutter_size=\u00bb3&#8243; override_padding=\u00bbyes\u00bb column_padding=\u00bb2&#8243; overlay_alpha=\u00bb50&#8243; shift_x=\u00bb0&#8243; shift_y=\u00bb0&#8243; shift_y_down=\u00bb0&#8243; z_index=\u00bb0&#8243; medium_width=\u00bb0&#8243; mobile_width=\u00bb0&#8243; width=\u00bb2\/3&#8243; uncode_shortcode_id=\u00bb127371&#8243;][vc_column_text uncode_shortcode_id=\u00bb106556&#8243;]<\/p>\n<blockquote><p><span style=\"color: #000000\"><em>\u00ab<\/em>La Escuela Joan Abell\u00f3 descubri\u00f3 el Programa Komt\u00fc gracias a las experiencias compartidas por escuelas vecinas, que ya hablaban con entusiasmo y buenos resultados. Cuando tuvimos la oportunidad de formar parte, no nos lo pensamos ni un instante: sab\u00edamos que era una ocasi\u00f3n que ten\u00edamos que aprovechar.\u00a0<\/span><\/p>\n<p><span style=\"color: #000000\">Para nosotros, el bienestar emocional es un pilar fundamental en la vida escolar. Estamos convencidas que el bienestar de todos los miembros de la comunidad educativa tiene un impacto directo y muy positivo en los ni\u00f1os, que son y tienen que ser siempre los protagonistas de nuestro d\u00eda a d\u00eda.\u00a0<\/span><\/p>\n<p><span style=\"color: #000000\">Con el Programa Komt\u00fc iniciamos un camino que nos permite crecer juntos, acompa\u00f1ar mejor a los ni\u00f1os y construir una escuela todav\u00eda m\u00e1s abierta, acogedora y sensible a las necesidades emocionales de toda la comunidad<em>.<\/em><em>\u00bb<\/em><\/span><\/p>\n<p><span style=\"color: #000000\"><strong>Equipo escuela Joan Abell\u00f3.<\/strong><\/span><\/p><\/blockquote>\n<p>[\/vc_column_text][\/vc_column_inner][\/vc_row_inner][\/vc_column][\/vc_row][vc_row unlock_row_content=\u00bbyes\u00bb row_height_percent=\u00bb0&#8243; override_padding=\u00bbyes\u00bb h_padding=\u00bb0&#8243; top_padding=\u00bb0&#8243; bottom_padding=\u00bb0&#8243; overlay_alpha=\u00bb50&#8243; gutter_size=\u00bb3&#8243; column_width_percent=\u00bb40&#8243; shift_y=\u00bb0&#8243; z_index=\u00bb0&#8243; uncode_shortcode_id=\u00bb104916&#8243;][vc_column column_width_percent=\u00bb0&#8243; gutter_size=\u00bb3&#8243; overlay_alpha=\u00bb50&#8243; shift_x=\u00bb0&#8243; shift_y=\u00bb0&#8243; shift_y_down=\u00bb0&#8243; z_index=\u00bb0&#8243; medium_width=\u00bb0&#8243; mobile_width=\u00bb0&#8243; width=\u00bb1\/1&#8243; uncode_shortcode_id=\u00bb122986&#8243;][vc_empty_space empty_h=\u00bb2&#8243;][\/vc_column][\/vc_row]<\/p>\n<\/div>","protected":false},"excerpt":{"rendered":"[vc_row unlock_row_content=\"yes\" row_height_percent=\"0\" override_padding=\"yes\" h_padding=\"0\" top_padding=\"2\" bottom_padding=\"0\" overlay_alpha=\"50\" gutter_size=\"3\" column_width_percent=\"40\" shift_y=\"0\" z_index=\"0\" uncode_shortcode_id=\"117802\"][vc_column column_width_percent=\"0\" gutter_size=\"3\" overlay_alpha=\"50\" shift_x=\"0\" shift_y=\"0\" shift_y_down=\"0\" z_index=\"0\" [...]","protected":false},"author":2,"featured_media":4964,"parent":0,"menu_order":0,"comment_status":"closed","ping_status":"closed","template":"","meta":{"footnotes":""},"class_list":["post-4956","page","type-page","status-publish","has-post-thumbnail","hentry","page_category-escuelas-komtu"],"yoast_head":"<!-- This site is optimized with the Yoast SEO plugin v27.4 - https:\/\/yoast.com\/product\/yoast-seo-wordpress\/ -->\n<title>ESCUELA JOAN ABELL\u00d3 - Komtu<\/title>\n<meta name=\"description\" content=\"Somos una escuela que quiere dar respuesta a todas las necesidades de los ni\u00f1os, teniendo en cuenta la singularidad de cada uno y respetando las diferencias que nos enriquecen como comunidad.\" \/>\n<meta name=\"robots\" content=\"index, follow, max-snippet:-1, max-image-preview:large, max-video-preview:-1\" \/>\n<link rel=\"canonical\" href=\"https:\/\/www.komtu.org\/es\/escuela-joan-abello\/\" \/>\n<meta property=\"og:locale\" content=\"es_ES\" \/>\n<meta property=\"og:type\" content=\"article\" \/>\n<meta property=\"og:title\" content=\"ESCUELA JOAN ABELL\u00d3 - Komtu\" \/>\n<meta property=\"og:description\" content=\"Somos una escuela que quiere dar respuesta a todas las necesidades de los ni\u00f1os, teniendo en cuenta la singularidad de cada uno y respetando las diferencias que nos enriquecen como comunidad.\" \/>\n<meta property=\"og:url\" content=\"https:\/\/www.komtu.org\/es\/escuela-joan-abello\/\" \/>\n<meta property=\"og:site_name\" content=\"Komtu\" \/>\n<meta property=\"article:modified_time\" content=\"2025-10-23T09:30:45+00:00\" \/>\n<meta property=\"og:image\" content=\"https:\/\/www.komtu.org\/wp-content\/uploads\/sites\/3\/2025\/10\/foto-portada-1-scaled.jpg\" \/>\n\t<meta property=\"og:image:width\" content=\"2560\" \/>\n\t<meta property=\"og:image:height\" content=\"1501\" \/>\n\t<meta property=\"og:image:type\" content=\"image\/jpeg\" \/>\n<meta name=\"twitter:card\" content=\"summary_large_image\" \/>\n<meta name=\"twitter:label1\" content=\"Tiempo de lectura\" \/>\n\t<meta name=\"twitter:data1\" content=\"3 minutos\" \/>\n<script type=\"application\/ld+json\" class=\"yoast-schema-graph\">{\"@context\":\"https:\\\/\\\/schema.org\",\"@graph\":[{\"@type\":\"WebPage\",\"@id\":\"https:\\\/\\\/www.komtu.org\\\/es\\\/escuela-joan-abello\\\/\",\"url\":\"https:\\\/\\\/www.komtu.org\\\/es\\\/escuela-joan-abello\\\/\",\"name\":\"ESCUELA JOAN ABELL\u00d3 - Komtu\",\"isPartOf\":{\"@id\":\"https:\\\/\\\/www.komtu.org\\\/es\\\/#website\"},\"primaryImageOfPage\":{\"@id\":\"https:\\\/\\\/www.komtu.org\\\/es\\\/escuela-joan-abello\\\/#primaryimage\"},\"image\":{\"@id\":\"https:\\\/\\\/www.komtu.org\\\/es\\\/escuela-joan-abello\\\/#primaryimage\"},\"thumbnailUrl\":\"https:\\\/\\\/www.komtu.org\\\/wp-content\\\/uploads\\\/sites\\\/3\\\/2025\\\/10\\\/foto-portada-1-scaled.jpg\",\"datePublished\":\"2025-10-09T14:02:09+00:00\",\"dateModified\":\"2025-10-23T09:30:45+00:00\",\"description\":\"Somos una escuela que quiere dar respuesta a todas las necesidades de los ni\u00f1os, teniendo en cuenta la singularidad de cada uno y respetando las diferencias que nos enriquecen como comunidad.\",\"breadcrumb\":{\"@id\":\"https:\\\/\\\/www.komtu.org\\\/es\\\/escuela-joan-abello\\\/#breadcrumb\"},\"inLanguage\":\"es\",\"potentialAction\":[{\"@type\":\"ReadAction\",\"target\":[\"https:\\\/\\\/www.komtu.org\\\/es\\\/escuela-joan-abello\\\/\"]}]},{\"@type\":\"ImageObject\",\"inLanguage\":\"es\",\"@id\":\"https:\\\/\\\/www.komtu.org\\\/es\\\/escuela-joan-abello\\\/#primaryimage\",\"url\":\"https:\\\/\\\/www.komtu.org\\\/wp-content\\\/uploads\\\/sites\\\/3\\\/2025\\\/10\\\/foto-portada-1-scaled.jpg\",\"contentUrl\":\"https:\\\/\\\/www.komtu.org\\\/wp-content\\\/uploads\\\/sites\\\/3\\\/2025\\\/10\\\/foto-portada-1-scaled.jpg\",\"width\":2560,\"height\":1501},{\"@type\":\"BreadcrumbList\",\"@id\":\"https:\\\/\\\/www.komtu.org\\\/es\\\/escuela-joan-abello\\\/#breadcrumb\",\"itemListElement\":[{\"@type\":\"ListItem\",\"position\":1,\"name\":\"Portada\",\"item\":\"https:\\\/\\\/www.komtu.org\\\/es\\\/\"},{\"@type\":\"ListItem\",\"position\":2,\"name\":\"ESCUELA JOAN ABELL\u00d3\"}]},{\"@type\":\"WebSite\",\"@id\":\"https:\\\/\\\/www.komtu.org\\\/es\\\/#website\",\"url\":\"https:\\\/\\\/www.komtu.org\\\/es\\\/\",\"name\":\"Komtu\",\"description\":\"Otro sitio m\u00e1s de Nous Cims sitios\",\"potentialAction\":[{\"@type\":\"SearchAction\",\"target\":{\"@type\":\"EntryPoint\",\"urlTemplate\":\"https:\\\/\\\/www.komtu.org\\\/es\\\/?s={search_term_string}\"},\"query-input\":{\"@type\":\"PropertyValueSpecification\",\"valueRequired\":true,\"valueName\":\"search_term_string\"}}],\"inLanguage\":\"es\"}]}<\/script>\n<!-- \/ Yoast SEO plugin. -->","yoast_head_json":{"title":"ESCUELA JOAN ABELL\u00d3 - Komtu","description":"Somos una escuela que quiere dar respuesta a todas las necesidades de los ni\u00f1os, teniendo en cuenta la singularidad de cada uno y respetando las diferencias que nos enriquecen como comunidad.","robots":{"index":"index","follow":"follow","max-snippet":"max-snippet:-1","max-image-preview":"max-image-preview:large","max-video-preview":"max-video-preview:-1"},"canonical":"https:\/\/www.komtu.org\/es\/escuela-joan-abello\/","og_locale":"es_ES","og_type":"article","og_title":"ESCUELA JOAN ABELL\u00d3 - Komtu","og_description":"Somos una escuela que quiere dar respuesta a todas las necesidades de los ni\u00f1os, teniendo en cuenta la singularidad de cada uno y respetando las diferencias que nos enriquecen como comunidad.","og_url":"https:\/\/www.komtu.org\/es\/escuela-joan-abello\/","og_site_name":"Komtu","article_modified_time":"2025-10-23T09:30:45+00:00","og_image":[{"width":2560,"height":1501,"url":"https:\/\/www.komtu.org\/wp-content\/uploads\/sites\/3\/2025\/10\/foto-portada-1-scaled.jpg","type":"image\/jpeg"}],"twitter_card":"summary_large_image","twitter_misc":{"Tiempo de lectura":"3 minutos"},"schema":{"@context":"https:\/\/schema.org","@graph":[{"@type":"WebPage","@id":"https:\/\/www.komtu.org\/es\/escuela-joan-abello\/","url":"https:\/\/www.komtu.org\/es\/escuela-joan-abello\/","name":"ESCUELA JOAN ABELL\u00d3 - Komtu","isPartOf":{"@id":"https:\/\/www.komtu.org\/es\/#website"},"primaryImageOfPage":{"@id":"https:\/\/www.komtu.org\/es\/escuela-joan-abello\/#primaryimage"},"image":{"@id":"https:\/\/www.komtu.org\/es\/escuela-joan-abello\/#primaryimage"},"thumbnailUrl":"https:\/\/www.komtu.org\/wp-content\/uploads\/sites\/3\/2025\/10\/foto-portada-1-scaled.jpg","datePublished":"2025-10-09T14:02:09+00:00","dateModified":"2025-10-23T09:30:45+00:00","description":"Somos una escuela que quiere dar respuesta a todas las necesidades de los ni\u00f1os, teniendo en cuenta la singularidad de cada uno y respetando las diferencias que nos enriquecen como comunidad.","breadcrumb":{"@id":"https:\/\/www.komtu.org\/es\/escuela-joan-abello\/#breadcrumb"},"inLanguage":"es","potentialAction":[{"@type":"ReadAction","target":["https:\/\/www.komtu.org\/es\/escuela-joan-abello\/"]}]},{"@type":"ImageObject","inLanguage":"es","@id":"https:\/\/www.komtu.org\/es\/escuela-joan-abello\/#primaryimage","url":"https:\/\/www.komtu.org\/wp-content\/uploads\/sites\/3\/2025\/10\/foto-portada-1-scaled.jpg","contentUrl":"https:\/\/www.komtu.org\/wp-content\/uploads\/sites\/3\/2025\/10\/foto-portada-1-scaled.jpg","width":2560,"height":1501},{"@type":"BreadcrumbList","@id":"https:\/\/www.komtu.org\/es\/escuela-joan-abello\/#breadcrumb","itemListElement":[{"@type":"ListItem","position":1,"name":"Portada","item":"https:\/\/www.komtu.org\/es\/"},{"@type":"ListItem","position":2,"name":"ESCUELA JOAN ABELL\u00d3"}]},{"@type":"WebSite","@id":"https:\/\/www.komtu.org\/es\/#website","url":"https:\/\/www.komtu.org\/es\/","name":"Komtu","description":"Otro sitio m\u00e1s de Nous Cims sitios","potentialAction":[{"@type":"SearchAction","target":{"@type":"EntryPoint","urlTemplate":"https:\/\/www.komtu.org\/es\/?s={search_term_string}"},"query-input":{"@type":"PropertyValueSpecification","valueRequired":true,"valueName":"search_term_string"}}],"inLanguage":"es"}]}},"_links":{"self":[{"href":"https:\/\/www.komtu.org\/es\/wp-json\/wp\/v2\/pages\/4956","targetHints":{"allow":["GET"]}}],"collection":[{"href":"https:\/\/www.komtu.org\/es\/wp-json\/wp\/v2\/pages"}],"about":[{"href":"https:\/\/www.komtu.org\/es\/wp-json\/wp\/v2\/types\/page"}],"author":[{"embeddable":true,"href":"https:\/\/www.komtu.org\/es\/wp-json\/wp\/v2\/users\/2"}],"replies":[{"embeddable":true,"href":"https:\/\/www.komtu.org\/es\/wp-json\/wp\/v2\/comments?post=4956"}],"version-history":[{"count":10,"href":"https:\/\/www.komtu.org\/es\/wp-json\/wp\/v2\/pages\/4956\/revisions"}],"predecessor-version":[{"id":5064,"href":"https:\/\/www.komtu.org\/es\/wp-json\/wp\/v2\/pages\/4956\/revisions\/5064"}],"wp:featuredmedia":[{"embeddable":true,"href":"https:\/\/www.komtu.org\/es\/wp-json\/wp\/v2\/media\/4964"}],"wp:attachment":[{"href":"https:\/\/www.komtu.org\/es\/wp-json\/wp\/v2\/media?parent=4956"}],"curies":[{"name":"wp","href":"https:\/\/api.w.org\/{rel}","templated":true}]}}