{"id":2442,"date":"2022-09-20T11:11:22","date_gmt":"2022-09-20T09:11:22","guid":{"rendered":"https:\/\/www.komtu.org\/?page_id=2442"},"modified":"2023-11-20T10:30:09","modified_gmt":"2023-11-20T09:30:09","slug":"escuela-pereanton-2","status":"publish","type":"page","link":"https:\/\/www.komtu.org\/es\/escuela-pereanton-2\/","title":{"rendered":"ESCUELA PEREANTON"},"content":{"rendered":"<div class=\"wpb-content-wrapper\"><p>[vc_row unlock_row_content=\u00bbyes\u00bb row_height_percent=\u00bb0&#8243; override_padding=\u00bbyes\u00bb h_padding=\u00bb0&#8243; top_padding=\u00bb2&#8243; bottom_padding=\u00bb0&#8243; overlay_alpha=\u00bb50&#8243; gutter_size=\u00bb3&#8243; column_width_percent=\u00bb40&#8243; shift_y=\u00bb0&#8243; z_index=\u00bb0&#8243; uncode_shortcode_id=\u00bb117802&#8243;][vc_column column_width_percent=\u00bb0&#8243; gutter_size=\u00bb3&#8243; overlay_alpha=\u00bb50&#8243; shift_x=\u00bb0&#8243; shift_y=\u00bb0&#8243; shift_y_down=\u00bb0&#8243; z_index=\u00bb0&#8243; medium_width=\u00bb0&#8243; mobile_width=\u00bb0&#8243; width=\u00bb1\/1&#8243; uncode_shortcode_id=\u00bb122986&#8243;][vc_empty_space empty_h=\u00bb0&#8243;][\/vc_column][\/vc_row][vc_row unlock_row=\u00bb\u00bb row_height_percent=\u00bb0&#8243; override_padding=\u00bbyes\u00bb h_padding=\u00bb2&#8243; top_padding=\u00bb1&#8243; bottom_padding=\u00bb1&#8243; overlay_alpha=\u00bb50&#8243; gutter_size=\u00bb3&#8243; column_width_percent=\u00bb100&#8243; shift_y=\u00bb0&#8243; z_index=\u00bb0&#8243; uncode_shortcode_id=\u00bb141143&#8243; back_color_type=\u00bbuncode-solid\u00bb back_color_solid=\u00bb#ee7140&#8243;][vc_column column_width_percent=\u00bb100&#8243; gutter_size=\u00bb3&#8243; override_padding=\u00bbyes\u00bb column_padding=\u00bb2&#8243; overlay_alpha=\u00bb50&#8243; shift_x=\u00bb0&#8243; shift_y=\u00bb0&#8243; shift_y_down=\u00bb0&#8243; z_index=\u00bb0&#8243; medium_width=\u00bb0&#8243; mobile_width=\u00bb0&#8243; width=\u00bb1\/1&#8243; uncode_shortcode_id=\u00bb124918&#8243;][vc_column_text text_color=\u00bbcolor-xsdn\u00bb uncode_shortcode_id=\u00bb133065&#8243; text_color_type=\u00bbuncode-palette\u00bb]La escuela p\u00fablica Pereanton de Granollers tiene un proyecto educativo singular que hace de la m\u00fasica el eje vertebrador de todo el aprendizaje, desde Educaci\u00f3n Infantil, 3 a\u00f1os y hasta 6.\u00ba de Primaria. El a\u00f1o 2019, \u201cM\u00fasica para crecer\u201d fue reconocido como proyecto de innovaci\u00f3n pedag\u00f3gica por el Departamento de Educaci\u00f3n de la Generalitat y el 2021 fue galardonado con el premio Baldiri Escuela de la Fundaci\u00f3n Carulla.<\/p>\n<p>En la escuela Pereanton cada clase se transforma, una vez por semana, en una Big band, una coral y un cuerpo de danza. La m\u00fasica ha ayudado a renovar un proyecto educativo con m\u00e1s de cien a\u00f1os de historia y actualmente es parte de su ADN.[\/vc_column_text][\/vc_column][\/vc_row][vc_row unlock_row_content=\u00bbyes\u00bb row_height_percent=\u00bb0&#8243; override_padding=\u00bbyes\u00bb h_padding=\u00bb0&#8243; top_padding=\u00bb0&#8243; bottom_padding=\u00bb0&#8243; overlay_alpha=\u00bb50&#8243; gutter_size=\u00bb3&#8243; column_width_percent=\u00bb40&#8243; shift_y=\u00bb0&#8243; z_index=\u00bb0&#8243; uncode_shortcode_id=\u00bb104916&#8243;][vc_column column_width_percent=\u00bb0&#8243; gutter_size=\u00bb3&#8243; overlay_alpha=\u00bb50&#8243; shift_x=\u00bb0&#8243; shift_y=\u00bb0&#8243; shift_y_down=\u00bb0&#8243; z_index=\u00bb0&#8243; medium_width=\u00bb0&#8243; mobile_width=\u00bb0&#8243; width=\u00bb1\/1&#8243; uncode_shortcode_id=\u00bb122986&#8243;][vc_empty_space empty_h=\u00bb0&#8243;][\/vc_column][\/vc_row][vc_row row_height_percent=\u00bb0&#8243; override_padding=\u00bbyes\u00bb h_padding=\u00bb2&#8243; top_padding=\u00bb2&#8243; bottom_padding=\u00bb1&#8243; overlay_alpha=\u00bb50&#8243; gutter_size=\u00bb3&#8243; column_width_percent=\u00bb100&#8243; shift_y=\u00bb0&#8243; z_index=\u00bb0&#8243; uncode_shortcode_id=\u00bb194587&#8243;][vc_column width=\u00bb1\/1&#8243;][vc_row_inner][vc_column_inner width=\u00bb1\/4&#8243;][vc_icon position=\u00bbleft\u00bb space_reduced=\u00bbyes\u00bb icon=\u00bbfa fa-building\u00bb heading_semantic=\u00bbh6&#8243; text_size=\u00bb\u00bb text_lead=\u00bbsmall\u00bb link=\u00bb|||\u00bb title=\u00bbDirecci\u00f3n\u00bb uncode_shortcode_id=\u00bb139754&#8243; icon_color_type=\u00bbuncode-solid\u00bb icon_color_solid=\u00bb#ee7140&#8243;]<span style=\"font-weight: 400;color: #000000\">Calle Antoni Esp\u00ed i Grau, 3, 08401 Granollers, Barcelona<\/span>[\/vc_icon][\/vc_column_inner][vc_column_inner width=\u00bb1\/4&#8243;][vc_icon position=\u00bbleft\u00bb space_reduced=\u00bbyes\u00bb icon=\u00bbfa fa-home2&#8243; heading_semantic=\u00bbh6&#8243; text_size=\u00bbh6&#8243; linked_title=\u00bbyes\u00bb text_lead=\u00bbsmall\u00bb title=\u00bbWeb\u00bb uncode_shortcode_id=\u00bb584758&#8243; icon_color_type=\u00bbuncode-solid\u00bb icon_color_solid=\u00bb#ee7140&#8243;]<a href=\"https:\/\/agora.xtec.cat\/ceippereanton\/\">Acceder<\/a>[\/vc_icon][\/vc_column_inner][vc_column_inner width=\u00bb1\/4&#8243;][vc_icon position=\u00bbleft\u00bb space_reduced=\u00bbyes\u00bb icon=\u00bbfa fa-social-twitter\u00bb heading_semantic=\u00bbh6&#8243; text_size=\u00bb\u00bb linked_title=\u00bbyes\u00bb text_lead=\u00bbsmall\u00bb title=\u00bbTwitter\u00bb uncode_shortcode_id=\u00bb105581&#8243; icon_color_type=\u00bbuncode-solid\u00bb icon_color_solid=\u00bb#ee7140&#8243;]<a href=\"https:\/\/twitter.com\/escolapereanton\" target=\"_blank\" rel=\"noopener\">@escolapereanton<\/a>[\/vc_icon][\/vc_column_inner][vc_column_inner width=\u00bb1\/4&#8243;][\/vc_column_inner][\/vc_row_inner][\/vc_column][\/vc_row][vc_row row_height_percent=\u00bb0&#8243; override_padding=\u00bbyes\u00bb h_padding=\u00bb2&#8243; top_padding=\u00bb2&#8243; bottom_padding=\u00bb2&#8243; overlay_alpha=\u00bb50&#8243; gutter_size=\u00bb3&#8243; column_width_percent=\u00bb100&#8243; shift_y=\u00bb0&#8243; z_index=\u00bb0&#8243; uncode_shortcode_id=\u00bb821438&#8243;][vc_column width=\u00bb1\/1&#8243;][vc_row_inner][vc_column_inner width=\u00bb1\/3&#8243;][vc_single_image media=\u00bb2328&#8243; media_lightbox=\u00bbyes\u00bb media_width_percent=\u00bb100&#8243; media_ratio=\u00bbone-one\u00bb uncode_shortcode_id=\u00bb195462&#8243;][\/vc_column_inner][vc_column_inner width=\u00bb2\/3&#8243;][vc_column_text uncode_shortcode_id=\u00bb505783&#8243;]<\/p>\n<blockquote><p><em><span style=\"font-weight: 400\">\u00abCuando descubrimos el programa KOMT\u00dc enseguida pensamos que ser\u00eda de gran ayuda por la escuela Pereanton. Observamos, a partir de la situaci\u00f3n de la pandemia, que el bienestar emocional pasaba a ser una emergencia educativa. Pronto, empezamos a buscar profesionales que estuvieran ofreciendo soluciones ante esta situaci\u00f3n y as\u00ed fue como conocimos la familia KOMT\u00dc, de la cual estamos muy contentos de formar parte desde el curso 2022-2023\u00bb<\/span><\/em><\/p>\n<p><span style=\"font-weight: 400\">\u00a0<strong>Equipo directivo de la escuela Pereanton<\/strong><\/span><\/p><\/blockquote>\n<p>[\/vc_column_text][\/vc_column_inner][\/vc_row_inner][vc_empty_space empty_h=\u00bb1&#8243;][\/vc_column][\/vc_row]<\/p>\n<\/div>","protected":false},"excerpt":{"rendered":"[vc_row unlock_row_content=\"yes\" row_height_percent=\"0\" override_padding=\"yes\" h_padding=\"0\" top_padding=\"2\" bottom_padding=\"0\" overlay_alpha=\"50\" gutter_size=\"3\" column_width_percent=\"40\" shift_y=\"0\" z_index=\"0\" uncode_shortcode_id=\"117802\"][vc_column column_width_percent=\"0\" gutter_size=\"3\" overlay_alpha=\"50\" shift_x=\"0\" shift_y=\"0\" shift_y_down=\"0\" z_index=\"0\" [...]","protected":false},"author":2,"featured_media":2327,"parent":0,"menu_order":0,"comment_status":"closed","ping_status":"closed","template":"","meta":{"footnotes":""},"class_list":["post-2442","page","type-page","status-publish","has-post-thumbnail","hentry","page_category-escuelas-komtu"],"yoast_head":"<!-- This site is optimized with the Yoast SEO plugin v27.4 - https:\/\/yoast.com\/product\/yoast-seo-wordpress\/ -->\n<title>ESCUELA PEREANTON - Komtu<\/title>\n<meta name=\"description\" content=\"La escuela p\u00fablica Pereanton de Granollers tiene un proyecto educativo singular, ya que la m\u00fasica es el eje vertebrador del aprendizaje.\" \/>\n<meta name=\"robots\" content=\"index, follow, max-snippet:-1, max-image-preview:large, max-video-preview:-1\" \/>\n<link rel=\"canonical\" href=\"https:\/\/www.komtu.org\/es\/escuela-pereanton-2\/\" \/>\n<meta property=\"og:locale\" content=\"es_ES\" \/>\n<meta property=\"og:type\" content=\"article\" \/>\n<meta property=\"og:title\" content=\"ESCUELA PEREANTON - Komtu\" \/>\n<meta property=\"og:description\" content=\"La escuela p\u00fablica Pereanton de Granollers tiene un proyecto educativo singular, ya que la m\u00fasica es el eje vertebrador del aprendizaje.\" \/>\n<meta property=\"og:url\" content=\"https:\/\/www.komtu.org\/es\/escuela-pereanton-2\/\" \/>\n<meta property=\"og:site_name\" content=\"Komtu\" \/>\n<meta property=\"article:modified_time\" content=\"2023-11-20T09:30:09+00:00\" \/>\n<meta property=\"og:image\" content=\"https:\/\/www.komtu.org\/wp-content\/uploads\/sites\/3\/2022\/09\/Musica-per-a-creixer-1-scaled-e1663320913743.jpg\" \/>\n\t<meta property=\"og:image:width\" content=\"2560\" \/>\n\t<meta property=\"og:image:height\" content=\"1707\" \/>\n\t<meta property=\"og:image:type\" content=\"image\/jpeg\" \/>\n<meta name=\"twitter:card\" content=\"summary_large_image\" \/>\n<meta name=\"twitter:label1\" content=\"Tiempo de lectura\" \/>\n\t<meta name=\"twitter:data1\" content=\"2 minutos\" \/>\n<script type=\"application\/ld+json\" class=\"yoast-schema-graph\">{\"@context\":\"https:\\\/\\\/schema.org\",\"@graph\":[{\"@type\":\"WebPage\",\"@id\":\"https:\\\/\\\/www.komtu.org\\\/es\\\/escuela-pereanton-2\\\/\",\"url\":\"https:\\\/\\\/www.komtu.org\\\/es\\\/escuela-pereanton-2\\\/\",\"name\":\"ESCUELA PEREANTON - Komtu\",\"isPartOf\":{\"@id\":\"https:\\\/\\\/www.komtu.org\\\/es\\\/#website\"},\"primaryImageOfPage\":{\"@id\":\"https:\\\/\\\/www.komtu.org\\\/es\\\/escuela-pereanton-2\\\/#primaryimage\"},\"image\":{\"@id\":\"https:\\\/\\\/www.komtu.org\\\/es\\\/escuela-pereanton-2\\\/#primaryimage\"},\"thumbnailUrl\":\"https:\\\/\\\/www.komtu.org\\\/wp-content\\\/uploads\\\/sites\\\/3\\\/2022\\\/09\\\/Musica-per-a-creixer-1-scaled-e1663320913743.jpg\",\"datePublished\":\"2022-09-20T09:11:22+00:00\",\"dateModified\":\"2023-11-20T09:30:09+00:00\",\"description\":\"La escuela p\u00fablica Pereanton de Granollers tiene un proyecto educativo singular, ya que la m\u00fasica es el eje vertebrador del aprendizaje.\",\"breadcrumb\":{\"@id\":\"https:\\\/\\\/www.komtu.org\\\/es\\\/escuela-pereanton-2\\\/#breadcrumb\"},\"inLanguage\":\"es\",\"potentialAction\":[{\"@type\":\"ReadAction\",\"target\":[\"https:\\\/\\\/www.komtu.org\\\/es\\\/escuela-pereanton-2\\\/\"]}]},{\"@type\":\"ImageObject\",\"inLanguage\":\"es\",\"@id\":\"https:\\\/\\\/www.komtu.org\\\/es\\\/escuela-pereanton-2\\\/#primaryimage\",\"url\":\"https:\\\/\\\/www.komtu.org\\\/wp-content\\\/uploads\\\/sites\\\/3\\\/2022\\\/09\\\/Musica-per-a-creixer-1-scaled-e1663320913743.jpg\",\"contentUrl\":\"https:\\\/\\\/www.komtu.org\\\/wp-content\\\/uploads\\\/sites\\\/3\\\/2022\\\/09\\\/Musica-per-a-creixer-1-scaled-e1663320913743.jpg\",\"width\":2560,\"height\":1707},{\"@type\":\"BreadcrumbList\",\"@id\":\"https:\\\/\\\/www.komtu.org\\\/es\\\/escuela-pereanton-2\\\/#breadcrumb\",\"itemListElement\":[{\"@type\":\"ListItem\",\"position\":1,\"name\":\"Portada\",\"item\":\"https:\\\/\\\/www.komtu.org\\\/es\\\/\"},{\"@type\":\"ListItem\",\"position\":2,\"name\":\"ESCUELA PEREANTON\"}]},{\"@type\":\"WebSite\",\"@id\":\"https:\\\/\\\/www.komtu.org\\\/es\\\/#website\",\"url\":\"https:\\\/\\\/www.komtu.org\\\/es\\\/\",\"name\":\"Komtu\",\"description\":\"Otro sitio m\u00e1s de Nous Cims sitios\",\"potentialAction\":[{\"@type\":\"SearchAction\",\"target\":{\"@type\":\"EntryPoint\",\"urlTemplate\":\"https:\\\/\\\/www.komtu.org\\\/es\\\/?s={search_term_string}\"},\"query-input\":{\"@type\":\"PropertyValueSpecification\",\"valueRequired\":true,\"valueName\":\"search_term_string\"}}],\"inLanguage\":\"es\"}]}<\/script>\n<!-- \/ Yoast SEO plugin. -->","yoast_head_json":{"title":"ESCUELA PEREANTON - Komtu","description":"La escuela p\u00fablica Pereanton de Granollers tiene un proyecto educativo singular, ya que la m\u00fasica es el eje vertebrador del aprendizaje.","robots":{"index":"index","follow":"follow","max-snippet":"max-snippet:-1","max-image-preview":"max-image-preview:large","max-video-preview":"max-video-preview:-1"},"canonical":"https:\/\/www.komtu.org\/es\/escuela-pereanton-2\/","og_locale":"es_ES","og_type":"article","og_title":"ESCUELA PEREANTON - Komtu","og_description":"La escuela p\u00fablica Pereanton de Granollers tiene un proyecto educativo singular, ya que la m\u00fasica es el eje vertebrador del aprendizaje.","og_url":"https:\/\/www.komtu.org\/es\/escuela-pereanton-2\/","og_site_name":"Komtu","article_modified_time":"2023-11-20T09:30:09+00:00","og_image":[{"width":2560,"height":1707,"url":"https:\/\/www.komtu.org\/wp-content\/uploads\/sites\/3\/2022\/09\/Musica-per-a-creixer-1-scaled-e1663320913743.jpg","type":"image\/jpeg"}],"twitter_card":"summary_large_image","twitter_misc":{"Tiempo de lectura":"2 minutos"},"schema":{"@context":"https:\/\/schema.org","@graph":[{"@type":"WebPage","@id":"https:\/\/www.komtu.org\/es\/escuela-pereanton-2\/","url":"https:\/\/www.komtu.org\/es\/escuela-pereanton-2\/","name":"ESCUELA PEREANTON - Komtu","isPartOf":{"@id":"https:\/\/www.komtu.org\/es\/#website"},"primaryImageOfPage":{"@id":"https:\/\/www.komtu.org\/es\/escuela-pereanton-2\/#primaryimage"},"image":{"@id":"https:\/\/www.komtu.org\/es\/escuela-pereanton-2\/#primaryimage"},"thumbnailUrl":"https:\/\/www.komtu.org\/wp-content\/uploads\/sites\/3\/2022\/09\/Musica-per-a-creixer-1-scaled-e1663320913743.jpg","datePublished":"2022-09-20T09:11:22+00:00","dateModified":"2023-11-20T09:30:09+00:00","description":"La escuela p\u00fablica Pereanton de Granollers tiene un proyecto educativo singular, ya que la m\u00fasica es el eje vertebrador del aprendizaje.","breadcrumb":{"@id":"https:\/\/www.komtu.org\/es\/escuela-pereanton-2\/#breadcrumb"},"inLanguage":"es","potentialAction":[{"@type":"ReadAction","target":["https:\/\/www.komtu.org\/es\/escuela-pereanton-2\/"]}]},{"@type":"ImageObject","inLanguage":"es","@id":"https:\/\/www.komtu.org\/es\/escuela-pereanton-2\/#primaryimage","url":"https:\/\/www.komtu.org\/wp-content\/uploads\/sites\/3\/2022\/09\/Musica-per-a-creixer-1-scaled-e1663320913743.jpg","contentUrl":"https:\/\/www.komtu.org\/wp-content\/uploads\/sites\/3\/2022\/09\/Musica-per-a-creixer-1-scaled-e1663320913743.jpg","width":2560,"height":1707},{"@type":"BreadcrumbList","@id":"https:\/\/www.komtu.org\/es\/escuela-pereanton-2\/#breadcrumb","itemListElement":[{"@type":"ListItem","position":1,"name":"Portada","item":"https:\/\/www.komtu.org\/es\/"},{"@type":"ListItem","position":2,"name":"ESCUELA PEREANTON"}]},{"@type":"WebSite","@id":"https:\/\/www.komtu.org\/es\/#website","url":"https:\/\/www.komtu.org\/es\/","name":"Komtu","description":"Otro sitio m\u00e1s de Nous Cims sitios","potentialAction":[{"@type":"SearchAction","target":{"@type":"EntryPoint","urlTemplate":"https:\/\/www.komtu.org\/es\/?s={search_term_string}"},"query-input":{"@type":"PropertyValueSpecification","valueRequired":true,"valueName":"search_term_string"}}],"inLanguage":"es"}]}},"_links":{"self":[{"href":"https:\/\/www.komtu.org\/es\/wp-json\/wp\/v2\/pages\/2442","targetHints":{"allow":["GET"]}}],"collection":[{"href":"https:\/\/www.komtu.org\/es\/wp-json\/wp\/v2\/pages"}],"about":[{"href":"https:\/\/www.komtu.org\/es\/wp-json\/wp\/v2\/types\/page"}],"author":[{"embeddable":true,"href":"https:\/\/www.komtu.org\/es\/wp-json\/wp\/v2\/users\/2"}],"replies":[{"embeddable":true,"href":"https:\/\/www.komtu.org\/es\/wp-json\/wp\/v2\/comments?post=2442"}],"version-history":[{"count":8,"href":"https:\/\/www.komtu.org\/es\/wp-json\/wp\/v2\/pages\/2442\/revisions"}],"predecessor-version":[{"id":4177,"href":"https:\/\/www.komtu.org\/es\/wp-json\/wp\/v2\/pages\/2442\/revisions\/4177"}],"wp:featuredmedia":[{"embeddable":true,"href":"https:\/\/www.komtu.org\/es\/wp-json\/wp\/v2\/media\/2327"}],"wp:attachment":[{"href":"https:\/\/www.komtu.org\/es\/wp-json\/wp\/v2\/media?parent=2442"}],"curies":[{"name":"wp","href":"https:\/\/api.w.org\/{rel}","templated":true}]}}