{"id":2435,"date":"2022-07-20T11:03:19","date_gmt":"2022-07-20T09:03:19","guid":{"rendered":"https:\/\/www.komtu.org\/?page_id=2435"},"modified":"2023-09-27T16:32:26","modified_gmt":"2023-09-27T14:32:26","slug":"escuela-estel-guinardo-2","status":"publish","type":"page","link":"https:\/\/www.komtu.org\/es\/escuela-estel-guinardo-2\/","title":{"rendered":"ESCUELA ESTEL-GUINARD\u00d3"},"content":{"rendered":"<div class=\"wpb-content-wrapper\"><p>[vc_row unlock_row_content=\u00bbyes\u00bb row_height_percent=\u00bb0&#8243; override_padding=\u00bbyes\u00bb h_padding=\u00bb0&#8243; top_padding=\u00bb2&#8243; bottom_padding=\u00bb0&#8243; overlay_alpha=\u00bb50&#8243; gutter_size=\u00bb3&#8243; column_width_percent=\u00bb40&#8243; shift_y=\u00bb0&#8243; z_index=\u00bb0&#8243; uncode_shortcode_id=\u00bb117802&#8243;][vc_column column_width_percent=\u00bb0&#8243; gutter_size=\u00bb3&#8243; overlay_alpha=\u00bb50&#8243; shift_x=\u00bb0&#8243; shift_y=\u00bb0&#8243; shift_y_down=\u00bb0&#8243; z_index=\u00bb0&#8243; medium_width=\u00bb0&#8243; mobile_width=\u00bb0&#8243; width=\u00bb1\/1&#8243; uncode_shortcode_id=\u00bb122986&#8243;][vc_empty_space empty_h=\u00bb0&#8243;][\/vc_column][\/vc_row][vc_row unlock_row=\u00bb\u00bb row_height_percent=\u00bb0&#8243; override_padding=\u00bbyes\u00bb h_padding=\u00bb2&#8243; top_padding=\u00bb1&#8243; bottom_padding=\u00bb1&#8243; overlay_alpha=\u00bb50&#8243; gutter_size=\u00bb3&#8243; column_width_percent=\u00bb100&#8243; shift_y=\u00bb0&#8243; z_index=\u00bb0&#8243; uncode_shortcode_id=\u00bb839883&#8243; back_color_type=\u00bbuncode-solid\u00bb back_color_solid=\u00bb#ee7140&#8243;][vc_column column_width_percent=\u00bb100&#8243; gutter_size=\u00bb3&#8243; override_padding=\u00bbyes\u00bb column_padding=\u00bb2&#8243; overlay_alpha=\u00bb50&#8243; shift_x=\u00bb0&#8243; shift_y=\u00bb0&#8243; shift_y_down=\u00bb0&#8243; z_index=\u00bb0&#8243; medium_width=\u00bb0&#8243; mobile_width=\u00bb0&#8243; width=\u00bb1\/1&#8243; uncode_shortcode_id=\u00bb124918&#8243;][vc_column_text text_color=\u00bbcolor-xsdn\u00bb uncode_shortcode_id=\u00bb203540&#8243; text_color_type=\u00bbuncode-palette\u00bb]La escuela Estel-Guinard\u00f3 es una escuela peque\u00f1a ubicada en el barrio del Guinard\u00f3 de Barcelona con m\u00e1s de 50 a\u00f1os de historia. La comunidad educativa ha pensado siempre en la importancia de ofrecer una educaci\u00f3n integral de sus ni\u00f1os que tenga presente tanto la vertiente pedag\u00f3gica como la vertiente emocional. Es por eso, que su proyecto educativo se basa en la mezcla de grupos de edad para mejorar las relaciones sociales, el aprendizaje cooperativo y la ayuda entre iguales.<\/p>\n<p>Ser una escuela de una l\u00ednea les permite conocer de cerca todos los miembros de la comunidad consiguiendo un clima de confianza y complicidad parecida al de una gran familia.<\/p>\n<p>Escuela, familias, AFA y equipo de mediod\u00eda trabajan en conjunto para dar la mejor respuesta en su alumnado en el d\u00eda a d\u00eda.[\/vc_column_text][\/vc_column][\/vc_row][vc_row unlock_row_content=\u00bbyes\u00bb row_height_percent=\u00bb0&#8243; override_padding=\u00bbyes\u00bb h_padding=\u00bb0&#8243; top_padding=\u00bb0&#8243; bottom_padding=\u00bb0&#8243; overlay_alpha=\u00bb50&#8243; gutter_size=\u00bb3&#8243; column_width_percent=\u00bb40&#8243; shift_y=\u00bb0&#8243; z_index=\u00bb0&#8243; uncode_shortcode_id=\u00bb104916&#8243;][vc_column column_width_percent=\u00bb0&#8243; gutter_size=\u00bb3&#8243; overlay_alpha=\u00bb50&#8243; shift_x=\u00bb0&#8243; shift_y=\u00bb0&#8243; shift_y_down=\u00bb0&#8243; z_index=\u00bb0&#8243; medium_width=\u00bb0&#8243; mobile_width=\u00bb0&#8243; width=\u00bb1\/1&#8243; uncode_shortcode_id=\u00bb122986&#8243;][vc_empty_space empty_h=\u00bb0&#8243;][\/vc_column][\/vc_row][vc_row row_height_percent=\u00bb0&#8243; override_padding=\u00bbyes\u00bb h_padding=\u00bb2&#8243; top_padding=\u00bb2&#8243; bottom_padding=\u00bb0&#8243; overlay_alpha=\u00bb50&#8243; gutter_size=\u00bb3&#8243; column_width_percent=\u00bb100&#8243; shift_y=\u00bb0&#8243; z_index=\u00bb0&#8243; uncode_shortcode_id=\u00bb181678&#8243;][vc_column width=\u00bb1\/1&#8243;][vc_row_inner][vc_column_inner width=\u00bb1\/4&#8243;][vc_icon position=\u00bbleft\u00bb space_reduced=\u00bbyes\u00bb icon=\u00bbfa fa-building\u00bb heading_semantic=\u00bbh6&#8243; text_size=\u00bb\u00bb text_lead=\u00bbsmall\u00bb link=\u00bb|||\u00bb title=\u00bbDirecci\u00f3n\u00bb uncode_shortcode_id=\u00bb205718&#8243; icon_color_type=\u00bbuncode-solid\u00bb icon_color_solid=\u00bb#ee7140&#8243;]<span style=\"font-weight: 400;color: #000000\">C\/ Tel\u00e8graf 58 08041 Barcelona<\/span>[\/vc_icon][\/vc_column_inner][vc_column_inner width=\u00bb1\/4&#8243;][vc_icon position=\u00bbleft\u00bb space_reduced=\u00bbyes\u00bb icon=\u00bbfa fa-home2&#8243; heading_semantic=\u00bbh6&#8243; text_size=\u00bbh6&#8243; linked_title=\u00bbyes\u00bb text_lead=\u00bbsmall\u00bb link=\u00bburl:https%3A%2F%2Fagora.xtec.cat%2Fceipelturomontcada%2F\u00bb title=\u00bbWeb\u00bb uncode_shortcode_id=\u00bb461944&#8243; icon_color_type=\u00bbuncode-solid\u00bb icon_color_solid=\u00bb#ee7140&#8243;]<a href=\"https:\/\/escoolaestelguinardo.wordpress.com\/\">Acceder<\/a>[\/vc_icon][\/vc_column_inner][vc_column_inner width=\u00bb1\/4&#8243;][vc_icon position=\u00bbleft\u00bb space_reduced=\u00bbyes\u00bb icon=\u00bbfa fa-social-twitter\u00bb heading_semantic=\u00bbh6&#8243; text_size=\u00bb\u00bb linked_title=\u00bbyes\u00bb text_lead=\u00bbsmall\u00bb title=\u00bbTwitter\u00bb uncode_shortcode_id=\u00bb134057&#8243; icon_color_type=\u00bbuncode-solid\u00bb icon_color_solid=\u00bb#ee7140&#8243;]<a href=\"https:\/\/www.instagram.com\/escolaestelguinardo\/\" target=\"_blank\" rel=\"noopener\">@escolaestelguinardo<\/a>[\/vc_icon][\/vc_column_inner][vc_column_inner width=\u00bb1\/4&#8243;][vc_icon position=\u00bbleft\u00bb space_reduced=\u00bbyes\u00bb icon=\u00bbfa fa-instagram\u00bb heading_semantic=\u00bbh6&#8243; text_size=\u00bbh6&#8243; linked_title=\u00bbyes\u00bb text_lead=\u00bbsmall\u00bb title=\u00bbInstagram\u00bb uncode_shortcode_id=\u00bb125293&#8243; icon_color_type=\u00bbuncode-solid\u00bb icon_color_solid=\u00bb#ee7140&#8243;]<a href=\"https:\/\/twitter.com\/estelguinardo\" target=\"_blank\" rel=\"noopener\">@estelguinardo<\/a>[\/vc_icon][\/vc_column_inner][\/vc_row_inner][\/vc_column][\/vc_row][vc_row row_height_percent=\u00bb0&#8243; override_padding=\u00bbyes\u00bb h_padding=\u00bb2&#8243; top_padding=\u00bb2&#8243; bottom_padding=\u00bb2&#8243; overlay_alpha=\u00bb50&#8243; gutter_size=\u00bb3&#8243; column_width_percent=\u00bb100&#8243; shift_y=\u00bb0&#8243; z_index=\u00bb0&#8243; uncode_shortcode_id=\u00bb585709&#8243;][vc_column width=\u00bb1\/1&#8243;][vc_row_inner][vc_column_inner width=\u00bb1\/3&#8243;][vc_single_image media=\u00bb2261&#8243; media_lightbox=\u00bbyes\u00bb media_width_percent=\u00bb100&#8243; media_ratio=\u00bbone-one\u00bb uncode_shortcode_id=\u00bb147868&#8243;][\/vc_column_inner][vc_column_inner width=\u00bb2\/3&#8243;][vc_column_text uncode_shortcode_id=\u00bb190111&#8243;]<\/p>\n<blockquote><p><span style=\"color: #000000\"><em><span style=\"font-weight: 400\">\u00ab<\/span><\/em><\/span><em>En la escuela ya llev\u00e1bamos un tiempo planteando la necesidad de trabajar el bienestar emocional ofreciendo a los maestros formaci\u00f3n relacionada con este \u00e1mbito, recibiendo asesoramiento por parte del CRETDIC y ofreciendo propuestas e ideas para crear un mejor clima escolar en base a nuevas herramientas de acompa\u00f1amiento.<\/em><\/p>\n<p><em>Creemos firmemente en la importancia que la regulaci\u00f3n emocional beneficia, no solo en las habilidades personales, sino tambi\u00e9n en las habilidades de aprendizaje. Del mismo modo, vemos la necesidad de crear en la escuela un ambiente seguro para que los ni\u00f1os que no tienen este sistema de apoyo, fuera de la escuela, puedan encontrar la calma y el acompa\u00f1amiento necesario en el centro educativo.<\/em><\/p>\n<p><em>Despu\u00e9s de la situaci\u00f3n de pandemia vivida, la necesidad de cuidar la salud mental de nuestros alumnos se volvi\u00f3 una gran prioridad y es por eso que aterrizamos en el programa\u00a0Komt\u00fc.<\/em><\/p>\n<p><em>Tenemos claro que somos el referente directo del alumnado durante muchas horas al d\u00eda y necesit\u00e1bamos herramientas y recursos para guiarlos en su proceso personal y emocional. Esta necesidad del claustro se est\u00e1 cubriendo gracias al programa Komt\u00fc que desde una perspectiva formativa y de acompa\u00f1amiento nos aportan propuestas para mejorar nuestra rutina educativa en toda la comunidad educativa.<\/em><span style=\"color: #000000\">\u00bb\u00a0\u00a0<\/span><\/p>\n<p><span style=\"color: #000000\">Equipo directivo de la escuela Estel-Guinard\u00f3<\/span><\/p><\/blockquote>\n<p>[\/vc_column_text][\/vc_column_inner][\/vc_row_inner][vc_empty_space empty_h=\u00bb1&#8243;][\/vc_column][\/vc_row]<\/p>\n<\/div>","protected":false},"excerpt":{"rendered":"[vc_row unlock_row_content=\"yes\" row_height_percent=\"0\" override_padding=\"yes\" h_padding=\"0\" top_padding=\"2\" bottom_padding=\"0\" overlay_alpha=\"50\" gutter_size=\"3\" column_width_percent=\"40\" shift_y=\"0\" z_index=\"0\" uncode_shortcode_id=\"117802\"][vc_column column_width_percent=\"0\" gutter_size=\"3\" overlay_alpha=\"50\" shift_x=\"0\" shift_y=\"0\" shift_y_down=\"0\" z_index=\"0\" [...]","protected":false},"author":2,"featured_media":2256,"parent":0,"menu_order":0,"comment_status":"closed","ping_status":"closed","template":"","meta":{"footnotes":""},"class_list":["post-2435","page","type-page","status-publish","has-post-thumbnail","hentry","page_category-escuelas-komtu"],"yoast_head":"<!-- This site is optimized with the Yoast SEO plugin v27.6 - https:\/\/yoast.com\/product\/yoast-seo-wordpress\/ -->\n<title>ESCUELA ESTEL-GUINARD\u00d3 - Komtu<\/title>\n<meta name=\"description\" content=\"La escuela Estel-Guinard\u00f3 es una escuela peque\u00f1a ubicada en el barrio del Guinard\u00f3 de Barcelona con m\u00e1s de 50 a\u00f1os de historia.\" \/>\n<meta name=\"robots\" content=\"index, follow, max-snippet:-1, max-image-preview:large, max-video-preview:-1\" \/>\n<link rel=\"canonical\" href=\"https:\/\/www.komtu.org\/es\/escuela-estel-guinardo-2\/\" \/>\n<meta property=\"og:locale\" content=\"es_ES\" \/>\n<meta property=\"og:type\" content=\"article\" \/>\n<meta property=\"og:title\" content=\"ESCUELA ESTEL-GUINARD\u00d3 - Komtu\" \/>\n<meta property=\"og:description\" content=\"La escuela Estel-Guinard\u00f3 es una escuela peque\u00f1a ubicada en el barrio del Guinard\u00f3 de Barcelona con m\u00e1s de 50 a\u00f1os de historia.\" \/>\n<meta property=\"og:url\" content=\"https:\/\/www.komtu.org\/es\/escuela-estel-guinardo-2\/\" \/>\n<meta property=\"og:site_name\" content=\"Komtu\" \/>\n<meta property=\"article:modified_time\" content=\"2023-09-27T14:32:26+00:00\" \/>\n<meta property=\"og:image\" content=\"https:\/\/www.komtu.org\/wp-content\/uploads\/sites\/3\/2022\/07\/escola-estel-e1658329120338.jpg\" \/>\n\t<meta property=\"og:image:width\" content=\"2064\" \/>\n\t<meta property=\"og:image:height\" content=\"1548\" \/>\n\t<meta property=\"og:image:type\" content=\"image\/jpeg\" \/>\n<meta name=\"twitter:card\" content=\"summary_large_image\" \/>\n<meta name=\"twitter:label1\" content=\"Tiempo de lectura\" \/>\n\t<meta name=\"twitter:data1\" content=\"3 minutos\" \/>\n<script type=\"application\/ld+json\" class=\"yoast-schema-graph\">{\"@context\":\"https:\\\/\\\/schema.org\",\"@graph\":[{\"@type\":\"WebPage\",\"@id\":\"https:\\\/\\\/www.komtu.org\\\/es\\\/escuela-estel-guinardo-2\\\/\",\"url\":\"https:\\\/\\\/www.komtu.org\\\/es\\\/escuela-estel-guinardo-2\\\/\",\"name\":\"ESCUELA ESTEL-GUINARD\u00d3 - Komtu\",\"isPartOf\":{\"@id\":\"https:\\\/\\\/www.komtu.org\\\/es\\\/#website\"},\"primaryImageOfPage\":{\"@id\":\"https:\\\/\\\/www.komtu.org\\\/es\\\/escuela-estel-guinardo-2\\\/#primaryimage\"},\"image\":{\"@id\":\"https:\\\/\\\/www.komtu.org\\\/es\\\/escuela-estel-guinardo-2\\\/#primaryimage\"},\"thumbnailUrl\":\"https:\\\/\\\/www.komtu.org\\\/wp-content\\\/uploads\\\/sites\\\/3\\\/2022\\\/07\\\/escola-estel-e1658329120338.jpg\",\"datePublished\":\"2022-07-20T09:03:19+00:00\",\"dateModified\":\"2023-09-27T14:32:26+00:00\",\"description\":\"La escuela Estel-Guinard\u00f3 es una escuela peque\u00f1a ubicada en el barrio del Guinard\u00f3 de Barcelona con m\u00e1s de 50 a\u00f1os de historia.\",\"breadcrumb\":{\"@id\":\"https:\\\/\\\/www.komtu.org\\\/es\\\/escuela-estel-guinardo-2\\\/#breadcrumb\"},\"inLanguage\":\"es\",\"potentialAction\":[{\"@type\":\"ReadAction\",\"target\":[\"https:\\\/\\\/www.komtu.org\\\/es\\\/escuela-estel-guinardo-2\\\/\"]}]},{\"@type\":\"ImageObject\",\"inLanguage\":\"es\",\"@id\":\"https:\\\/\\\/www.komtu.org\\\/es\\\/escuela-estel-guinardo-2\\\/#primaryimage\",\"url\":\"https:\\\/\\\/www.komtu.org\\\/wp-content\\\/uploads\\\/sites\\\/3\\\/2022\\\/07\\\/escola-estel-e1658329120338.jpg\",\"contentUrl\":\"https:\\\/\\\/www.komtu.org\\\/wp-content\\\/uploads\\\/sites\\\/3\\\/2022\\\/07\\\/escola-estel-e1658329120338.jpg\",\"width\":2064,\"height\":1548},{\"@type\":\"BreadcrumbList\",\"@id\":\"https:\\\/\\\/www.komtu.org\\\/es\\\/escuela-estel-guinardo-2\\\/#breadcrumb\",\"itemListElement\":[{\"@type\":\"ListItem\",\"position\":1,\"name\":\"Portada\",\"item\":\"https:\\\/\\\/www.komtu.org\\\/es\\\/\"},{\"@type\":\"ListItem\",\"position\":2,\"name\":\"ESCUELA ESTEL-GUINARD\u00d3\"}]},{\"@type\":\"WebSite\",\"@id\":\"https:\\\/\\\/www.komtu.org\\\/es\\\/#website\",\"url\":\"https:\\\/\\\/www.komtu.org\\\/es\\\/\",\"name\":\"Komtu\",\"description\":\"Otro sitio m\u00e1s de Nous Cims sitios\",\"potentialAction\":[{\"@type\":\"SearchAction\",\"target\":{\"@type\":\"EntryPoint\",\"urlTemplate\":\"https:\\\/\\\/www.komtu.org\\\/es\\\/?s={search_term_string}\"},\"query-input\":{\"@type\":\"PropertyValueSpecification\",\"valueRequired\":true,\"valueName\":\"search_term_string\"}}],\"inLanguage\":\"es\"}]}<\/script>\n<!-- \/ Yoast SEO plugin. -->","yoast_head_json":{"title":"ESCUELA ESTEL-GUINARD\u00d3 - Komtu","description":"La escuela Estel-Guinard\u00f3 es una escuela peque\u00f1a ubicada en el barrio del Guinard\u00f3 de Barcelona con m\u00e1s de 50 a\u00f1os de historia.","robots":{"index":"index","follow":"follow","max-snippet":"max-snippet:-1","max-image-preview":"max-image-preview:large","max-video-preview":"max-video-preview:-1"},"canonical":"https:\/\/www.komtu.org\/es\/escuela-estel-guinardo-2\/","og_locale":"es_ES","og_type":"article","og_title":"ESCUELA ESTEL-GUINARD\u00d3 - Komtu","og_description":"La escuela Estel-Guinard\u00f3 es una escuela peque\u00f1a ubicada en el barrio del Guinard\u00f3 de Barcelona con m\u00e1s de 50 a\u00f1os de historia.","og_url":"https:\/\/www.komtu.org\/es\/escuela-estel-guinardo-2\/","og_site_name":"Komtu","article_modified_time":"2023-09-27T14:32:26+00:00","og_image":[{"width":2064,"height":1548,"url":"https:\/\/www.komtu.org\/wp-content\/uploads\/sites\/3\/2022\/07\/escola-estel-e1658329120338.jpg","type":"image\/jpeg"}],"twitter_card":"summary_large_image","twitter_misc":{"Tiempo de lectura":"3 minutos"},"schema":{"@context":"https:\/\/schema.org","@graph":[{"@type":"WebPage","@id":"https:\/\/www.komtu.org\/es\/escuela-estel-guinardo-2\/","url":"https:\/\/www.komtu.org\/es\/escuela-estel-guinardo-2\/","name":"ESCUELA ESTEL-GUINARD\u00d3 - Komtu","isPartOf":{"@id":"https:\/\/www.komtu.org\/es\/#website"},"primaryImageOfPage":{"@id":"https:\/\/www.komtu.org\/es\/escuela-estel-guinardo-2\/#primaryimage"},"image":{"@id":"https:\/\/www.komtu.org\/es\/escuela-estel-guinardo-2\/#primaryimage"},"thumbnailUrl":"https:\/\/www.komtu.org\/wp-content\/uploads\/sites\/3\/2022\/07\/escola-estel-e1658329120338.jpg","datePublished":"2022-07-20T09:03:19+00:00","dateModified":"2023-09-27T14:32:26+00:00","description":"La escuela Estel-Guinard\u00f3 es una escuela peque\u00f1a ubicada en el barrio del Guinard\u00f3 de Barcelona con m\u00e1s de 50 a\u00f1os de historia.","breadcrumb":{"@id":"https:\/\/www.komtu.org\/es\/escuela-estel-guinardo-2\/#breadcrumb"},"inLanguage":"es","potentialAction":[{"@type":"ReadAction","target":["https:\/\/www.komtu.org\/es\/escuela-estel-guinardo-2\/"]}]},{"@type":"ImageObject","inLanguage":"es","@id":"https:\/\/www.komtu.org\/es\/escuela-estel-guinardo-2\/#primaryimage","url":"https:\/\/www.komtu.org\/wp-content\/uploads\/sites\/3\/2022\/07\/escola-estel-e1658329120338.jpg","contentUrl":"https:\/\/www.komtu.org\/wp-content\/uploads\/sites\/3\/2022\/07\/escola-estel-e1658329120338.jpg","width":2064,"height":1548},{"@type":"BreadcrumbList","@id":"https:\/\/www.komtu.org\/es\/escuela-estel-guinardo-2\/#breadcrumb","itemListElement":[{"@type":"ListItem","position":1,"name":"Portada","item":"https:\/\/www.komtu.org\/es\/"},{"@type":"ListItem","position":2,"name":"ESCUELA ESTEL-GUINARD\u00d3"}]},{"@type":"WebSite","@id":"https:\/\/www.komtu.org\/es\/#website","url":"https:\/\/www.komtu.org\/es\/","name":"Komtu","description":"Otro sitio m\u00e1s de Nous Cims sitios","potentialAction":[{"@type":"SearchAction","target":{"@type":"EntryPoint","urlTemplate":"https:\/\/www.komtu.org\/es\/?s={search_term_string}"},"query-input":{"@type":"PropertyValueSpecification","valueRequired":true,"valueName":"search_term_string"}}],"inLanguage":"es"}]}},"_links":{"self":[{"href":"https:\/\/www.komtu.org\/es\/wp-json\/wp\/v2\/pages\/2435","targetHints":{"allow":["GET"]}}],"collection":[{"href":"https:\/\/www.komtu.org\/es\/wp-json\/wp\/v2\/pages"}],"about":[{"href":"https:\/\/www.komtu.org\/es\/wp-json\/wp\/v2\/types\/page"}],"author":[{"embeddable":true,"href":"https:\/\/www.komtu.org\/es\/wp-json\/wp\/v2\/users\/2"}],"replies":[{"embeddable":true,"href":"https:\/\/www.komtu.org\/es\/wp-json\/wp\/v2\/comments?post=2435"}],"version-history":[{"count":12,"href":"https:\/\/www.komtu.org\/es\/wp-json\/wp\/v2\/pages\/2435\/revisions"}],"predecessor-version":[{"id":3934,"href":"https:\/\/www.komtu.org\/es\/wp-json\/wp\/v2\/pages\/2435\/revisions\/3934"}],"wp:featuredmedia":[{"embeddable":true,"href":"https:\/\/www.komtu.org\/es\/wp-json\/wp\/v2\/media\/2256"}],"wp:attachment":[{"href":"https:\/\/www.komtu.org\/es\/wp-json\/wp\/v2\/media?parent=2435"}],"curies":[{"name":"wp","href":"https:\/\/api.w.org\/{rel}","templated":true}]}}