{"id":2110,"date":"2022-05-30T09:56:22","date_gmt":"2022-05-30T07:56:22","guid":{"rendered":"https:\/\/www.komtu.org\/escola-josep-guinovart\/"},"modified":"2023-11-20T10:26:44","modified_gmt":"2023-11-20T09:26:44","slug":"escuela-josep-guinovart","status":"publish","type":"page","link":"https:\/\/www.komtu.org\/es\/escuela-josep-guinovart\/","title":{"rendered":"ESCUELA JOSEP GUINOVART"},"content":{"rendered":"<div class=\"wpb-content-wrapper\"><p>[vc_row unlock_row_content=\u00bbyes\u00bb row_height_percent=\u00bb0&#8243; override_padding=\u00bbyes\u00bb h_padding=\u00bb0&#8243; top_padding=\u00bb2&#8243; bottom_padding=\u00bb0&#8243; overlay_alpha=\u00bb50&#8243; gutter_size=\u00bb3&#8243; column_width_percent=\u00bb40&#8243; shift_y=\u00bb0&#8243; z_index=\u00bb0&#8243; uncode_shortcode_id=\u00bb117802&#8243;][vc_column column_width_percent=\u00bb0&#8243; gutter_size=\u00bb3&#8243; overlay_alpha=\u00bb50&#8243; shift_x=\u00bb0&#8243; shift_y=\u00bb0&#8243; shift_y_down=\u00bb0&#8243; z_index=\u00bb0&#8243; medium_width=\u00bb0&#8243; mobile_width=\u00bb0&#8243; width=\u00bb1\/1&#8243; uncode_shortcode_id=\u00bb122986&#8243;][vc_empty_space empty_h=\u00bb0&#8243;][\/vc_column][\/vc_row][vc_row unlock_row=\u00bb\u00bb row_height_percent=\u00bb0&#8243; override_padding=\u00bbyes\u00bb h_padding=\u00bb2&#8243; top_padding=\u00bb1&#8243; bottom_padding=\u00bb1&#8243; overlay_alpha=\u00bb50&#8243; gutter_size=\u00bb3&#8243; column_width_percent=\u00bb100&#8243; shift_y=\u00bb0&#8243; z_index=\u00bb0&#8243; uncode_shortcode_id=\u00bb141143&#8243; back_color_type=\u00bbuncode-solid\u00bb back_color_solid=\u00bb#ee7140&#8243;][vc_column column_width_percent=\u00bb100&#8243; gutter_size=\u00bb3&#8243; override_padding=\u00bbyes\u00bb column_padding=\u00bb2&#8243; overlay_alpha=\u00bb50&#8243; shift_x=\u00bb0&#8243; shift_y=\u00bb0&#8243; shift_y_down=\u00bb0&#8243; z_index=\u00bb0&#8243; medium_width=\u00bb0&#8243; mobile_width=\u00bb0&#8243; width=\u00bb1\/1&#8243; uncode_shortcode_id=\u00bb124918&#8243;][vc_column_text text_color=\u00bbcolor-xsdn\u00bb uncode_shortcode_id=\u00bb150467&#8243; text_color_type=\u00bbuncode-palette\u00bb]La Escuela Josep Guinovart es el centro p\u00fablico m\u00e1s joven de Castelldefels, ubicado en las afueras del centro urbano junto al Parque Natural del Garraf y muy cerca de la zona de la playa.<\/p>\n<p>En la escuela tienen un reto: potenciar una educaci\u00f3n que permita el desarrollo integral del alumnado y lo capacite para vivir en una sociedad cambiante, compleja y sostenible. Por eso, son un centro que cree en el crecimiento intelectual y emocional a trav\u00e9s de los valores, las emociones, la coeducaci\u00f3n, potenciando el esp\u00edritu cr\u00edtico, con diferentes metodolog\u00edas para ni\u00f1os diversos.<\/p>\n<p>Una escuela que acoge a todo el mundo, pero con un proyecto para cada uno de ellos, con apoyo tecnol\u00f3gico y, sobre todo, educando a trav\u00e9s del arte. Porque cuando ense\u00f1ar es un arte, aprender es un placer.[\/vc_column_text][\/vc_column][\/vc_row][vc_row unlock_row_content=\u00bbyes\u00bb row_height_percent=\u00bb0&#8243; override_padding=\u00bbyes\u00bb h_padding=\u00bb0&#8243; top_padding=\u00bb0&#8243; bottom_padding=\u00bb0&#8243; overlay_alpha=\u00bb50&#8243; gutter_size=\u00bb3&#8243; column_width_percent=\u00bb40&#8243; shift_y=\u00bb0&#8243; z_index=\u00bb0&#8243; uncode_shortcode_id=\u00bb104916&#8243;][vc_column column_width_percent=\u00bb0&#8243; gutter_size=\u00bb3&#8243; overlay_alpha=\u00bb50&#8243; shift_x=\u00bb0&#8243; shift_y=\u00bb0&#8243; shift_y_down=\u00bb0&#8243; z_index=\u00bb0&#8243; medium_width=\u00bb0&#8243; mobile_width=\u00bb0&#8243; width=\u00bb1\/1&#8243; uncode_shortcode_id=\u00bb122986&#8243;][vc_empty_space empty_h=\u00bb0&#8243;][\/vc_column][\/vc_row][vc_row row_height_percent=\u00bb0&#8243; overlay_alpha=\u00bb50&#8243; gutter_size=\u00bb3&#8243; column_width_percent=\u00bb100&#8243; shift_y=\u00bb0&#8243; z_index=\u00bb0&#8243;][vc_column width=\u00bb1\/1&#8243;][vc_row_inner][vc_column_inner width=\u00bb1\/3&#8243;][vc_icon position=\u00bbleft\u00bb space_reduced=\u00bbyes\u00bb icon=\u00bbfa fa-building\u00bb heading_semantic=\u00bbh6&#8243; text_size=\u00bb\u00bb text_lead=\u00bbsmall\u00bb link=\u00bb|||\u00bb title=\u00bbDirecci\u00f3n\u00bb uncode_shortcode_id=\u00bb121703&#8243; icon_color_type=\u00bbuncode-solid\u00bb icon_color_solid=\u00bb#ee7140&#8243;]<span style=\"color: #000000\">C\/ Cam\u00ed Fondo de Ca n&#8217;Aimeric, 2, Castelldefels (08860)<\/span>[\/vc_icon][\/vc_column_inner][vc_column_inner width=\u00bb1\/3&#8243;][vc_icon position=\u00bbleft\u00bb space_reduced=\u00bbyes\u00bb icon=\u00bbfa fa-home2&#8243; heading_semantic=\u00bbh6&#8243; text_size=\u00bbh6&#8243; linked_title=\u00bbyes\u00bb text_lead=\u00bbsmall\u00bb title=\u00bbWeb\u00bb uncode_shortcode_id=\u00bb204827&#8243; icon_color_type=\u00bbuncode-solid\u00bb icon_color_solid=\u00bb#ee7140&#8243;]<a href=\"http:\/\/escolaguinovart.cat\/\">Acceder<\/a>[\/vc_icon][\/vc_column_inner][vc_column_inner width=\u00bb1\/3&#8243;][\/vc_column_inner][\/vc_row_inner][\/vc_column][\/vc_row][vc_row][vc_column width=\u00bb1\/1&#8243;][vc_row_inner][vc_column_inner width=\u00bb1\/3&#8243;][vc_single_image media=\u00bb2065&#8243; media_lightbox=\u00bbyes\u00bb media_width_percent=\u00bb100&#8243; media_ratio=\u00bbone-one\u00bb uncode_shortcode_id=\u00bb107679&#8243;][\/vc_column_inner][vc_column_inner width=\u00bb2\/3&#8243;][vc_column_text uncode_shortcode_id=\u00bb126529&#8243;]<\/p>\n<blockquote><p><em>\u00ab<\/em><em>Somos una escuela familiar y pr\u00f3xima, en la que trabajamos por la educaci\u00f3n global de nuestro alumnado desde el 2005. Nos dimos cuenta de que, ante una sociedad cada vez m\u00e1s cambiante y diversa, a menudo nos encontr\u00e1bamos ante algunos callejones sin salida. A veces no sab\u00edamos muy bien c\u00f3mo actuar de forma afectiva y, en ciertas ocasiones, nos hubiera gustado disponer de m\u00e1s herramientas y formaci\u00f3n en educaci\u00f3n emocional para trabajar en el d\u00eda a d\u00eda y ayudar nuestro alumnado a mejorar sus relaciones con todas las personas que lo rodean.<\/em><\/p>\n<p><em>Por todo esto, estuvimos interesados en formar parte del proyecto Komt\u00fc. Vimos que este programa nos pod\u00eda enriquecer como equipo y ayudarnos positivamente, tanto a los maestros como a los ni\u00f1os. Para nosotros, es fundamental que nuestro alumnado adquiera habilidades, valores y capacidades b\u00e1sicas como, por ejemplo, la empat\u00eda, la autoestima y el respeto hacia los otros.<\/em><\/p>\n<p><em>En la escuela tenemos en marcha varios proyectos relacionados con la l\u00ednea del programa Komt\u00fc, donde priorizamos el aprendizaje a trav\u00e9s del arte, las emociones y los valores.<\/em><\/p>\n<p><em>Una vez dentro, hemos visto realmente la magnitud del proyecto. Nos ha sorprendido que implica a todo el personal que atiende y rodea el alumnado desde los compa\u00f1eros\/as, monitorizaci\u00f3n del comedor-extraescolares, profesorado, familias y personal del centro.<\/em><\/p>\n<p><em>Nos ayuda a estar bien con nosotros mismos, tener una visi\u00f3n sist\u00e9mica de las situaciones a mejorar, nos empodera a hacer un an\u00e1lisis estructural y nos ayuda a la detecci\u00f3n y la prevenci\u00f3n<\/em><em>\u00bb<\/em><\/p>\n<p><strong>Equipo directivo de la escuela Josep Guinovart.<\/strong><\/p><\/blockquote>\n<p>[\/vc_column_text][\/vc_column_inner][\/vc_row_inner][\/vc_column][\/vc_row][vc_row unlock_row_content=\u00bbyes\u00bb row_height_percent=\u00bb0&#8243; override_padding=\u00bbyes\u00bb h_padding=\u00bb3&#8243; top_padding=\u00bb2&#8243; bottom_padding=\u00bb2&#8243; overlay_alpha=\u00bb50&#8243; gutter_size=\u00bb1&#8243; column_width_percent=\u00bb80&#8243; shift_y=\u00bb0&#8243; z_index=\u00bb0&#8243; uncode_shortcode_id=\u00bb281974&#8243;][vc_column column_width_percent=\u00bb100&#8243; position_vertical=\u00bbmiddle\u00bb align_horizontal=\u00bbalign_center\u00bb gutter_size=\u00bb3&#8243; overlay_alpha=\u00bb50&#8243; shift_x=\u00bb0&#8243; shift_y=\u00bb0&#8243; shift_y_down=\u00bb0&#8243; z_index=\u00bb0&#8243; medium_width=\u00bb0&#8243; mobile_width=\u00bb0&#8243; width=\u00bb1\/2&#8243;][vc_empty_space empty_h=\u00bb0&#8243;][vc_custom_heading text_size=\u00bbh5&#8243; uncode_shortcode_id=\u00bb733073&#8243;]Una vuelta por la escuela: Jornadas de puertas abiertas 2019[\/vc_custom_heading][vc_empty_space empty_h=\u00bb2&#8243;][\/vc_column][vc_column column_width_percent=\u00bb100&#8243; gutter_size=\u00bb2&#8243; overlay_alpha=\u00bb50&#8243; shift_x=\u00bb0&#8243; shift_y=\u00bb0&#8243; shift_y_down=\u00bb0&#8243; z_index=\u00bb0&#8243; medium_width=\u00bb0&#8243; mobile_width=\u00bb0&#8243; width=\u00bb1\/2&#8243; uncode_shortcode_id=\u00bb546607&#8243;][vc_row_inner row_inner_height_percent=\u00bb0&#8243; overlay_alpha=\u00bb50&#8243; gutter_size=\u00bb1&#8243; shift_y=\u00bb0&#8243; z_index=\u00bb0&#8243; uncode_shortcode_id=\u00bb170888&#8243;][vc_column_inner width=\u00bb1\/1&#8243;][vc_raw_html]PGlmcmFtZSB3aWR0aD0iNzAwIiBoZWlnaHQ9IjQwMCIgc3JjPSJodHRwczovL3d3dy55b3V0dWJlLmNvbS9lbWJlZC81SnJLQWJvOXN5NCIgdGl0bGU9IllvdVR1YmUgdmlkZW8gcGxheWVyIiBmcmFtZWJvcmRlcj0iMCIgYWxsb3c9ImFjY2VsZXJvbWV0ZXI7IGF1dG9wbGF5OyBjbGlwYm9hcmQtd3JpdGU7IGVuY3J5cHRlZC1tZWRpYTsgZ3lyb3Njb3BlOyBwaWN0dXJlLWluLXBpY3R1cmUiIGFsbG93ZnVsbHNjcmVlbj48L2lmcmFtZT4=[\/vc_raw_html][\/vc_column_inner][\/vc_row_inner][\/vc_column][\/vc_row]<\/p>\n<\/div>","protected":false},"excerpt":{"rendered":"[vc_row unlock_row_content=\"yes\" row_height_percent=\"0\" override_padding=\"yes\" h_padding=\"0\" top_padding=\"2\" bottom_padding=\"0\" overlay_alpha=\"50\" gutter_size=\"3\" column_width_percent=\"40\" shift_y=\"0\" z_index=\"0\" uncode_shortcode_id=\"117802\"][vc_column column_width_percent=\"0\" gutter_size=\"3\" overlay_alpha=\"50\" shift_x=\"0\" shift_y=\"0\" shift_y_down=\"0\" z_index=\"0\" [...]","protected":false},"author":2,"featured_media":2082,"parent":0,"menu_order":0,"comment_status":"closed","ping_status":"closed","template":"","meta":{"footnotes":""},"class_list":["post-2110","page","type-page","status-publish","has-post-thumbnail","hentry","page_category-escuelas-komtu"],"yoast_head":"<!-- This site is optimized with the Yoast SEO plugin v27.4 - https:\/\/yoast.com\/product\/yoast-seo-wordpress\/ -->\n<title>ESCUELA JOSEP GUINOVART - Komtu<\/title>\n<meta name=\"description\" content=\"En la Escuela Josep Guinovart tienen un reto: potenciar una educaci\u00f3n que permita el desarrollo integral de los ni\u00f1os.\" \/>\n<meta name=\"robots\" content=\"index, follow, max-snippet:-1, max-image-preview:large, max-video-preview:-1\" \/>\n<link rel=\"canonical\" href=\"https:\/\/www.komtu.org\/es\/escuela-josep-guinovart\/\" \/>\n<meta property=\"og:locale\" content=\"es_ES\" \/>\n<meta property=\"og:type\" content=\"article\" \/>\n<meta property=\"og:title\" content=\"ESCUELA JOSEP GUINOVART - Komtu\" \/>\n<meta property=\"og:description\" content=\"En la Escuela Josep Guinovart tienen un reto: potenciar una educaci\u00f3n que permita el desarrollo integral de los ni\u00f1os.\" \/>\n<meta property=\"og:url\" content=\"https:\/\/www.komtu.org\/es\/escuela-josep-guinovart\/\" \/>\n<meta property=\"og:site_name\" content=\"Komtu\" \/>\n<meta property=\"article:modified_time\" content=\"2023-11-20T09:26:44+00:00\" \/>\n<meta property=\"og:image\" content=\"https:\/\/www.komtu.org\/wp-content\/uploads\/sites\/3\/2022\/05\/Escola-Josep-Guinovart_Facana-principal_7-1024x424.png\" \/>\n\t<meta property=\"og:image:width\" content=\"1024\" \/>\n\t<meta property=\"og:image:height\" content=\"424\" \/>\n\t<meta property=\"og:image:type\" content=\"image\/png\" \/>\n<meta name=\"twitter:card\" content=\"summary_large_image\" \/>\n<meta name=\"twitter:label1\" content=\"Tiempo de lectura\" \/>\n\t<meta name=\"twitter:data1\" content=\"3 minutos\" \/>\n<script type=\"application\/ld+json\" class=\"yoast-schema-graph\">{\"@context\":\"https:\\\/\\\/schema.org\",\"@graph\":[{\"@type\":\"WebPage\",\"@id\":\"https:\\\/\\\/www.komtu.org\\\/es\\\/escuela-josep-guinovart\\\/\",\"url\":\"https:\\\/\\\/www.komtu.org\\\/es\\\/escuela-josep-guinovart\\\/\",\"name\":\"ESCUELA JOSEP GUINOVART - Komtu\",\"isPartOf\":{\"@id\":\"https:\\\/\\\/www.komtu.org\\\/es\\\/#website\"},\"primaryImageOfPage\":{\"@id\":\"https:\\\/\\\/www.komtu.org\\\/es\\\/escuela-josep-guinovart\\\/#primaryimage\"},\"image\":{\"@id\":\"https:\\\/\\\/www.komtu.org\\\/es\\\/escuela-josep-guinovart\\\/#primaryimage\"},\"thumbnailUrl\":\"https:\\\/\\\/www.komtu.org\\\/wp-content\\\/uploads\\\/sites\\\/3\\\/2022\\\/05\\\/Escola-Josep-Guinovart_Facana-principal_7.png\",\"datePublished\":\"2022-05-30T07:56:22+00:00\",\"dateModified\":\"2023-11-20T09:26:44+00:00\",\"description\":\"En la Escuela Josep Guinovart tienen un reto: potenciar una educaci\u00f3n que permita el desarrollo integral de los ni\u00f1os.\",\"breadcrumb\":{\"@id\":\"https:\\\/\\\/www.komtu.org\\\/es\\\/escuela-josep-guinovart\\\/#breadcrumb\"},\"inLanguage\":\"es\",\"potentialAction\":[{\"@type\":\"ReadAction\",\"target\":[\"https:\\\/\\\/www.komtu.org\\\/es\\\/escuela-josep-guinovart\\\/\"]}]},{\"@type\":\"ImageObject\",\"inLanguage\":\"es\",\"@id\":\"https:\\\/\\\/www.komtu.org\\\/es\\\/escuela-josep-guinovart\\\/#primaryimage\",\"url\":\"https:\\\/\\\/www.komtu.org\\\/wp-content\\\/uploads\\\/sites\\\/3\\\/2022\\\/05\\\/Escola-Josep-Guinovart_Facana-principal_7.png\",\"contentUrl\":\"https:\\\/\\\/www.komtu.org\\\/wp-content\\\/uploads\\\/sites\\\/3\\\/2022\\\/05\\\/Escola-Josep-Guinovart_Facana-principal_7.png\",\"width\":4152,\"height\":1720},{\"@type\":\"BreadcrumbList\",\"@id\":\"https:\\\/\\\/www.komtu.org\\\/es\\\/escuela-josep-guinovart\\\/#breadcrumb\",\"itemListElement\":[{\"@type\":\"ListItem\",\"position\":1,\"name\":\"Portada\",\"item\":\"https:\\\/\\\/www.komtu.org\\\/es\\\/\"},{\"@type\":\"ListItem\",\"position\":2,\"name\":\"ESCUELA JOSEP GUINOVART\"}]},{\"@type\":\"WebSite\",\"@id\":\"https:\\\/\\\/www.komtu.org\\\/es\\\/#website\",\"url\":\"https:\\\/\\\/www.komtu.org\\\/es\\\/\",\"name\":\"Komtu\",\"description\":\"Otro sitio m\u00e1s de Nous Cims sitios\",\"potentialAction\":[{\"@type\":\"SearchAction\",\"target\":{\"@type\":\"EntryPoint\",\"urlTemplate\":\"https:\\\/\\\/www.komtu.org\\\/es\\\/?s={search_term_string}\"},\"query-input\":{\"@type\":\"PropertyValueSpecification\",\"valueRequired\":true,\"valueName\":\"search_term_string\"}}],\"inLanguage\":\"es\"}]}<\/script>\n<!-- \/ Yoast SEO plugin. -->","yoast_head_json":{"title":"ESCUELA JOSEP GUINOVART - Komtu","description":"En la Escuela Josep Guinovart tienen un reto: potenciar una educaci\u00f3n que permita el desarrollo integral de los ni\u00f1os.","robots":{"index":"index","follow":"follow","max-snippet":"max-snippet:-1","max-image-preview":"max-image-preview:large","max-video-preview":"max-video-preview:-1"},"canonical":"https:\/\/www.komtu.org\/es\/escuela-josep-guinovart\/","og_locale":"es_ES","og_type":"article","og_title":"ESCUELA JOSEP GUINOVART - Komtu","og_description":"En la Escuela Josep Guinovart tienen un reto: potenciar una educaci\u00f3n que permita el desarrollo integral de los ni\u00f1os.","og_url":"https:\/\/www.komtu.org\/es\/escuela-josep-guinovart\/","og_site_name":"Komtu","article_modified_time":"2023-11-20T09:26:44+00:00","og_image":[{"width":1024,"height":424,"url":"https:\/\/www.komtu.org\/wp-content\/uploads\/sites\/3\/2022\/05\/Escola-Josep-Guinovart_Facana-principal_7-1024x424.png","type":"image\/png"}],"twitter_card":"summary_large_image","twitter_misc":{"Tiempo de lectura":"3 minutos"},"schema":{"@context":"https:\/\/schema.org","@graph":[{"@type":"WebPage","@id":"https:\/\/www.komtu.org\/es\/escuela-josep-guinovart\/","url":"https:\/\/www.komtu.org\/es\/escuela-josep-guinovart\/","name":"ESCUELA JOSEP GUINOVART - Komtu","isPartOf":{"@id":"https:\/\/www.komtu.org\/es\/#website"},"primaryImageOfPage":{"@id":"https:\/\/www.komtu.org\/es\/escuela-josep-guinovart\/#primaryimage"},"image":{"@id":"https:\/\/www.komtu.org\/es\/escuela-josep-guinovart\/#primaryimage"},"thumbnailUrl":"https:\/\/www.komtu.org\/wp-content\/uploads\/sites\/3\/2022\/05\/Escola-Josep-Guinovart_Facana-principal_7.png","datePublished":"2022-05-30T07:56:22+00:00","dateModified":"2023-11-20T09:26:44+00:00","description":"En la Escuela Josep Guinovart tienen un reto: potenciar una educaci\u00f3n que permita el desarrollo integral de los ni\u00f1os.","breadcrumb":{"@id":"https:\/\/www.komtu.org\/es\/escuela-josep-guinovart\/#breadcrumb"},"inLanguage":"es","potentialAction":[{"@type":"ReadAction","target":["https:\/\/www.komtu.org\/es\/escuela-josep-guinovart\/"]}]},{"@type":"ImageObject","inLanguage":"es","@id":"https:\/\/www.komtu.org\/es\/escuela-josep-guinovart\/#primaryimage","url":"https:\/\/www.komtu.org\/wp-content\/uploads\/sites\/3\/2022\/05\/Escola-Josep-Guinovart_Facana-principal_7.png","contentUrl":"https:\/\/www.komtu.org\/wp-content\/uploads\/sites\/3\/2022\/05\/Escola-Josep-Guinovart_Facana-principal_7.png","width":4152,"height":1720},{"@type":"BreadcrumbList","@id":"https:\/\/www.komtu.org\/es\/escuela-josep-guinovart\/#breadcrumb","itemListElement":[{"@type":"ListItem","position":1,"name":"Portada","item":"https:\/\/www.komtu.org\/es\/"},{"@type":"ListItem","position":2,"name":"ESCUELA JOSEP GUINOVART"}]},{"@type":"WebSite","@id":"https:\/\/www.komtu.org\/es\/#website","url":"https:\/\/www.komtu.org\/es\/","name":"Komtu","description":"Otro sitio m\u00e1s de Nous Cims sitios","potentialAction":[{"@type":"SearchAction","target":{"@type":"EntryPoint","urlTemplate":"https:\/\/www.komtu.org\/es\/?s={search_term_string}"},"query-input":{"@type":"PropertyValueSpecification","valueRequired":true,"valueName":"search_term_string"}}],"inLanguage":"es"}]}},"_links":{"self":[{"href":"https:\/\/www.komtu.org\/es\/wp-json\/wp\/v2\/pages\/2110","targetHints":{"allow":["GET"]}}],"collection":[{"href":"https:\/\/www.komtu.org\/es\/wp-json\/wp\/v2\/pages"}],"about":[{"href":"https:\/\/www.komtu.org\/es\/wp-json\/wp\/v2\/types\/page"}],"author":[{"embeddable":true,"href":"https:\/\/www.komtu.org\/es\/wp-json\/wp\/v2\/users\/2"}],"replies":[{"embeddable":true,"href":"https:\/\/www.komtu.org\/es\/wp-json\/wp\/v2\/comments?post=2110"}],"version-history":[{"count":12,"href":"https:\/\/www.komtu.org\/es\/wp-json\/wp\/v2\/pages\/2110\/revisions"}],"predecessor-version":[{"id":4169,"href":"https:\/\/www.komtu.org\/es\/wp-json\/wp\/v2\/pages\/2110\/revisions\/4169"}],"wp:featuredmedia":[{"embeddable":true,"href":"https:\/\/www.komtu.org\/es\/wp-json\/wp\/v2\/media\/2082"}],"wp:attachment":[{"href":"https:\/\/www.komtu.org\/es\/wp-json\/wp\/v2\/media?parent=2110"}],"curies":[{"name":"wp","href":"https:\/\/api.w.org\/{rel}","templated":true}]}}