{"id":2104,"date":"2022-04-28T12:30:45","date_gmt":"2022-04-28T10:30:45","guid":{"rendered":"https:\/\/www.komtu.org\/escola-fray-luis-de-leon\/"},"modified":"2023-11-20T10:23:56","modified_gmt":"2023-11-20T09:23:56","slug":"escuela-fray-luis-de-leon","status":"publish","type":"page","link":"https:\/\/www.komtu.org\/es\/escuela-fray-luis-de-leon\/","title":{"rendered":"ESCUELA FRAY LUIS DE LE\u00d3N"},"content":{"rendered":"<div class=\"wpb-content-wrapper\"><p>[vc_row unlock_row_content=\u00bbyes\u00bb row_height_percent=\u00bb0&#8243; override_padding=\u00bbyes\u00bb h_padding=\u00bb0&#8243; top_padding=\u00bb2&#8243; bottom_padding=\u00bb0&#8243; overlay_alpha=\u00bb50&#8243; gutter_size=\u00bb3&#8243; column_width_percent=\u00bb40&#8243; shift_y=\u00bb0&#8243; z_index=\u00bb0&#8243; uncode_shortcode_id=\u00bb117802&#8243;][vc_column column_width_percent=\u00bb0&#8243; gutter_size=\u00bb3&#8243; overlay_alpha=\u00bb50&#8243; shift_x=\u00bb0&#8243; shift_y=\u00bb0&#8243; shift_y_down=\u00bb0&#8243; z_index=\u00bb0&#8243; medium_width=\u00bb0&#8243; mobile_width=\u00bb0&#8243; width=\u00bb1\/1&#8243; uncode_shortcode_id=\u00bb122986&#8243;][vc_empty_space empty_h=\u00bb0&#8243;][\/vc_column][\/vc_row][vc_row unlock_row=\u00bb\u00bb row_height_percent=\u00bb0&#8243; override_padding=\u00bbyes\u00bb h_padding=\u00bb2&#8243; top_padding=\u00bb1&#8243; bottom_padding=\u00bb1&#8243; overlay_alpha=\u00bb50&#8243; gutter_size=\u00bb3&#8243; column_width_percent=\u00bb100&#8243; shift_y=\u00bb0&#8243; z_index=\u00bb0&#8243; uncode_shortcode_id=\u00bb141143&#8243; back_color_type=\u00bbuncode-solid\u00bb back_color_solid=\u00bb#ee7140&#8243;][vc_column column_width_percent=\u00bb100&#8243; gutter_size=\u00bb3&#8243; override_padding=\u00bbyes\u00bb column_padding=\u00bb2&#8243; overlay_alpha=\u00bb50&#8243; shift_x=\u00bb0&#8243; shift_y=\u00bb0&#8243; shift_y_down=\u00bb0&#8243; z_index=\u00bb0&#8243; medium_width=\u00bb0&#8243; mobile_width=\u00bb0&#8243; width=\u00bb1\/1&#8243; uncode_shortcode_id=\u00bb124918&#8243;][vc_column_text text_color=\u00bbcolor-xsdn\u00bb uncode_shortcode_id=\u00bb488469&#8243; text_color_type=\u00bbuncode-palette\u00bb]En la Escuela Fray Luis de Le\u00f3n entienden la escuela como un espacio de bienestar y aprendizaje donde conviven en armon\u00eda todas las personas que forman parte de la comunidad educativa y donde el di\u00e1logo es una herramienta imprescindible para construir un proyecto com\u00fan.<\/p>\n<p>Creen en una escuela donde la mirada hacia el alumnado sea de respeto y de acompa\u00f1amiento en su proceso de crecimiento. Consideran que la educaci\u00f3n emocional y los valores positivos: la paz, la solidaridad, la empat\u00eda y el conocimiento de los otros, tienen que impregnar todo el tiempo escolar. Adem\u00e1s, quieren que las ni\u00f1as y los ni\u00f1os tengan autonom\u00eda, curiosidad, iniciativa, capacidad de argumentaci\u00f3n y decisi\u00f3n.<\/p>\n<p>Su finalidad es que el alumnado sea feliz, velando por un ambiente de convivencia respetuoso y de confianza que les permita crecer como personas aut\u00f3nomas y conscientes de sus propias capacidades.[\/vc_column_text][\/vc_column][\/vc_row][vc_row unlock_row_content=\u00bbyes\u00bb row_height_percent=\u00bb0&#8243; override_padding=\u00bbyes\u00bb h_padding=\u00bb0&#8243; top_padding=\u00bb0&#8243; bottom_padding=\u00bb0&#8243; overlay_alpha=\u00bb50&#8243; gutter_size=\u00bb3&#8243; column_width_percent=\u00bb40&#8243; shift_y=\u00bb0&#8243; z_index=\u00bb0&#8243; uncode_shortcode_id=\u00bb104916&#8243;][vc_column column_width_percent=\u00bb0&#8243; gutter_size=\u00bb3&#8243; overlay_alpha=\u00bb50&#8243; shift_x=\u00bb0&#8243; shift_y=\u00bb0&#8243; shift_y_down=\u00bb0&#8243; z_index=\u00bb0&#8243; medium_width=\u00bb0&#8243; mobile_width=\u00bb0&#8243; width=\u00bb1\/1&#8243; uncode_shortcode_id=\u00bb122986&#8243;][vc_empty_space empty_h=\u00bb0&#8243;][\/vc_column][\/vc_row][vc_row row_height_percent=\u00bb0&#8243; overlay_alpha=\u00bb50&#8243; gutter_size=\u00bb3&#8243; column_width_percent=\u00bb100&#8243; shift_y=\u00bb0&#8243; z_index=\u00bb0&#8243;][vc_column width=\u00bb1\/1&#8243;][vc_row_inner][vc_column_inner width=\u00bb1\/3&#8243;][vc_icon position=\u00bbleft\u00bb space_reduced=\u00bbyes\u00bb icon=\u00bbfa fa-building\u00bb heading_semantic=\u00bbh6&#8243; text_size=\u00bb\u00bb text_lead=\u00bbsmall\u00bb link=\u00bb|||\u00bb title=\u00bbDirecci\u00f3n\u00bb uncode_shortcode_id=\u00bb344257&#8243; icon_color_type=\u00bbuncode-solid\u00bb icon_color_solid=\u00bb#ee7140&#8243;]<span style=\"color: #000000\">C\/ Sant Joaquim, 91,\u00a0Santa Coloma de Gramanet, Barcelona (08922)<\/span>[\/vc_icon][\/vc_column_inner][vc_column_inner width=\u00bb1\/3&#8243;][vc_icon position=\u00bbleft\u00bb space_reduced=\u00bbyes\u00bb icon=\u00bbfa fa-home2&#8243; heading_semantic=\u00bbh6&#8243; text_size=\u00bbh6&#8243; linked_title=\u00bbyes\u00bb text_lead=\u00bbsmall\u00bb title=\u00bbWeb\u00bb uncode_shortcode_id=\u00bb130249&#8243; icon_color_type=\u00bbuncode-solid\u00bb icon_color_solid=\u00bb#ee7140&#8243;]<a href=\"https:\/\/agora.xtec.cat\/ceip-fray-luis-leon\/\">Acceder<\/a>[\/vc_icon][\/vc_column_inner][vc_column_inner width=\u00bb1\/3&#8243;][\/vc_column_inner][\/vc_row_inner][\/vc_column][\/vc_row][vc_row][vc_column width=\u00bb1\/1&#8243;][vc_row_inner][vc_column_inner width=\u00bb1\/3&#8243;][vc_single_image media=\u00bb2009&#8243; media_lightbox=\u00bbyes\u00bb media_width_percent=\u00bb100&#8243; media_ratio=\u00bbone-one\u00bb uncode_shortcode_id=\u00bb576991&#8243;][\/vc_column_inner][vc_column_inner width=\u00bb2\/3&#8243;][vc_column_text uncode_shortcode_id=\u00bb108475&#8243;]<\/p>\n<blockquote><p><em>\u00ab<\/em><em>La escuela tiene que ser un entorno de bienestar y de cuidado emocional, y el programa Komt\u00fc ofrece el acompa\u00f1amiento integral, trabajando mayoritariamente con el personal docente, pero tambi\u00e9n con el no docente y las familias.<\/em><\/p>\n<p><em>Destacamos una frase que da sentido a nuestra tarea diaria: \u00abSi los adultos funcionan, los ni\u00f1os funcionan\u00bb, y el equipo Komt\u00fc, nos ofrece mejorar este concepto, creando red con el entorno. Este primer a\u00f1o, en el que hemos puesto en marcha todo lo relacionado con la mejora del trabajo de las emociones, hemos iniciado un largo camino, para poder valorar en qu\u00e9 punto estamos e ir construyendo estrategias y din\u00e1micas que garanticen el margen de mejora que tiene la escuela en todo lo referente a promover un entorno positivo de convivencia, de v\u00ednculo afectivo y de confianza.<\/em><\/p>\n<p><em>Siempre hemos tenido claro que nuestra mirada est\u00e1 dirigida hacia el alumnado y, por lo tanto, todo lo que est\u00e9 relacionado con esta premisa, es una oportunidad para una escuela como la nuestra, y en este sentido el proyecto Komt\u00fc, es una gran oportunidad para conseguirlo.<\/em><em>\u00bb<\/em><\/p>\n<p><strong>Equipo directivo de la Escuela Fray Luis de Le\u00f3n.<\/strong><\/p><\/blockquote>\n<p>[\/vc_column_text][\/vc_column_inner][\/vc_row_inner][vc_empty_space empty_h=\u00bb3&#8243;][\/vc_column][\/vc_row]<\/p>\n<\/div>","protected":false},"excerpt":{"rendered":"[vc_row unlock_row_content=\"yes\" row_height_percent=\"0\" override_padding=\"yes\" h_padding=\"0\" top_padding=\"2\" bottom_padding=\"0\" overlay_alpha=\"50\" gutter_size=\"3\" column_width_percent=\"40\" shift_y=\"0\" z_index=\"0\" uncode_shortcode_id=\"117802\"][vc_column column_width_percent=\"0\" gutter_size=\"3\" overlay_alpha=\"50\" shift_x=\"0\" shift_y=\"0\" shift_y_down=\"0\" z_index=\"0\" [...]","protected":false},"author":2,"featured_media":2024,"parent":0,"menu_order":0,"comment_status":"closed","ping_status":"closed","template":"","meta":{"footnotes":""},"class_list":["post-2104","page","type-page","status-publish","has-post-thumbnail","hentry","page_category-escuelas-komtu"],"yoast_head":"<!-- This site is optimized with the Yoast SEO plugin v27.4 - https:\/\/yoast.com\/product\/yoast-seo-wordpress\/ -->\n<title>ESCUELA FRAY LUIS DE LE\u00d3N - Komtu<\/title>\n<meta name=\"description\" content=\"En la Escuela Fray Luis de Le\u00f3n entienden la escuela como un espacio de bienestar y aprendizaje donde conviven en armon\u00eda todas las personas.\" \/>\n<meta name=\"robots\" content=\"index, follow, max-snippet:-1, max-image-preview:large, max-video-preview:-1\" \/>\n<link rel=\"canonical\" href=\"https:\/\/www.komtu.org\/es\/escuela-fray-luis-de-leon\/\" \/>\n<meta property=\"og:locale\" content=\"es_ES\" \/>\n<meta property=\"og:type\" content=\"article\" \/>\n<meta property=\"og:title\" content=\"ESCUELA FRAY LUIS DE LE\u00d3N - Komtu\" \/>\n<meta property=\"og:description\" content=\"En la Escuela Fray Luis de Le\u00f3n entienden la escuela como un espacio de bienestar y aprendizaje donde conviven en armon\u00eda todas las personas.\" \/>\n<meta property=\"og:url\" content=\"https:\/\/www.komtu.org\/es\/escuela-fray-luis-de-leon\/\" \/>\n<meta property=\"og:site_name\" content=\"Komtu\" \/>\n<meta property=\"article:modified_time\" content=\"2023-11-20T09:23:56+00:00\" \/>\n<meta property=\"og:image\" content=\"https:\/\/www.komtu.org\/wp-content\/uploads\/sites\/3\/2022\/04\/Banner_web-1-1.png\" \/>\n\t<meta property=\"og:image:width\" content=\"1920\" \/>\n\t<meta property=\"og:image:height\" content=\"1080\" \/>\n\t<meta property=\"og:image:type\" content=\"image\/png\" \/>\n<meta name=\"twitter:card\" content=\"summary_large_image\" \/>\n<meta name=\"twitter:label1\" content=\"Tiempo de lectura\" \/>\n\t<meta name=\"twitter:data1\" content=\"3 minutos\" \/>\n<script type=\"application\/ld+json\" class=\"yoast-schema-graph\">{\"@context\":\"https:\\\/\\\/schema.org\",\"@graph\":[{\"@type\":\"WebPage\",\"@id\":\"https:\\\/\\\/www.komtu.org\\\/es\\\/escuela-fray-luis-de-leon\\\/\",\"url\":\"https:\\\/\\\/www.komtu.org\\\/es\\\/escuela-fray-luis-de-leon\\\/\",\"name\":\"ESCUELA FRAY LUIS DE LE\u00d3N - Komtu\",\"isPartOf\":{\"@id\":\"https:\\\/\\\/www.komtu.org\\\/es\\\/#website\"},\"primaryImageOfPage\":{\"@id\":\"https:\\\/\\\/www.komtu.org\\\/es\\\/escuela-fray-luis-de-leon\\\/#primaryimage\"},\"image\":{\"@id\":\"https:\\\/\\\/www.komtu.org\\\/es\\\/escuela-fray-luis-de-leon\\\/#primaryimage\"},\"thumbnailUrl\":\"https:\\\/\\\/www.komtu.org\\\/wp-content\\\/uploads\\\/sites\\\/3\\\/2022\\\/04\\\/Banner_web-1-1.png\",\"datePublished\":\"2022-04-28T10:30:45+00:00\",\"dateModified\":\"2023-11-20T09:23:56+00:00\",\"description\":\"En la Escuela Fray Luis de Le\u00f3n entienden la escuela como un espacio de bienestar y aprendizaje donde conviven en armon\u00eda todas las personas.\",\"breadcrumb\":{\"@id\":\"https:\\\/\\\/www.komtu.org\\\/es\\\/escuela-fray-luis-de-leon\\\/#breadcrumb\"},\"inLanguage\":\"es\",\"potentialAction\":[{\"@type\":\"ReadAction\",\"target\":[\"https:\\\/\\\/www.komtu.org\\\/es\\\/escuela-fray-luis-de-leon\\\/\"]}]},{\"@type\":\"ImageObject\",\"inLanguage\":\"es\",\"@id\":\"https:\\\/\\\/www.komtu.org\\\/es\\\/escuela-fray-luis-de-leon\\\/#primaryimage\",\"url\":\"https:\\\/\\\/www.komtu.org\\\/wp-content\\\/uploads\\\/sites\\\/3\\\/2022\\\/04\\\/Banner_web-1-1.png\",\"contentUrl\":\"https:\\\/\\\/www.komtu.org\\\/wp-content\\\/uploads\\\/sites\\\/3\\\/2022\\\/04\\\/Banner_web-1-1.png\",\"width\":1920,\"height\":1080},{\"@type\":\"BreadcrumbList\",\"@id\":\"https:\\\/\\\/www.komtu.org\\\/es\\\/escuela-fray-luis-de-leon\\\/#breadcrumb\",\"itemListElement\":[{\"@type\":\"ListItem\",\"position\":1,\"name\":\"Portada\",\"item\":\"https:\\\/\\\/www.komtu.org\\\/es\\\/\"},{\"@type\":\"ListItem\",\"position\":2,\"name\":\"ESCUELA FRAY LUIS DE LE\u00d3N\"}]},{\"@type\":\"WebSite\",\"@id\":\"https:\\\/\\\/www.komtu.org\\\/es\\\/#website\",\"url\":\"https:\\\/\\\/www.komtu.org\\\/es\\\/\",\"name\":\"Komtu\",\"description\":\"Otro sitio m\u00e1s de Nous Cims sitios\",\"potentialAction\":[{\"@type\":\"SearchAction\",\"target\":{\"@type\":\"EntryPoint\",\"urlTemplate\":\"https:\\\/\\\/www.komtu.org\\\/es\\\/?s={search_term_string}\"},\"query-input\":{\"@type\":\"PropertyValueSpecification\",\"valueRequired\":true,\"valueName\":\"search_term_string\"}}],\"inLanguage\":\"es\"}]}<\/script>\n<!-- \/ Yoast SEO plugin. -->","yoast_head_json":{"title":"ESCUELA FRAY LUIS DE LE\u00d3N - Komtu","description":"En la Escuela Fray Luis de Le\u00f3n entienden la escuela como un espacio de bienestar y aprendizaje donde conviven en armon\u00eda todas las personas.","robots":{"index":"index","follow":"follow","max-snippet":"max-snippet:-1","max-image-preview":"max-image-preview:large","max-video-preview":"max-video-preview:-1"},"canonical":"https:\/\/www.komtu.org\/es\/escuela-fray-luis-de-leon\/","og_locale":"es_ES","og_type":"article","og_title":"ESCUELA FRAY LUIS DE LE\u00d3N - Komtu","og_description":"En la Escuela Fray Luis de Le\u00f3n entienden la escuela como un espacio de bienestar y aprendizaje donde conviven en armon\u00eda todas las personas.","og_url":"https:\/\/www.komtu.org\/es\/escuela-fray-luis-de-leon\/","og_site_name":"Komtu","article_modified_time":"2023-11-20T09:23:56+00:00","og_image":[{"width":1920,"height":1080,"url":"https:\/\/www.komtu.org\/wp-content\/uploads\/sites\/3\/2022\/04\/Banner_web-1-1.png","type":"image\/png"}],"twitter_card":"summary_large_image","twitter_misc":{"Tiempo de lectura":"3 minutos"},"schema":{"@context":"https:\/\/schema.org","@graph":[{"@type":"WebPage","@id":"https:\/\/www.komtu.org\/es\/escuela-fray-luis-de-leon\/","url":"https:\/\/www.komtu.org\/es\/escuela-fray-luis-de-leon\/","name":"ESCUELA FRAY LUIS DE LE\u00d3N - Komtu","isPartOf":{"@id":"https:\/\/www.komtu.org\/es\/#website"},"primaryImageOfPage":{"@id":"https:\/\/www.komtu.org\/es\/escuela-fray-luis-de-leon\/#primaryimage"},"image":{"@id":"https:\/\/www.komtu.org\/es\/escuela-fray-luis-de-leon\/#primaryimage"},"thumbnailUrl":"https:\/\/www.komtu.org\/wp-content\/uploads\/sites\/3\/2022\/04\/Banner_web-1-1.png","datePublished":"2022-04-28T10:30:45+00:00","dateModified":"2023-11-20T09:23:56+00:00","description":"En la Escuela Fray Luis de Le\u00f3n entienden la escuela como un espacio de bienestar y aprendizaje donde conviven en armon\u00eda todas las personas.","breadcrumb":{"@id":"https:\/\/www.komtu.org\/es\/escuela-fray-luis-de-leon\/#breadcrumb"},"inLanguage":"es","potentialAction":[{"@type":"ReadAction","target":["https:\/\/www.komtu.org\/es\/escuela-fray-luis-de-leon\/"]}]},{"@type":"ImageObject","inLanguage":"es","@id":"https:\/\/www.komtu.org\/es\/escuela-fray-luis-de-leon\/#primaryimage","url":"https:\/\/www.komtu.org\/wp-content\/uploads\/sites\/3\/2022\/04\/Banner_web-1-1.png","contentUrl":"https:\/\/www.komtu.org\/wp-content\/uploads\/sites\/3\/2022\/04\/Banner_web-1-1.png","width":1920,"height":1080},{"@type":"BreadcrumbList","@id":"https:\/\/www.komtu.org\/es\/escuela-fray-luis-de-leon\/#breadcrumb","itemListElement":[{"@type":"ListItem","position":1,"name":"Portada","item":"https:\/\/www.komtu.org\/es\/"},{"@type":"ListItem","position":2,"name":"ESCUELA FRAY LUIS DE LE\u00d3N"}]},{"@type":"WebSite","@id":"https:\/\/www.komtu.org\/es\/#website","url":"https:\/\/www.komtu.org\/es\/","name":"Komtu","description":"Otro sitio m\u00e1s de Nous Cims sitios","potentialAction":[{"@type":"SearchAction","target":{"@type":"EntryPoint","urlTemplate":"https:\/\/www.komtu.org\/es\/?s={search_term_string}"},"query-input":{"@type":"PropertyValueSpecification","valueRequired":true,"valueName":"search_term_string"}}],"inLanguage":"es"}]}},"_links":{"self":[{"href":"https:\/\/www.komtu.org\/es\/wp-json\/wp\/v2\/pages\/2104","targetHints":{"allow":["GET"]}}],"collection":[{"href":"https:\/\/www.komtu.org\/es\/wp-json\/wp\/v2\/pages"}],"about":[{"href":"https:\/\/www.komtu.org\/es\/wp-json\/wp\/v2\/types\/page"}],"author":[{"embeddable":true,"href":"https:\/\/www.komtu.org\/es\/wp-json\/wp\/v2\/users\/2"}],"replies":[{"embeddable":true,"href":"https:\/\/www.komtu.org\/es\/wp-json\/wp\/v2\/comments?post=2104"}],"version-history":[{"count":9,"href":"https:\/\/www.komtu.org\/es\/wp-json\/wp\/v2\/pages\/2104\/revisions"}],"predecessor-version":[{"id":4163,"href":"https:\/\/www.komtu.org\/es\/wp-json\/wp\/v2\/pages\/2104\/revisions\/4163"}],"wp:featuredmedia":[{"embeddable":true,"href":"https:\/\/www.komtu.org\/es\/wp-json\/wp\/v2\/media\/2024"}],"wp:attachment":[{"href":"https:\/\/www.komtu.org\/es\/wp-json\/wp\/v2\/media?parent=2104"}],"curies":[{"name":"wp","href":"https:\/\/api.w.org\/{rel}","templated":true}]}}