{"id":2091,"date":"2022-03-01T16:15:57","date_gmt":"2022-03-01T15:15:57","guid":{"rendered":"https:\/\/www.komtu.org\/escola-edumar\/"},"modified":"2023-11-20T10:22:17","modified_gmt":"2023-11-20T09:22:17","slug":"escuela-edumar","status":"publish","type":"page","link":"https:\/\/www.komtu.org\/es\/escuela-edumar\/","title":{"rendered":"ESCUELA EDUMAR"},"content":{"rendered":"<div class=\"wpb-content-wrapper\"><p>[vc_row unlock_row_content=\u00bbyes\u00bb row_height_percent=\u00bb0&#8243; override_padding=\u00bbyes\u00bb h_padding=\u00bb0&#8243; top_padding=\u00bb2&#8243; bottom_padding=\u00bb0&#8243; overlay_alpha=\u00bb50&#8243; gutter_size=\u00bb3&#8243; column_width_percent=\u00bb40&#8243; shift_y=\u00bb0&#8243; z_index=\u00bb0&#8243; uncode_shortcode_id=\u00bb117802&#8243;][vc_column column_width_percent=\u00bb0&#8243; gutter_size=\u00bb3&#8243; overlay_alpha=\u00bb50&#8243; shift_x=\u00bb0&#8243; shift_y=\u00bb0&#8243; shift_y_down=\u00bb0&#8243; z_index=\u00bb0&#8243; medium_width=\u00bb0&#8243; mobile_width=\u00bb0&#8243; width=\u00bb1\/1&#8243; uncode_shortcode_id=\u00bb122986&#8243;][vc_empty_space empty_h=\u00bb0&#8243;][\/vc_column][\/vc_row][vc_row unlock_row=\u00bb\u00bb row_height_percent=\u00bb0&#8243; override_padding=\u00bbyes\u00bb h_padding=\u00bb2&#8243; top_padding=\u00bb1&#8243; bottom_padding=\u00bb1&#8243; overlay_alpha=\u00bb50&#8243; gutter_size=\u00bb3&#8243; column_width_percent=\u00bb100&#8243; shift_y=\u00bb0&#8243; z_index=\u00bb0&#8243; uncode_shortcode_id=\u00bb141143&#8243; back_color_type=\u00bbuncode-solid\u00bb back_color_solid=\u00bb#ee7140&#8243;][vc_column column_width_percent=\u00bb100&#8243; gutter_size=\u00bb3&#8243; override_padding=\u00bbyes\u00bb column_padding=\u00bb2&#8243; overlay_alpha=\u00bb50&#8243; shift_x=\u00bb0&#8243; shift_y=\u00bb0&#8243; shift_y_down=\u00bb0&#8243; z_index=\u00bb0&#8243; medium_width=\u00bb0&#8243; mobile_width=\u00bb0&#8243; width=\u00bb1\/1&#8243; uncode_shortcode_id=\u00bb124918&#8243;][vc_column_text text_lead=\u00bbsmall\u00bb text_color=\u00bbcolor-xsdn\u00bb uncode_shortcode_id=\u00bb210462&#8243; text_color_type=\u00bbuncode-palette\u00bb]Escuela p\u00fablica que fomenta la autonom\u00eda personal y la responsabilidad del alumnado. Parte de una propuesta pedag\u00f3gica que tiene como finalidad la educaci\u00f3n integral del alumnado para convertirse en sujetos participativos y cr\u00edticos en una sociedad democr\u00e1tica, equitativa y plural.<\/p>\n<p>La atenci\u00f3n a la diversidad de sus alumnos y alumnas la contemplan bajo criterios de inclusi\u00f3n y coeducaci\u00f3n, de forma que el centro sea acogedor y un marco de convivencia para la comunidad educativa.<\/p>\n<p>El equipo de la Escuela Edumar est\u00e1 convencido de que los aspectos emocionales (motivaci\u00f3n, metas, expectativas, autoconcepto, autoestima) est\u00e1n \u00edntimamente ligados a las capacidades cognitivas. Quieren formar personas que sean capaces de adaptarse a los cambios y poder decidir su futuro.[\/vc_column_text][\/vc_column][\/vc_row][vc_row unlock_row_content=\u00bbyes\u00bb row_height_percent=\u00bb0&#8243; override_padding=\u00bbyes\u00bb h_padding=\u00bb0&#8243; top_padding=\u00bb0&#8243; bottom_padding=\u00bb0&#8243; overlay_alpha=\u00bb50&#8243; gutter_size=\u00bb3&#8243; column_width_percent=\u00bb40&#8243; shift_y=\u00bb0&#8243; z_index=\u00bb0&#8243; uncode_shortcode_id=\u00bb104916&#8243;][vc_column column_width_percent=\u00bb0&#8243; gutter_size=\u00bb3&#8243; overlay_alpha=\u00bb50&#8243; shift_x=\u00bb0&#8243; shift_y=\u00bb0&#8243; shift_y_down=\u00bb0&#8243; z_index=\u00bb0&#8243; medium_width=\u00bb0&#8243; mobile_width=\u00bb0&#8243; width=\u00bb1\/1&#8243; uncode_shortcode_id=\u00bb122986&#8243;][vc_empty_space empty_h=\u00bb0&#8243;][\/vc_column][\/vc_row][vc_row row_height_percent=\u00bb0&#8243; overlay_alpha=\u00bb50&#8243; gutter_size=\u00bb1&#8243; column_width_percent=\u00bb100&#8243; shift_y=\u00bb0&#8243; z_index=\u00bb0&#8243; uncode_shortcode_id=\u00bb630121&#8243;][vc_column column_width_percent=\u00bb100&#8243; gutter_size=\u00bb2&#8243; overlay_alpha=\u00bb50&#8243; shift_x=\u00bb0&#8243; shift_y=\u00bb0&#8243; shift_y_down=\u00bb0&#8243; z_index=\u00bb0&#8243; medium_width=\u00bb0&#8243; mobile_width=\u00bb0&#8243; width=\u00bb1\/1&#8243; uncode_shortcode_id=\u00bb229138&#8243;][vc_row_inner row_inner_height_percent=\u00bb0&#8243; overlay_alpha=\u00bb50&#8243; gutter_size=\u00bb1&#8243; shift_y=\u00bb0&#8243; z_index=\u00bb0&#8243; uncode_shortcode_id=\u00bb806190&#8243;][vc_column_inner width=\u00bb1\/3&#8243;][vc_icon position=\u00bbleft\u00bb space_reduced=\u00bbyes\u00bb icon=\u00bbfa fa-building\u00bb heading_semantic=\u00bbh6&#8243; text_size=\u00bb\u00bb text_lead=\u00bbsmall\u00bb link=\u00bb|||\u00bb title=\u00bbDirecci\u00f3n\u00bb uncode_shortcode_id=\u00bb141608&#8243; icon_color_type=\u00bbuncode-solid\u00bb icon_color_solid=\u00bb#ee7140&#8243;]<span style=\"color: #000000\"><span style=\"font-weight: 400\">C\/ Granada, 18, <\/span><span style=\"font-weight: 400\">08860 Castelldefels<\/span><\/span>[\/vc_icon][\/vc_column_inner][vc_column_inner width=\u00bb1\/3&#8243;][vc_icon position=\u00bbleft\u00bb space_reduced=\u00bbyes\u00bb icon=\u00bbfa fa-home2&#8243; heading_semantic=\u00bbh6&#8243; text_size=\u00bbh6&#8243; linked_title=\u00bbyes\u00bb text_lead=\u00bbsmall\u00bb title=\u00bbWeb\u00bb uncode_shortcode_id=\u00bb148320&#8243; icon_color_type=\u00bbuncode-solid\u00bb icon_color_solid=\u00bb#ee7140&#8243;]<a href=\"http:\/\/www.escolaedumar.org\/\">Acceder<\/a>[\/vc_icon][\/vc_column_inner][vc_column_inner width=\u00bb1\/3&#8243;][\/vc_column_inner][\/vc_row_inner][\/vc_column][\/vc_row][vc_row][vc_column width=\u00bb1\/1&#8243;][vc_row_inner][vc_column_inner width=\u00bb1\/3&#8243;][vc_single_image media=\u00bb1902&#8243; media_lightbox=\u00bbyes\u00bb media_width_percent=\u00bb100&#8243; media_ratio=\u00bbone-one\u00bb uncode_shortcode_id=\u00bb165499&#8243;][\/vc_column_inner][vc_column_inner width=\u00bb2\/3&#8243;][vc_column_text text_lead=\u00bbyes\u00bb uncode_shortcode_id=\u00bb855580&#8243;]<\/p>\n<blockquote><p><em>\u00ab<\/em><em>La Escuela Edumar ha tenido la posibilidad de formar parte de este grupo de escuelas que se benefician y participan del Proyecto Komt\u00fc.<\/em><\/p>\n<p><em>Para nosotros, el programa Komt\u00fc nos aporta aire fresco para darnos cuenta de la necesidad de cuidar toda la Comunidad Educativa, desde todos los \u00e1ngulos posibles, gracias a una mirada m\u00e1s humanizada y del todo necesaria para continuar con nuestro camino y nuestros retos, muy asesorados, y emocionalmente m\u00e1s acompa\u00f1ados<\/em><em>\u00bb<\/em><\/p>\n<p><strong>Equipo directivo de la Escuela Edumar.<\/strong><\/p><\/blockquote>\n<p>[\/vc_column_text][\/vc_column_inner][\/vc_row_inner][vc_empty_space empty_h=\u00bb1&#8243;][\/vc_column][\/vc_row][vc_row unlock_row_content=\u00bbyes\u00bb row_height_percent=\u00bb0&#8243; override_padding=\u00bbyes\u00bb h_padding=\u00bb3&#8243; top_padding=\u00bb2&#8243; bottom_padding=\u00bb2&#8243; overlay_alpha=\u00bb50&#8243; gutter_size=\u00bb1&#8243; column_width_percent=\u00bb80&#8243; shift_y=\u00bb0&#8243; z_index=\u00bb0&#8243; uncode_shortcode_id=\u00bb281974&#8243;][vc_column column_width_percent=\u00bb100&#8243; position_vertical=\u00bbmiddle\u00bb align_horizontal=\u00bbalign_center\u00bb gutter_size=\u00bb3&#8243; overlay_alpha=\u00bb50&#8243; shift_x=\u00bb0&#8243; shift_y=\u00bb0&#8243; shift_y_down=\u00bb0&#8243; z_index=\u00bb0&#8243; medium_width=\u00bb0&#8243; mobile_width=\u00bb0&#8243; width=\u00bb1\/2&#8243;][vc_empty_space empty_h=\u00bb0&#8243;][vc_custom_heading text_size=\u00bbh5&#8243; uncode_shortcode_id=\u00bb129590&#8243;]Escuela Edumar: Una escuela para todos, un proyecto para cada uno[\/vc_custom_heading][vc_empty_space empty_h=\u00bb2&#8243;][\/vc_column][vc_column column_width_percent=\u00bb100&#8243; gutter_size=\u00bb2&#8243; overlay_alpha=\u00bb50&#8243; shift_x=\u00bb0&#8243; shift_y=\u00bb0&#8243; shift_y_down=\u00bb0&#8243; z_index=\u00bb0&#8243; medium_width=\u00bb0&#8243; mobile_width=\u00bb0&#8243; width=\u00bb1\/2&#8243; uncode_shortcode_id=\u00bb546607&#8243;][vc_row_inner][vc_column_inner width=\u00bb1\/1&#8243;][vc_raw_html]PGlmcmFtZSB0aXRsZT0iWW91VHViZSB2aWRlbyBwbGF5ZXIiIHNyYz0iaHR0cHM6Ly93d3cueW91dHViZS5jb20vZW1iZWQvQzNRLUFyd2laSjQiIHdpZHRoPSI1NjAiIGhlaWdodD0iMzE1IiBmcmFtZWJvcmRlcj0iMCIgYWxsb3dmdWxsc2NyZWVuPSJhbGxvd2Z1bGxzY3JlZW4iPjwvaWZyYW1lPg==[\/vc_raw_html][\/vc_column_inner][\/vc_row_inner][\/vc_column][\/vc_row]<\/p>\n<\/div>","protected":false},"excerpt":{"rendered":"[vc_row unlock_row_content=\"yes\" row_height_percent=\"0\" override_padding=\"yes\" h_padding=\"0\" top_padding=\"2\" bottom_padding=\"0\" overlay_alpha=\"50\" gutter_size=\"3\" column_width_percent=\"40\" shift_y=\"0\" z_index=\"0\" uncode_shortcode_id=\"117802\"][vc_column column_width_percent=\"0\" gutter_size=\"3\" overlay_alpha=\"50\" shift_x=\"0\" shift_y=\"0\" shift_y_down=\"0\" z_index=\"0\" [...]","protected":false},"author":2,"featured_media":1908,"parent":0,"menu_order":0,"comment_status":"closed","ping_status":"closed","template":"","meta":{"footnotes":""},"class_list":["post-2091","page","type-page","status-publish","has-post-thumbnail","hentry","page_category-escuelas-komtu"],"yoast_head":"<!-- This site is optimized with the Yoast SEO plugin v27.4 - https:\/\/yoast.com\/product\/yoast-seo-wordpress\/ -->\n<title>ESCUELA EDUMAR - Komtu<\/title>\n<meta name=\"description\" content=\"La Escuela Edumar es una escuela p\u00fablica que fomenta la autonom\u00eda personal y la responsabilidad del alumnado.\" \/>\n<meta name=\"robots\" content=\"index, follow, max-snippet:-1, max-image-preview:large, max-video-preview:-1\" \/>\n<link rel=\"canonical\" href=\"https:\/\/www.komtu.org\/es\/escuela-edumar\/\" \/>\n<meta property=\"og:locale\" content=\"es_ES\" \/>\n<meta property=\"og:type\" content=\"article\" \/>\n<meta property=\"og:title\" content=\"ESCUELA EDUMAR - Komtu\" \/>\n<meta property=\"og:description\" content=\"La Escuela Edumar es una escuela p\u00fablica que fomenta la autonom\u00eda personal y la responsabilidad del alumnado.\" \/>\n<meta property=\"og:url\" content=\"https:\/\/www.komtu.org\/es\/escuela-edumar\/\" \/>\n<meta property=\"og:site_name\" content=\"Komtu\" \/>\n<meta property=\"article:modified_time\" content=\"2023-11-20T09:22:17+00:00\" \/>\n<meta property=\"og:image\" content=\"https:\/\/www.komtu.org\/wp-content\/uploads\/sites\/3\/2022\/03\/FOTO-EDUMAR.jpeg\" \/>\n\t<meta property=\"og:image:width\" content=\"1080\" \/>\n\t<meta property=\"og:image:height\" content=\"626\" \/>\n\t<meta property=\"og:image:type\" content=\"image\/jpeg\" \/>\n<meta name=\"twitter:card\" content=\"summary_large_image\" \/>\n<meta name=\"twitter:label1\" content=\"Tiempo de lectura\" \/>\n\t<meta name=\"twitter:data1\" content=\"2 minutos\" \/>\n<script type=\"application\/ld+json\" class=\"yoast-schema-graph\">{\"@context\":\"https:\\\/\\\/schema.org\",\"@graph\":[{\"@type\":\"WebPage\",\"@id\":\"https:\\\/\\\/www.komtu.org\\\/es\\\/escuela-edumar\\\/\",\"url\":\"https:\\\/\\\/www.komtu.org\\\/es\\\/escuela-edumar\\\/\",\"name\":\"ESCUELA EDUMAR - Komtu\",\"isPartOf\":{\"@id\":\"https:\\\/\\\/www.komtu.org\\\/es\\\/#website\"},\"primaryImageOfPage\":{\"@id\":\"https:\\\/\\\/www.komtu.org\\\/es\\\/escuela-edumar\\\/#primaryimage\"},\"image\":{\"@id\":\"https:\\\/\\\/www.komtu.org\\\/es\\\/escuela-edumar\\\/#primaryimage\"},\"thumbnailUrl\":\"https:\\\/\\\/www.komtu.org\\\/wp-content\\\/uploads\\\/sites\\\/3\\\/2022\\\/03\\\/FOTO-EDUMAR.jpeg\",\"datePublished\":\"2022-03-01T15:15:57+00:00\",\"dateModified\":\"2023-11-20T09:22:17+00:00\",\"description\":\"La Escuela Edumar es una escuela p\u00fablica que fomenta la autonom\u00eda personal y la responsabilidad del alumnado.\",\"breadcrumb\":{\"@id\":\"https:\\\/\\\/www.komtu.org\\\/es\\\/escuela-edumar\\\/#breadcrumb\"},\"inLanguage\":\"es\",\"potentialAction\":[{\"@type\":\"ReadAction\",\"target\":[\"https:\\\/\\\/www.komtu.org\\\/es\\\/escuela-edumar\\\/\"]}]},{\"@type\":\"ImageObject\",\"inLanguage\":\"es\",\"@id\":\"https:\\\/\\\/www.komtu.org\\\/es\\\/escuela-edumar\\\/#primaryimage\",\"url\":\"https:\\\/\\\/www.komtu.org\\\/wp-content\\\/uploads\\\/sites\\\/3\\\/2022\\\/03\\\/FOTO-EDUMAR.jpeg\",\"contentUrl\":\"https:\\\/\\\/www.komtu.org\\\/wp-content\\\/uploads\\\/sites\\\/3\\\/2022\\\/03\\\/FOTO-EDUMAR.jpeg\",\"width\":1080,\"height\":626,\"caption\":\"Escola Edumar\"},{\"@type\":\"BreadcrumbList\",\"@id\":\"https:\\\/\\\/www.komtu.org\\\/es\\\/escuela-edumar\\\/#breadcrumb\",\"itemListElement\":[{\"@type\":\"ListItem\",\"position\":1,\"name\":\"Portada\",\"item\":\"https:\\\/\\\/www.komtu.org\\\/es\\\/\"},{\"@type\":\"ListItem\",\"position\":2,\"name\":\"ESCUELA EDUMAR\"}]},{\"@type\":\"WebSite\",\"@id\":\"https:\\\/\\\/www.komtu.org\\\/es\\\/#website\",\"url\":\"https:\\\/\\\/www.komtu.org\\\/es\\\/\",\"name\":\"Komtu\",\"description\":\"Otro sitio m\u00e1s de Nous Cims sitios\",\"potentialAction\":[{\"@type\":\"SearchAction\",\"target\":{\"@type\":\"EntryPoint\",\"urlTemplate\":\"https:\\\/\\\/www.komtu.org\\\/es\\\/?s={search_term_string}\"},\"query-input\":{\"@type\":\"PropertyValueSpecification\",\"valueRequired\":true,\"valueName\":\"search_term_string\"}}],\"inLanguage\":\"es\"}]}<\/script>\n<!-- \/ Yoast SEO plugin. -->","yoast_head_json":{"title":"ESCUELA EDUMAR - Komtu","description":"La Escuela Edumar es una escuela p\u00fablica que fomenta la autonom\u00eda personal y la responsabilidad del alumnado.","robots":{"index":"index","follow":"follow","max-snippet":"max-snippet:-1","max-image-preview":"max-image-preview:large","max-video-preview":"max-video-preview:-1"},"canonical":"https:\/\/www.komtu.org\/es\/escuela-edumar\/","og_locale":"es_ES","og_type":"article","og_title":"ESCUELA EDUMAR - Komtu","og_description":"La Escuela Edumar es una escuela p\u00fablica que fomenta la autonom\u00eda personal y la responsabilidad del alumnado.","og_url":"https:\/\/www.komtu.org\/es\/escuela-edumar\/","og_site_name":"Komtu","article_modified_time":"2023-11-20T09:22:17+00:00","og_image":[{"width":1080,"height":626,"url":"https:\/\/www.komtu.org\/wp-content\/uploads\/sites\/3\/2022\/03\/FOTO-EDUMAR.jpeg","type":"image\/jpeg"}],"twitter_card":"summary_large_image","twitter_misc":{"Tiempo de lectura":"2 minutos"},"schema":{"@context":"https:\/\/schema.org","@graph":[{"@type":"WebPage","@id":"https:\/\/www.komtu.org\/es\/escuela-edumar\/","url":"https:\/\/www.komtu.org\/es\/escuela-edumar\/","name":"ESCUELA EDUMAR - Komtu","isPartOf":{"@id":"https:\/\/www.komtu.org\/es\/#website"},"primaryImageOfPage":{"@id":"https:\/\/www.komtu.org\/es\/escuela-edumar\/#primaryimage"},"image":{"@id":"https:\/\/www.komtu.org\/es\/escuela-edumar\/#primaryimage"},"thumbnailUrl":"https:\/\/www.komtu.org\/wp-content\/uploads\/sites\/3\/2022\/03\/FOTO-EDUMAR.jpeg","datePublished":"2022-03-01T15:15:57+00:00","dateModified":"2023-11-20T09:22:17+00:00","description":"La Escuela Edumar es una escuela p\u00fablica que fomenta la autonom\u00eda personal y la responsabilidad del alumnado.","breadcrumb":{"@id":"https:\/\/www.komtu.org\/es\/escuela-edumar\/#breadcrumb"},"inLanguage":"es","potentialAction":[{"@type":"ReadAction","target":["https:\/\/www.komtu.org\/es\/escuela-edumar\/"]}]},{"@type":"ImageObject","inLanguage":"es","@id":"https:\/\/www.komtu.org\/es\/escuela-edumar\/#primaryimage","url":"https:\/\/www.komtu.org\/wp-content\/uploads\/sites\/3\/2022\/03\/FOTO-EDUMAR.jpeg","contentUrl":"https:\/\/www.komtu.org\/wp-content\/uploads\/sites\/3\/2022\/03\/FOTO-EDUMAR.jpeg","width":1080,"height":626,"caption":"Escola Edumar"},{"@type":"BreadcrumbList","@id":"https:\/\/www.komtu.org\/es\/escuela-edumar\/#breadcrumb","itemListElement":[{"@type":"ListItem","position":1,"name":"Portada","item":"https:\/\/www.komtu.org\/es\/"},{"@type":"ListItem","position":2,"name":"ESCUELA EDUMAR"}]},{"@type":"WebSite","@id":"https:\/\/www.komtu.org\/es\/#website","url":"https:\/\/www.komtu.org\/es\/","name":"Komtu","description":"Otro sitio m\u00e1s de Nous Cims sitios","potentialAction":[{"@type":"SearchAction","target":{"@type":"EntryPoint","urlTemplate":"https:\/\/www.komtu.org\/es\/?s={search_term_string}"},"query-input":{"@type":"PropertyValueSpecification","valueRequired":true,"valueName":"search_term_string"}}],"inLanguage":"es"}]}},"_links":{"self":[{"href":"https:\/\/www.komtu.org\/es\/wp-json\/wp\/v2\/pages\/2091","targetHints":{"allow":["GET"]}}],"collection":[{"href":"https:\/\/www.komtu.org\/es\/wp-json\/wp\/v2\/pages"}],"about":[{"href":"https:\/\/www.komtu.org\/es\/wp-json\/wp\/v2\/types\/page"}],"author":[{"embeddable":true,"href":"https:\/\/www.komtu.org\/es\/wp-json\/wp\/v2\/users\/2"}],"replies":[{"embeddable":true,"href":"https:\/\/www.komtu.org\/es\/wp-json\/wp\/v2\/comments?post=2091"}],"version-history":[{"count":10,"href":"https:\/\/www.komtu.org\/es\/wp-json\/wp\/v2\/pages\/2091\/revisions"}],"predecessor-version":[{"id":4160,"href":"https:\/\/www.komtu.org\/es\/wp-json\/wp\/v2\/pages\/2091\/revisions\/4160"}],"wp:featuredmedia":[{"embeddable":true,"href":"https:\/\/www.komtu.org\/es\/wp-json\/wp\/v2\/media\/1908"}],"wp:attachment":[{"href":"https:\/\/www.komtu.org\/es\/wp-json\/wp\/v2\/media?parent=2091"}],"curies":[{"name":"wp","href":"https:\/\/api.w.org\/{rel}","templated":true}]}}